{"id":2786,"date":"2018-03-28T14:38:13","date_gmt":"2018-03-28T18:38:13","guid":{"rendered":"https:\/\/arduxop.com.br\/loja\/?post_type=product&#038;p=2786"},"modified":"2024-07-25T07:56:05","modified_gmt":"2024-07-25T11:56:05","slug":"programador-stm32","status":"publish","type":"product","link":"https:\/\/arduxop.com.br\/loja\/produto\/programador-stm32\/","title":{"rendered":"Programador Stm32"},"content":{"rendered":"<article class=\"product-view\">\n<div class=\"grid-container-spaced\">\n<div id=\"horizontalTab\" class=\"r-tabs\">\n<div id=\"tab-1\" class=\"r-tabs-panel r-tabs-state-active\">\n<p class=\"content\">Este programador ST-LINK\/V2 permite voc\u00ea fazer upload, gravar \/ depurar programas (entre outras fun\u00e7\u00f5es) em microcontroladores da fam\u00edlia STM8 e STM32, com alto desempenho e excelente custo benef\u00edcio para estudantes, hobbystas e profissionais iniciantes da \u00e1rea de programa\u00e7\u00e3o de microcontroladores.<\/p>\n<p>O Gravador Programador ST LINK V2 STM8 STM32 MCU \u00e9\u00a0totalmente compat\u00edvel com a vers\u00e3o oficial.<\/p>\n<pre class=\"content\"><br><\/pre>\n<p><strong>Especifica\u00e7\u00f5es:<\/strong><\/p>\n<ul>\n<li>PCB instalado dentro de\u00a0\u00a0<strong>alum\u00ednio liga U disco\u00a0<\/strong>\u00a0<strong>shell<\/strong>\u00a0, port\u00e1til, seguro e confi\u00e1vel!<\/li>\n<li><strong>Defini\u00e7\u00e3o de interface<\/strong>\u00a0\u00a0diretamente marcada no shell, clara, conveniente e pr\u00e1tica!<\/li>\n<li>5V, 3.3V oferece ao mesmo tempo, permitindo que voc\u00ea programe sua placa alvo com 5V e 3.3V<\/li>\n<li>Caracteres de shell usando gravura a laser, nunca desaparecem!\u00a0Claridade permanente!<\/li>\n<li><strong>Fus\u00edvel reinicializ\u00e1vel interno 500MA,<\/strong>\u00a0\u00a0prote\u00e7\u00e3o completa da sua placa-m\u00e3e de computador cara!<\/li>\n<li><strong>Indicador LED de cor vermelha e azul<\/strong>\u00a0, permitindo que voc\u00ea observe sempre a condi\u00e7\u00e3o de trabalho do ST-LINK V2!<\/li>\n<li>Com 4 linhas DuPont, ent\u00e3o voc\u00ea pode responder facilmente \u00e0 ordem de linha do alvo diferente!<\/li>\n<\/ul>\n<\/div>\n<\/div>\n<\/div>\n<\/article>\n<section class=\"main container\">\n<div class=\"postscript grid-full in-col1\"><\/div>\n<\/section>\n","protected":false},"excerpt":{"rendered":"<p class=\"item-title__primary \">Programador Stm32 Stm8 Stlink St Link V2<\/p>\n","protected":false},"featured_media":2789,"template":"","meta":[],"product_brand":[],"product_cat":[49],"product_tag":[],"class_list":{"0":"post-2786","1":"product","2":"type-product","3":"status-publish","4":"has-post-thumbnail","6":"product_cat-microprocessadores","8":"entry","9":"has-media","11":"first","12":"instock","13":"shipping-taxable","14":"purchasable","15":"product-type-simple","16":"has-product-nav","17":"col","18":"span_1_of_3","19":"owp-content-center","20":"owp-thumbs-layout-horizontal","21":"owp-btn-normal","22":"owp-tabs-layout-horizontal"},"_links":{"self":[{"href":"https:\/\/arduxop.com.br\/loja\/wp-json\/wp\/v2\/product\/2786","targetHints":{"allow":["GET"]}}],"collection":[{"href":"https:\/\/arduxop.com.br\/loja\/wp-json\/wp\/v2\/product"}],"about":[{"href":"https:\/\/arduxop.com.br\/loja\/wp-json\/wp\/v2\/types\/product"}],"wp:featuredmedia":[{"embeddable":true,"href":"https:\/\/arduxop.com.br\/loja\/wp-json\/wp\/v2\/media\/2789"}],"wp:attachment":[{"href":"https:\/\/arduxop.com.br\/loja\/wp-json\/wp\/v2\/media?parent=2786"}],"wp:term":[{"taxonomy":"product_brand","embeddable":true,"href":"https:\/\/arduxop.com.br\/loja\/wp-json\/wp\/v2\/product_brand?post=2786"},{"taxonomy":"product_cat","embeddable":true,"href":"https:\/\/arduxop.com.br\/loja\/wp-json\/wp\/v2\/product_cat?post=2786"},{"taxonomy":"product_tag","embeddable":true,"href":"https:\/\/arduxop.com.br\/loja\/wp-json\/wp\/v2\/product_tag?post=2786"}],"curies":[{"name":"wp","href":"https:\/\/api.w.org\/{rel}","templated":true}]}}