{"id":2777,"date":"2018-03-23T08:55:47","date_gmt":"2018-03-23T12:55:47","guid":{"rendered":"https:\/\/arduxop.com.br\/loja\/?post_type=product&#038;p=2777"},"modified":"2024-07-25T07:56:05","modified_gmt":"2024-07-25T11:56:05","slug":"sensor-reflexivo-infravermelho","status":"publish","type":"product","link":"https:\/\/arduxop.com.br\/loja\/produto\/sensor-reflexivo-infravermelho\/","title":{"rendered":"Sensor Reflexivo Infravermelho"},"content":{"rendered":"<p>Dist\u00e2ncia de detec\u00e7\u00e3o ajust\u00e1vel<\/p>\n<p>Pode acionar um rel\u00e9 5V diretamente, sem necessidade de Arduino<\/p>\n<p>ATEN\u00c7\u00c3O NA CONEX\u00c3O<\/p>\n<p>Marrom = 5V<br \/>Azul = GND<br \/>Preto = Sa\u00edda digital (LOW* = objeto detectado)<\/p>\n<p>* O LED do sensor acende com LOW\/objeto detectado<\/p>\n<p>Range 3-80cm (ajust\u00e1vel)<\/p>\n<p>Drive current: 100mA<\/p>\n<p>Comprimento do cabo: 60cm<\/p>\n","protected":false},"excerpt":{"rendered":"<p>Sensor Reflexivo Infravermelho Dist\u00e2ncia Ajust\u00e1vel<\/p>\n","protected":false},"featured_media":2776,"template":"","meta":[],"product_brand":[],"product_cat":[178],"product_tag":[],"class_list":{"0":"post-2777","1":"product","2":"type-product","3":"status-publish","4":"has-post-thumbnail","6":"product_cat-sensores","8":"entry","9":"has-media","11":"first","12":"instock","13":"shipping-taxable","14":"purchasable","15":"product-type-simple","16":"has-product-nav","17":"col","18":"span_1_of_3","19":"owp-content-center","20":"owp-thumbs-layout-horizontal","21":"owp-btn-normal","22":"owp-tabs-layout-horizontal"},"_links":{"self":[{"href":"https:\/\/arduxop.com.br\/loja\/wp-json\/wp\/v2\/product\/2777","targetHints":{"allow":["GET"]}}],"collection":[{"href":"https:\/\/arduxop.com.br\/loja\/wp-json\/wp\/v2\/product"}],"about":[{"href":"https:\/\/arduxop.com.br\/loja\/wp-json\/wp\/v2\/types\/product"}],"wp:featuredmedia":[{"embeddable":true,"href":"https:\/\/arduxop.com.br\/loja\/wp-json\/wp\/v2\/media\/2776"}],"wp:attachment":[{"href":"https:\/\/arduxop.com.br\/loja\/wp-json\/wp\/v2\/media?parent=2777"}],"wp:term":[{"taxonomy":"product_brand","embeddable":true,"href":"https:\/\/arduxop.com.br\/loja\/wp-json\/wp\/v2\/product_brand?post=2777"},{"taxonomy":"product_cat","embeddable":true,"href":"https:\/\/arduxop.com.br\/loja\/wp-json\/wp\/v2\/product_cat?post=2777"},{"taxonomy":"product_tag","embeddable":true,"href":"https:\/\/arduxop.com.br\/loja\/wp-json\/wp\/v2\/product_tag?post=2777"}],"curies":[{"name":"wp","href":"https:\/\/api.w.org\/{rel}","templated":true}]}}