{"id":2711,"date":"2018-03-09T10:28:57","date_gmt":"2018-03-09T13:28:57","guid":{"rendered":"https:\/\/arduxop.com.br\/loja\/?post_type=product&#038;p=2711"},"modified":"2025-10-20T14:14:04","modified_gmt":"2025-10-20T18:14:04","slug":"gravador-attiny85","status":"publish","type":"product","link":"https:\/\/arduxop.com.br\/loja\/produto\/gravador-attiny85\/","title":{"rendered":"Gravador Attiny85"},"content":{"rendered":"<p>Placa totalmente independente e n\u00e3o precisa de uma placa Arduino. Voc\u00ea pode desenvolver seus projetos diretamente na mesma, basta conecta-la a uma porta USB do seu computador.<br \/>\nPlaca para desenvolvimento plug\u00e1vel dos microcontroladores attiny13a \/ attiny25 \/ attiny45 \/ attiny85 com Micro USB.<\/p>\n<p>Veja o datasheet de cada microcontrolador e suas capacidades.<\/p>\n<p><strong>Caracteristicas:<\/strong><br \/>\nTamanho: 28x18mm<br \/>\nConector: Micro usb<br \/>\nAcompanha: Placa sem microcontrolador e 8 pinos headers<\/p>\n<p><strong>Aten\u00e7\u00e3o: N\u00e3o acompanha cabo para comunica\u00e7\u00e3o e nem microcontrolador.<\/strong><\/p>\n<p>&nbsp;<\/p>\n<p>&nbsp;<\/p>\n","protected":false},"excerpt":{"rendered":"<p>Gravador -arduino Digispark Attiny85 Tiny Microusb<\/p>\n","protected":false},"featured_media":2712,"template":"","meta":[],"product_brand":[],"product_cat":[49],"product_tag":[],"class_list":{"0":"post-2711","1":"product","2":"type-product","3":"status-publish","4":"has-post-thumbnail","6":"product_cat-microprocessadores","8":"entry","9":"has-media","11":"first","12":"instock","13":"shipping-taxable","14":"purchasable","15":"product-type-simple","16":"has-product-nav","17":"col","18":"span_1_of_3","19":"owp-content-center","20":"owp-thumbs-layout-horizontal","21":"owp-btn-normal","22":"owp-tabs-layout-horizontal","23":"has-no-thumbnails"},"_links":{"self":[{"href":"https:\/\/arduxop.com.br\/loja\/wp-json\/wp\/v2\/product\/2711","targetHints":{"allow":["GET"]}}],"collection":[{"href":"https:\/\/arduxop.com.br\/loja\/wp-json\/wp\/v2\/product"}],"about":[{"href":"https:\/\/arduxop.com.br\/loja\/wp-json\/wp\/v2\/types\/product"}],"wp:featuredmedia":[{"embeddable":true,"href":"https:\/\/arduxop.com.br\/loja\/wp-json\/wp\/v2\/media\/2712"}],"wp:attachment":[{"href":"https:\/\/arduxop.com.br\/loja\/wp-json\/wp\/v2\/media?parent=2711"}],"wp:term":[{"taxonomy":"product_brand","embeddable":true,"href":"https:\/\/arduxop.com.br\/loja\/wp-json\/wp\/v2\/product_brand?post=2711"},{"taxonomy":"product_cat","embeddable":true,"href":"https:\/\/arduxop.com.br\/loja\/wp-json\/wp\/v2\/product_cat?post=2711"},{"taxonomy":"product_tag","embeddable":true,"href":"https:\/\/arduxop.com.br\/loja\/wp-json\/wp\/v2\/product_tag?post=2711"}],"curies":[{"name":"wp","href":"https:\/\/api.w.org\/{rel}","templated":true}]}}