{"id":2701,"date":"2018-03-09T09:09:25","date_gmt":"2018-03-09T13:09:25","guid":{"rendered":"https:\/\/arduxop.com.br\/loja\/?post_type=product&#038;p=2701"},"modified":"2024-07-25T07:56:10","modified_gmt":"2024-07-25T11:56:10","slug":"regulador-de-tensao-3-3v","status":"publish","type":"product","link":"https:\/\/arduxop.com.br\/loja\/produto\/regulador-de-tensao-3-3v\/","title":{"rendered":"Regulador De Tens\u00e3o 3.3v"},"content":{"rendered":"<p>M\u00f3dulo regulador de tens\u00e3o de 5V para 3.3V AMS1117<br \/>Com este m\u00f3dulo voc\u00ea poder\u00e1 alimentar circuitos de 3.3V apartir de 5V, como alguns m\u00f3dulos e circuitos integrados que utilizam 3.3V, mas nem sempre temos esta tens\u00e3o. Quando estamos usando a porta USB por exemplo temos 5V, ent\u00e3o se precisamos de 3.3V, basta usar este m\u00f3dulo, conectando 5V na entrada, o GND e retirando 3.3V.<br \/>Ideal para circuitos com Arduino e PIC.<br \/>Caracter\u00edsticas:<br \/>Circuito integrado regulador: AMS1117<br \/>Corrente m\u00e1xima de sa\u00edda: 1A<br \/>Precis\u00e3o sem carga: 0,2%<br \/>Precis\u00e3o com carga: 0,4%<br \/>Tens\u00e3o de entrada: 4.5V ~ 7V<br \/>Dimens\u00e3o: 25mm x 11mm x12mm<br \/>Peso: 2g<\/p>\n","protected":false},"excerpt":{"rendered":"<p class=\"item-title__primary \">Regulador De Tens\u00e3o 3.3v Ams1117 Lm1117 Para Esp8266<\/p>\n","protected":false},"featured_media":2703,"template":"","meta":[],"product_brand":[],"product_cat":[194],"product_tag":[],"class_list":{"0":"post-2701","1":"product","2":"type-product","3":"status-publish","4":"has-post-thumbnail","6":"product_cat-reguladores-de-tensao","8":"entry","9":"has-media","11":"first","12":"instock","13":"shipping-taxable","14":"purchasable","15":"product-type-simple","16":"has-product-nav","17":"col","18":"span_1_of_3","19":"owp-content-center","20":"owp-thumbs-layout-horizontal","21":"owp-btn-normal","22":"owp-tabs-layout-horizontal"},"_links":{"self":[{"href":"https:\/\/arduxop.com.br\/loja\/wp-json\/wp\/v2\/product\/2701","targetHints":{"allow":["GET"]}}],"collection":[{"href":"https:\/\/arduxop.com.br\/loja\/wp-json\/wp\/v2\/product"}],"about":[{"href":"https:\/\/arduxop.com.br\/loja\/wp-json\/wp\/v2\/types\/product"}],"wp:featuredmedia":[{"embeddable":true,"href":"https:\/\/arduxop.com.br\/loja\/wp-json\/wp\/v2\/media\/2703"}],"wp:attachment":[{"href":"https:\/\/arduxop.com.br\/loja\/wp-json\/wp\/v2\/media?parent=2701"}],"wp:term":[{"taxonomy":"product_brand","embeddable":true,"href":"https:\/\/arduxop.com.br\/loja\/wp-json\/wp\/v2\/product_brand?post=2701"},{"taxonomy":"product_cat","embeddable":true,"href":"https:\/\/arduxop.com.br\/loja\/wp-json\/wp\/v2\/product_cat?post=2701"},{"taxonomy":"product_tag","embeddable":true,"href":"https:\/\/arduxop.com.br\/loja\/wp-json\/wp\/v2\/product_tag?post=2701"}],"curies":[{"name":"wp","href":"https:\/\/api.w.org\/{rel}","templated":true}]}}