{"id":2693,"date":"2018-03-09T09:54:32","date_gmt":"2018-03-09T12:54:32","guid":{"rendered":"https:\/\/arduxop.com.br\/loja\/?post_type=product&#038;p=2693"},"modified":"2024-07-25T07:56:09","modified_gmt":"2024-07-25T11:56:09","slug":"regulador-step-up-usb-0-9-5v-p-5v-max-600ma-0026","status":"publish","type":"product","link":"https:\/\/arduxop.com.br\/loja\/produto\/regulador-step-up-usb-0-9-5v-p-5v-max-600ma-0026\/","title":{"rendered":"Regulador Step Up"},"content":{"rendered":"<p>Chip controlador PFM DC \/ DC, em PCB com tamanho ultra compacto pode ser instalado em uma variedade de equipamentos pequenos.<\/p>\n<p>Tens\u00e3o de entrada: 0.9 v-5 v DC<br \/>\nTens\u00e3o de saida estavel 5v<br \/>\ntransfer\u00eancia efficiency:96%(max)<br \/>\nporta USB f\u00eamea<br \/>\ncom luz indicadora de funcionamento<br \/>\nAo usar duas AA bateria para alimenta\u00e7\u00e3o, corrente de sa\u00edda pode ser at\u00e9 200 ~ 300mA,<\/p>\n<p>Especifica\u00e7\u00f5es:<br \/>\ntamanho: 34 x 15 x 7 mm<br \/>\npeso l\u00edquido: 4 g<\/p>\n","protected":false},"excerpt":{"rendered":"<p class=\"item-title__primary \">Regulador Step Up Usb 0.9-5v P\/ 5v Max 600ma<\/p>\n","protected":false},"featured_media":2697,"template":"","meta":[],"product_brand":[],"product_cat":[627,185,194],"product_tag":[],"class_list":{"0":"post-2693","1":"product","2":"type-product","3":"status-publish","4":"has-post-thumbnail","6":"product_cat-conversores-de-tensao","7":"product_cat-fontes","8":"product_cat-reguladores-de-tensao","10":"entry","11":"has-media","13":"first","14":"instock","15":"shipping-taxable","16":"purchasable","17":"product-type-simple","18":"has-product-nav","19":"col","20":"span_1_of_3","21":"owp-content-center","22":"owp-thumbs-layout-horizontal","23":"owp-btn-normal","24":"owp-tabs-layout-horizontal"},"_links":{"self":[{"href":"https:\/\/arduxop.com.br\/loja\/wp-json\/wp\/v2\/product\/2693","targetHints":{"allow":["GET"]}}],"collection":[{"href":"https:\/\/arduxop.com.br\/loja\/wp-json\/wp\/v2\/product"}],"about":[{"href":"https:\/\/arduxop.com.br\/loja\/wp-json\/wp\/v2\/types\/product"}],"wp:featuredmedia":[{"embeddable":true,"href":"https:\/\/arduxop.com.br\/loja\/wp-json\/wp\/v2\/media\/2697"}],"wp:attachment":[{"href":"https:\/\/arduxop.com.br\/loja\/wp-json\/wp\/v2\/media?parent=2693"}],"wp:term":[{"taxonomy":"product_brand","embeddable":true,"href":"https:\/\/arduxop.com.br\/loja\/wp-json\/wp\/v2\/product_brand?post=2693"},{"taxonomy":"product_cat","embeddable":true,"href":"https:\/\/arduxop.com.br\/loja\/wp-json\/wp\/v2\/product_cat?post=2693"},{"taxonomy":"product_tag","embeddable":true,"href":"https:\/\/arduxop.com.br\/loja\/wp-json\/wp\/v2\/product_tag?post=2693"}],"curies":[{"name":"wp","href":"https:\/\/api.w.org\/{rel}","templated":true}]}}