{"id":2691,"date":"2018-03-09T09:04:44","date_gmt":"2018-03-09T13:04:44","guid":{"rendered":"https:\/\/arduxop.com.br\/loja\/?post_type=product&#038;p=2691"},"modified":"2024-07-25T07:56:10","modified_gmt":"2024-07-25T11:56:10","slug":"fonte-para-raspberry","status":"publish","type":"product","link":"https:\/\/arduxop.com.br\/loja\/produto\/fonte-para-raspberry\/","title":{"rendered":"Fonte para Raspberry"},"content":{"rendered":"<p>O Conversor AC\/DC &#8211; 90~240VAC &#8211; 5VDC \/ 3A &#8211; Micro USB \u00e9 uma fonte de alimenta\u00e7\u00e3o para o Raspberry Pi 3 e para diversos aparelhos eletroeletr\u00f4nicos que exijam fontes com 5V e corrente de sa\u00edda nominal de 2,2A (m\u00e1x. 3A).<br \/>\nEla possui ajuste autom\u00e1tico de entrada, podendo ser utilizada em 127V ou 220V e fornece corrente real de 2,2A com picos de at\u00e9 3A.<\/p>\n<p>Principais Caracter\u00edsticas:<\/p>\n<p>&#8211; Entrada: Micro USB;<br \/>\n&#8211; Tens\u00e3o de entrada: 100V-240V 50\/60Hz (Bivolt);<br \/>\n&#8211; Tens\u00e3o de sa\u00edda: 5V (DC);<br \/>\n&#8211; Corrente de sa\u00edda: 2,2A (M\u00e1x. 3A);<br \/>\n&#8211; Dimens\u00f5es (CxLxE): 80x40x34mm;<br \/>\n&#8211; Comprimento do cabo: 120cm;<br \/>\n&#8211; Peso com embalagem: 113g.<\/p>\n<p>Acompanha:<\/p>\n<p>Conversor AC\/DC &#8211; 90~240VAC &#8211; 5VDC \/ 3A &#8211; Micro USB;<\/p>\n","protected":false},"excerpt":{"rendered":"<p class=\"item-title__primary \">Fonte Raspberry Pi 5v 3a Micro Usb<\/p>\n","protected":false},"featured_media":2692,"template":"","meta":[],"product_brand":[],"product_cat":[185],"product_tag":[],"class_list":{"0":"post-2691","1":"product","2":"type-product","3":"status-publish","4":"has-post-thumbnail","6":"product_cat-fontes","8":"entry","9":"has-media","11":"first","12":"instock","13":"shipping-taxable","14":"purchasable","15":"product-type-simple","16":"has-product-nav","17":"col","18":"span_1_of_3","19":"owp-content-center","20":"owp-thumbs-layout-horizontal","21":"owp-btn-normal","22":"owp-tabs-layout-horizontal","23":"has-no-thumbnails"},"_links":{"self":[{"href":"https:\/\/arduxop.com.br\/loja\/wp-json\/wp\/v2\/product\/2691","targetHints":{"allow":["GET"]}}],"collection":[{"href":"https:\/\/arduxop.com.br\/loja\/wp-json\/wp\/v2\/product"}],"about":[{"href":"https:\/\/arduxop.com.br\/loja\/wp-json\/wp\/v2\/types\/product"}],"wp:featuredmedia":[{"embeddable":true,"href":"https:\/\/arduxop.com.br\/loja\/wp-json\/wp\/v2\/media\/2692"}],"wp:attachment":[{"href":"https:\/\/arduxop.com.br\/loja\/wp-json\/wp\/v2\/media?parent=2691"}],"wp:term":[{"taxonomy":"product_brand","embeddable":true,"href":"https:\/\/arduxop.com.br\/loja\/wp-json\/wp\/v2\/product_brand?post=2691"},{"taxonomy":"product_cat","embeddable":true,"href":"https:\/\/arduxop.com.br\/loja\/wp-json\/wp\/v2\/product_cat?post=2691"},{"taxonomy":"product_tag","embeddable":true,"href":"https:\/\/arduxop.com.br\/loja\/wp-json\/wp\/v2\/product_tag?post=2691"}],"curies":[{"name":"wp","href":"https:\/\/api.w.org\/{rel}","templated":true}]}}