{"id":2689,"date":"2018-03-09T07:44:13","date_gmt":"2018-03-09T11:44:13","guid":{"rendered":"https:\/\/arduxop.com.br\/loja\/?post_type=product&#038;p=2689"},"modified":"2026-02-03T13:00:22","modified_gmt":"2026-02-03T17:00:22","slug":"jumper-macho-macho","status":"publish","type":"product","link":"https:\/\/arduxop.com.br\/loja\/produto\/jumper-macho-macho\/","title":{"rendered":"Jumper Macho-Macho"},"content":{"rendered":"<p>Jumper Macho Macho 20cm 40 Unidades<\/p>\n<p>Os jumper&#8217;s Macho-Macho s\u00e3o ideais para utilizar com protoboard e arduino, assim como em outras plataformas de desenvolvimento de projetos. Ideal para estudantes, hobbystas e profissionais iniciantes na \u00e1rea da eletr\u00f4nica e programa\u00e7\u00e3o.<\/p>\n<p>Principais Caracter\u00edsticas:<\/p>\n<p>&#8211; Tamanho: 20 cm;<br \/>\n&#8211; Produto 100% industrial;<\/p>\n<p>Acompanha:<\/p>\n<p>40 &#8211; Jumper Macho-Macho;<\/p>\n","protected":false},"excerpt":{"rendered":"<p class=\"item-title__primary \">Jumper Macho Macho 20cm 40 Fios<\/p>\n","protected":false},"featured_media":2690,"template":"","meta":[],"product_brand":[],"product_cat":[184],"product_tag":[],"class_list":{"0":"post-2689","1":"product","2":"type-product","3":"status-publish","4":"has-post-thumbnail","6":"product_cat-fios-e-cabos","8":"entry","9":"has-media","11":"first","12":"instock","13":"shipping-taxable","14":"purchasable","15":"product-type-simple","16":"has-product-nav","17":"col","18":"span_1_of_3","19":"owp-content-center","20":"owp-thumbs-layout-horizontal","21":"owp-btn-normal","22":"owp-tabs-layout-horizontal","23":"has-no-thumbnails"},"_links":{"self":[{"href":"https:\/\/arduxop.com.br\/loja\/wp-json\/wp\/v2\/product\/2689","targetHints":{"allow":["GET"]}}],"collection":[{"href":"https:\/\/arduxop.com.br\/loja\/wp-json\/wp\/v2\/product"}],"about":[{"href":"https:\/\/arduxop.com.br\/loja\/wp-json\/wp\/v2\/types\/product"}],"wp:featuredmedia":[{"embeddable":true,"href":"https:\/\/arduxop.com.br\/loja\/wp-json\/wp\/v2\/media\/2690"}],"wp:attachment":[{"href":"https:\/\/arduxop.com.br\/loja\/wp-json\/wp\/v2\/media?parent=2689"}],"wp:term":[{"taxonomy":"product_brand","embeddable":true,"href":"https:\/\/arduxop.com.br\/loja\/wp-json\/wp\/v2\/product_brand?post=2689"},{"taxonomy":"product_cat","embeddable":true,"href":"https:\/\/arduxop.com.br\/loja\/wp-json\/wp\/v2\/product_cat?post=2689"},{"taxonomy":"product_tag","embeddable":true,"href":"https:\/\/arduxop.com.br\/loja\/wp-json\/wp\/v2\/product_tag?post=2689"}],"curies":[{"name":"wp","href":"https:\/\/api.w.org\/{rel}","templated":true}]}}