{"id":2654,"date":"2018-02-28T15:35:34","date_gmt":"2018-02-28T18:35:34","guid":{"rendered":"https:\/\/arduxop.com.br\/loja\/?post_type=product&#038;p=2654"},"modified":"2024-07-25T07:56:12","modified_gmt":"2024-07-25T11:56:12","slug":"gerador-de-pulso-frequencia","status":"publish","type":"product","link":"https:\/\/arduxop.com.br\/loja\/produto\/gerador-de-pulso-frequencia\/","title":{"rendered":"Gerador De Pulso Frequ\u00eancia"},"content":{"rendered":"<p>Especifica\u00e7\u00f5es:<\/p>\n<p>Alimenta\u00e7\u00e3o 5 &#8211; 12V DC<br \/>\nCorrente de opera\u00e7\u00e3o: at\u00e9 200 mA<br \/>\nFrequ\u00eancia ajust\u00e1vel por potenci\u00f4metro<br \/>\nDimens\u00f5es: 25 x 13 x 14 mm<\/p>\n","protected":false},"excerpt":{"rendered":"<p class=\"item-title__primary \">M\u00f3dulo Gerador De Pulso Frequ\u00eancia Ne 555 Arduino 5v &#8211; 12v<\/p>\n","protected":false},"featured_media":2656,"template":"","meta":[],"product_brand":[],"product_cat":[47],"product_tag":[419,418],"class_list":{"0":"post-2654","1":"product","2":"type-product","3":"status-publish","4":"has-post-thumbnail","6":"product_cat-diversos","7":"product_tag-frequencia","8":"product_tag-pulso","10":"entry","11":"has-media","13":"first","14":"outofstock","15":"shipping-taxable","16":"purchasable","17":"product-type-simple","18":"has-product-nav","19":"col","20":"span_1_of_3","21":"owp-content-center","22":"owp-thumbs-layout-horizontal","23":"owp-btn-normal","24":"owp-tabs-layout-horizontal"},"_links":{"self":[{"href":"https:\/\/arduxop.com.br\/loja\/wp-json\/wp\/v2\/product\/2654","targetHints":{"allow":["GET"]}}],"collection":[{"href":"https:\/\/arduxop.com.br\/loja\/wp-json\/wp\/v2\/product"}],"about":[{"href":"https:\/\/arduxop.com.br\/loja\/wp-json\/wp\/v2\/types\/product"}],"wp:featuredmedia":[{"embeddable":true,"href":"https:\/\/arduxop.com.br\/loja\/wp-json\/wp\/v2\/media\/2656"}],"wp:attachment":[{"href":"https:\/\/arduxop.com.br\/loja\/wp-json\/wp\/v2\/media?parent=2654"}],"wp:term":[{"taxonomy":"product_brand","embeddable":true,"href":"https:\/\/arduxop.com.br\/loja\/wp-json\/wp\/v2\/product_brand?post=2654"},{"taxonomy":"product_cat","embeddable":true,"href":"https:\/\/arduxop.com.br\/loja\/wp-json\/wp\/v2\/product_cat?post=2654"},{"taxonomy":"product_tag","embeddable":true,"href":"https:\/\/arduxop.com.br\/loja\/wp-json\/wp\/v2\/product_tag?post=2654"}],"curies":[{"name":"wp","href":"https:\/\/api.w.org\/{rel}","templated":true}]}}