{"id":2626,"date":"2018-02-20T09:01:59","date_gmt":"2018-02-20T13:01:59","guid":{"rendered":"https:\/\/arduxop.com.br\/loja\/?post_type=product&#038;p=2626"},"modified":"2024-07-25T07:56:14","modified_gmt":"2024-07-25T11:56:14","slug":"kit-chassi-2wd-rodas-carro-robotica-robo-projeto-arduino","status":"publish","type":"product","link":"https:\/\/arduxop.com.br\/loja\/produto\/kit-chassi-2wd-rodas-carro-robotica-robo-projeto-arduino\/","title":{"rendered":"Carrinho 2 Rodas Seguidor Trilha"},"content":{"rendered":"<p>Kit de montagem de um chassi para aplica\u00e7\u00f5es rob\u00f3ticas e educacionais. O Chassi \u00e9 feito de acr\u00edlico e acompanha uma pel\u00edcula adesiva para prote\u00e7\u00e3o contra arranhados. Ambos os motores DC possuem caixa de redu\u00e7\u00e3o (1:48) e s\u00e3o conectados de forma independente em cada roda, sobrando assim uma roda boba (universal) para dar sustenta\u00e7\u00e3o ao Chassi.<\/p>\n<p>Pode ser usado em aplica\u00e7\u00f5es como rob\u00f4 segue-faixa, com sensor ultrass\u00f4nico para evitar obst\u00e1culos, medidor de dist\u00e2ncia, controle remoto e teste de velocidade pois acompanha 2 discos de encoder acoplado nas rodas para medir a rota\u00e7\u00e3o.<\/p>\n<p><strong>Especifica\u00e7\u00f5es:<\/strong><\/p>\n<ul>\n<li>&#8211; Chassi em acr\u00edlico<\/li>\n<li>&#8211; Tra\u00e7\u00e3o nas 2 rodas (2WD)<\/li>\n<li>&#8211; Corrente motor sem carga: =200mA (6V) e =150mA (3V)<\/li>\n<li>&#8211; Velocidade motor sem carga: 200RPM (6V) e 90RPM (3V)<\/li>\n<li>&#8211; Dimens\u00e3o Chassi: 22 x 14,7 cm<\/li>\n<li>&#8211; Dimens\u00e3o Roda: 7 x 7 x 2,6 cm<\/li>\n<\/ul>\n<div>\n<p><strong>Acompanha:<\/strong><\/p>\n<ul>\n<li>01 &#8211; Chassi em acr\u00edlico<\/li>\n<li>02 &#8211; Motores DC (3~6v)<\/li>\n<li>02 &#8211; Rodas de Borracha<\/li>\n<li>01 &#8211; Roda Boba (Universal)<\/li>\n<li>01 &#8211; Chave On\/Off<\/li>\n<li>02 &#8211; Discos de Encoder<\/li>\n<li>01 &#8211; Suporte para 4 Pilhas<\/li>\n<li>01 &#8211; Jogo de Parafusos e espa\u00e7adores para Roda Boba<\/li>\n<\/ul>\n<\/div>\n<p><p class=\"responsive-video-wrap clr\"><iframe title=\"2WDCAR #01: Como Montar o Chassi Sem Mist\u00e9rios P1 - Rob\u00f4 #Arduino\" width=\"1200\" height=\"675\" src=\"https:\/\/www.youtube.com\/embed\/AoDMuwv9H28?feature=oembed\" frameborder=\"0\" allow=\"accelerometer; autoplay; clipboard-write; encrypted-media; gyroscope; picture-in-picture\" allowfullscreen><\/iframe><\/p><\/p>\n","protected":false},"excerpt":{"rendered":"<p class=\"item-title__primary \">Kit Chassi 2wd Rodas Carro Rob\u00f3tica Rob\u00f4 Projeto Arduino<\/p>\n","protected":false},"featured_media":2627,"template":"","meta":[],"product_brand":[],"product_cat":[48,409],"product_tag":[],"class_list":{"0":"post-2626","1":"product","2":"type-product","3":"status-publish","4":"has-post-thumbnail","6":"product_cat-kits","7":"product_cat-robotica","9":"entry","10":"has-media","12":"first","13":"outofstock","14":"shipping-taxable","15":"purchasable","16":"product-type-simple","17":"has-product-nav","18":"col","19":"span_1_of_3","20":"owp-content-center","21":"owp-thumbs-layout-horizontal","22":"owp-btn-normal","23":"owp-tabs-layout-horizontal"},"_links":{"self":[{"href":"https:\/\/arduxop.com.br\/loja\/wp-json\/wp\/v2\/product\/2626","targetHints":{"allow":["GET"]}}],"collection":[{"href":"https:\/\/arduxop.com.br\/loja\/wp-json\/wp\/v2\/product"}],"about":[{"href":"https:\/\/arduxop.com.br\/loja\/wp-json\/wp\/v2\/types\/product"}],"wp:featuredmedia":[{"embeddable":true,"href":"https:\/\/arduxop.com.br\/loja\/wp-json\/wp\/v2\/media\/2627"}],"wp:attachment":[{"href":"https:\/\/arduxop.com.br\/loja\/wp-json\/wp\/v2\/media?parent=2626"}],"wp:term":[{"taxonomy":"product_brand","embeddable":true,"href":"https:\/\/arduxop.com.br\/loja\/wp-json\/wp\/v2\/product_brand?post=2626"},{"taxonomy":"product_cat","embeddable":true,"href":"https:\/\/arduxop.com.br\/loja\/wp-json\/wp\/v2\/product_cat?post=2626"},{"taxonomy":"product_tag","embeddable":true,"href":"https:\/\/arduxop.com.br\/loja\/wp-json\/wp\/v2\/product_tag?post=2626"}],"curies":[{"name":"wp","href":"https:\/\/api.w.org\/{rel}","templated":true}]}}