{"id":2618,"date":"2018-02-20T08:12:52","date_gmt":"2018-02-20T11:12:52","guid":{"rendered":"https:\/\/arduxop.com.br\/loja\/?post_type=product&#038;p=2618"},"modified":"2024-07-25T07:56:15","modified_gmt":"2024-07-25T11:56:15","slug":"mini-fonte-hlk-pm03-33vdc","status":"publish","type":"product","link":"https:\/\/arduxop.com.br\/loja\/produto\/mini-fonte-hlk-pm03-33vdc\/","title":{"rendered":"Mini Fonte Hlk-pm03 &#8211; 3,3vdc"},"content":{"rendered":"<div><strong>1. Caracter\u00edsticas do produto<\/strong><\/div>\n<div><\/div>\n<div>1). O ultra-fino, Subminiatura<\/div>\n<div>2). Toda a entrada de tens\u00e3o (90 ~ 264 VAC)<\/div>\n<div>3). Baixa ondula\u00e7\u00e3o e baixo ru\u00eddo<\/div>\n<div>4). Fun\u00e7\u00e3o de sa\u00edda de sobrecarga prote\u00e7\u00e3o contra curto-circuito<\/div>\n<div>5). Alta efici\u00eancia e densidade de pot\u00eancia<\/div>\n<div>6). Design de produto para atender a requisitos de teste EMC e seguran\u00e7a<\/div>\n<div>7). Baixo consumo de energia, prote\u00e7\u00e3o ambiental verde, sem carga perda &lt;0,1 W<\/div>\n<div>8). 100% teste de carga<\/div>\n<div>9). Satisfazer as exig\u00eancias da UL, CE<\/div>\n<div><\/div>\n<div>\n<div><strong>2. Condi\u00e7\u00f5es ambientais\u00a0<\/strong><\/div>\n<div><\/div>\n<div>1). Temperatura de trabalho:-20-+ 60 Celsius<\/div>\n<div>2). Temperatura de armazenamento:-40-+ 80 Celsius<\/div>\n<div>3). Umidade relativa: 5-95%<\/div>\n<div>4). Resfriamento: resfriamento natural<\/div>\n<div>5). Press\u00e3o atmosf\u00e9rica: 80-106 kPa<\/div>\n<div>6). Altitude: =2000m<\/div>\n<div>7). Vibra\u00e7\u00e3o: coeficiente de vibra\u00e7\u00e3o 10 ~ 500 Hz, 2G10min\/1 ciclo, 60min. Cada eixo X, Y, Z.<\/div>\n<div>\n<div>3. Caracter\u00edsticas el\u00e9tricas (\u00e0 temperatura ambiente de teste)<\/div>\n<div>1). Tens\u00e3o nominal de entrada: 100-240 VAC<\/div>\n<div>2). Faixa de tens\u00e3o de entrada: 90-264VAC<\/div>\n<div>3). Corrente de entrada m\u00e1xima: =0. 2A<\/div>\n<div>4). Pico de corrente de entrada: =10A<\/div>\n<div>5). Tens\u00e3o m\u00e1xima de entrada: =270vac<\/div>\n<div>6). Digite in\u00edcio lento: =50ms<\/div>\n<div>7). Entrada de baixa tens\u00e3o Efici\u00eancia: Vin = 110VAC, a plena carga =69%<\/div>\n<div>8). Efici\u00eancia de entrada de alta tens\u00e3o: Vin = 220VAC, a plena carga =70%<\/div>\n<div>9). Confiabilidade a longo prazo: mtbf=100, 000 h<\/div>\n<div>10). Tens\u00e3o:\u00a03,3v<\/div>\n<div>12). Corrente m\u00e1xima de sa\u00edda de curto prazo: =1000ma<\/div>\n<div>13). Corrente de sa\u00edda m\u00e1xima por um longo tempo: =600ma<\/div>\n<div>14). Regula\u00e7\u00e3o de tens\u00e3o: \u00b1 0,2%<\/div>\n<div>15). Carga regula\u00e7\u00e3o: \u00b1 0,5%<\/div>\n<div>16). Sa\u00edda Ripple e ru\u00eddo (MVP-p): =50<\/div>\n<div>17). Mudar Overshoot amplitude: (Tens\u00e3o nominal de entrada, sa\u00edda de carga mais 10%) =5% VO<\/div>\n<div>18). Sa\u00edda prote\u00e7\u00e3o contra sobrecorrente: carga m\u00e1xima de sa\u00edda de 150-200%<\/div>\n<\/div>\n<\/div>\n","protected":false},"excerpt":{"rendered":"<p class=\"item-title__primary \">Mini Fonte Hi-link Hlk-pm01 100~240vac 3,3vdc 3w Automa\u00e7\u00e3o<\/p>\n","protected":false},"featured_media":2619,"template":"","meta":[],"product_brand":[],"product_cat":[185],"product_tag":[],"class_list":{"0":"post-2618","1":"product","2":"type-product","3":"status-publish","4":"has-post-thumbnail","6":"product_cat-fontes","8":"entry","9":"has-media","11":"first","12":"outofstock","13":"shipping-taxable","14":"purchasable","15":"product-type-simple","16":"has-product-nav","17":"col","18":"span_1_of_3","19":"owp-content-center","20":"owp-thumbs-layout-horizontal","21":"owp-btn-normal","22":"owp-tabs-layout-horizontal"},"_links":{"self":[{"href":"https:\/\/arduxop.com.br\/loja\/wp-json\/wp\/v2\/product\/2618","targetHints":{"allow":["GET"]}}],"collection":[{"href":"https:\/\/arduxop.com.br\/loja\/wp-json\/wp\/v2\/product"}],"about":[{"href":"https:\/\/arduxop.com.br\/loja\/wp-json\/wp\/v2\/types\/product"}],"wp:featuredmedia":[{"embeddable":true,"href":"https:\/\/arduxop.com.br\/loja\/wp-json\/wp\/v2\/media\/2619"}],"wp:attachment":[{"href":"https:\/\/arduxop.com.br\/loja\/wp-json\/wp\/v2\/media?parent=2618"}],"wp:term":[{"taxonomy":"product_brand","embeddable":true,"href":"https:\/\/arduxop.com.br\/loja\/wp-json\/wp\/v2\/product_brand?post=2618"},{"taxonomy":"product_cat","embeddable":true,"href":"https:\/\/arduxop.com.br\/loja\/wp-json\/wp\/v2\/product_cat?post=2618"},{"taxonomy":"product_tag","embeddable":true,"href":"https:\/\/arduxop.com.br\/loja\/wp-json\/wp\/v2\/product_tag?post=2618"}],"curies":[{"name":"wp","href":"https:\/\/api.w.org\/{rel}","templated":true}]}}