{"id":2598,"date":"2018-02-20T07:35:58","date_gmt":"2018-02-20T10:35:58","guid":{"rendered":"https:\/\/arduxop.com.br\/loja\/?post_type=product&#038;p=2598"},"modified":"2024-07-25T07:56:17","modified_gmt":"2024-07-25T11:56:17","slug":"esc-30a-brushless-bec-interno-2a-5v","status":"publish","type":"product","link":"https:\/\/arduxop.com.br\/loja\/produto\/esc-30a-brushless-bec-interno-2a-5v\/","title":{"rendered":"Esc 30a Brushless Bec Interno 2a \/ 5v"},"content":{"rendered":"<p>ESPECIFICA\u00c7\u00d5ES:<br \/>\n&#8211; 30A Brushless<br \/>\n&#8211; Corrente M\u00e1xima: 30A<br \/>\n&#8211; Sa\u00edda : 30A cont\u00ednuo 40A Explos\u00e3o at\u00e9 10 Segundos<br \/>\n&#8211; Tens\u00e3o de entrada: 5,6V &#8211; 16,8V ( 2-4 c\u00e9lulas de bateria de l\u00edtio ou 5-12 c\u00e9lulas NiCd \/ NiMH )<br \/>\n&#8211; BEC : 2A\/5V (modo Linear) Velocidade m\u00e1xima: 210000rpm para 2 p\u00f3los BLM 70000rpm para 6 p\u00f3los BLM 35000rpm para 12 p\u00f3los BLM<br \/>\n&#8211; Tamanho : 45mm (L) * 24 mil\u00edmetros (W) * 11 mil\u00edmetros (H)<br \/>\n&#8211; Peso: 25g<\/p>\n<p>ITENS INCLUSOS:<br \/>\n&#8211; 01 ESC Brushless 30A<\/p>\n","protected":false},"excerpt":{"rendered":"<p class=\"item-title__primary \">Esc 30a Brushless Bec Interno 2a \/ 5v &#8211;<\/p>\n","protected":false},"featured_media":2601,"template":"","meta":[],"product_brand":[],"product_cat":[42],"product_tag":[],"class_list":{"0":"post-2598","1":"product","2":"type-product","3":"status-publish","4":"has-post-thumbnail","6":"product_cat-aeromodelos","8":"entry","9":"has-media","11":"first","12":"instock","13":"shipping-taxable","14":"purchasable","15":"product-type-simple","16":"has-product-nav","17":"col","18":"span_1_of_3","19":"owp-content-center","20":"owp-thumbs-layout-horizontal","21":"owp-btn-normal","22":"owp-tabs-layout-horizontal"},"_links":{"self":[{"href":"https:\/\/arduxop.com.br\/loja\/wp-json\/wp\/v2\/product\/2598","targetHints":{"allow":["GET"]}}],"collection":[{"href":"https:\/\/arduxop.com.br\/loja\/wp-json\/wp\/v2\/product"}],"about":[{"href":"https:\/\/arduxop.com.br\/loja\/wp-json\/wp\/v2\/types\/product"}],"wp:featuredmedia":[{"embeddable":true,"href":"https:\/\/arduxop.com.br\/loja\/wp-json\/wp\/v2\/media\/2601"}],"wp:attachment":[{"href":"https:\/\/arduxop.com.br\/loja\/wp-json\/wp\/v2\/media?parent=2598"}],"wp:term":[{"taxonomy":"product_brand","embeddable":true,"href":"https:\/\/arduxop.com.br\/loja\/wp-json\/wp\/v2\/product_brand?post=2598"},{"taxonomy":"product_cat","embeddable":true,"href":"https:\/\/arduxop.com.br\/loja\/wp-json\/wp\/v2\/product_cat?post=2598"},{"taxonomy":"product_tag","embeddable":true,"href":"https:\/\/arduxop.com.br\/loja\/wp-json\/wp\/v2\/product_tag?post=2598"}],"curies":[{"name":"wp","href":"https:\/\/api.w.org\/{rel}","templated":true}]}}