{"id":2575,"date":"2018-02-12T09:38:59","date_gmt":"2018-02-12T12:38:59","guid":{"rendered":"https:\/\/arduxop.com.br\/loja\/?post_type=product&#038;p=2575"},"modified":"2024-07-25T07:56:17","modified_gmt":"2024-07-25T11:56:17","slug":"micro-servo-mg90s","status":"publish","type":"product","link":"https:\/\/arduxop.com.br\/loja\/produto\/micro-servo-mg90s\/","title":{"rendered":"Micro Servo Mg90s"},"content":{"rendered":"<p>Micro Servo Motor Tower Pro Mg90s Metal Gear Com Acess\u00f3rios<\/p>\n<p>Caracter\u00edsticas:<\/p>\n<p>&#8211; Velocidade de opera\u00e7\u00e3o: 0.10 seg \/ 60 graus (4.8V)<\/p>\n<p>&#8211; Velocidade de opera\u00e7\u00e3o: 0.8 seg \/ 60 graus (6.0V)<\/p>\n<p>&#8211; Torque: 2,2kg\/cm (6,0V) \/ 1,8kg\/cm (4,8V)<\/p>\n<p>&#8211; Tens\u00e3o de opera\u00e7\u00e3o: 4,8V a 6V<\/p>\n<p>&#8211; Faixa de temperatura: 0\u00ba a 55\u00ba<\/p>\n<p>&#8211; Fonte de alimenta\u00e7\u00e3o: Adaptador externo<\/p>\n<p>&#8211; Compat\u00edvel com a maioria dos conectores: ex: Futaba, JR, Spektro, Hitec, Sanwa, GWS, etc&#8230;<\/p>\n<p>&#8211; Indicado para praticamente todos os tipo de modelos que precisam de micro servos.<\/p>\n<p>Especifica\u00e7\u00f5es:<\/p>\n<p>&#8211; Comprimento do fio: 270 mil\u00edmetros<\/p>\n<p>&#8211; Dimens\u00f5es: 22.8 x 12,2 x 28,5 mil\u00edmetros<\/p>\n<p>&#8211; Peso l\u00edquido: 13,4 g<\/p>\n<p>&#8211; Cor: Preto<\/p>\n","protected":false},"excerpt":{"rendered":"<p class=\"item-title__primary \">Micro Servo Motor Tower Pro Mg90s Metal Gear<\/p>\n","protected":false},"featured_media":2578,"template":"","meta":[],"product_brand":[],"product_cat":[42,192],"product_tag":[],"class_list":{"0":"post-2575","1":"product","2":"type-product","3":"status-publish","4":"has-post-thumbnail","6":"product_cat-aeromodelos","7":"product_cat-servos","9":"entry","10":"has-media","12":"first","13":"instock","14":"shipping-taxable","15":"purchasable","16":"product-type-simple","17":"has-product-nav","18":"col","19":"span_1_of_3","20":"owp-content-center","21":"owp-thumbs-layout-horizontal","22":"owp-btn-normal","23":"owp-tabs-layout-horizontal"},"_links":{"self":[{"href":"https:\/\/arduxop.com.br\/loja\/wp-json\/wp\/v2\/product\/2575","targetHints":{"allow":["GET"]}}],"collection":[{"href":"https:\/\/arduxop.com.br\/loja\/wp-json\/wp\/v2\/product"}],"about":[{"href":"https:\/\/arduxop.com.br\/loja\/wp-json\/wp\/v2\/types\/product"}],"wp:featuredmedia":[{"embeddable":true,"href":"https:\/\/arduxop.com.br\/loja\/wp-json\/wp\/v2\/media\/2578"}],"wp:attachment":[{"href":"https:\/\/arduxop.com.br\/loja\/wp-json\/wp\/v2\/media?parent=2575"}],"wp:term":[{"taxonomy":"product_brand","embeddable":true,"href":"https:\/\/arduxop.com.br\/loja\/wp-json\/wp\/v2\/product_brand?post=2575"},{"taxonomy":"product_cat","embeddable":true,"href":"https:\/\/arduxop.com.br\/loja\/wp-json\/wp\/v2\/product_cat?post=2575"},{"taxonomy":"product_tag","embeddable":true,"href":"https:\/\/arduxop.com.br\/loja\/wp-json\/wp\/v2\/product_tag?post=2575"}],"curies":[{"name":"wp","href":"https:\/\/api.w.org\/{rel}","templated":true}]}}