{"id":2558,"date":"2018-02-09T19:16:57","date_gmt":"2018-02-09T22:16:57","guid":{"rendered":"https:\/\/arduxop.com.br\/loja\/?post_type=product&#038;p=2558"},"modified":"2025-12-10T15:45:22","modified_gmt":"2025-12-10T19:45:22","slug":"arduino-uno-smd","status":"publish","type":"product","link":"https:\/\/arduxop.com.br\/loja\/produto\/arduino-uno-smd\/","title":{"rendered":"Arduino Uno Smd &#8220;SEM CABO&#8221;"},"content":{"rendered":"<p>Especifica\u00e7\u00f5es:<\/p>\n<p>&#8211; Microcontrolador: ATmega328<br \/>\n&#8211; Tens\u00e3o de Opera\u00e7\u00e3o: 5v<br \/>\n&#8211; Tens\u00e3o de entrada (recomendada): 7-12v<br \/>\n&#8211; Pinos de entrada\/sa\u00edda: 14 (dos quais 6 podem ser PWM)<br \/>\n&#8211; Pinos de entrada anal\u00f3gica: 6<br \/>\n&#8211; Corrente DC por pino I\/O: 40mA<br \/>\n&#8211; Corrente DC para pino 3,3v: 50mA<br \/>\n&#8211; Mem\u00f3ria Flash: 32KB (dos quais 0,5KB s\u00e3o usados pelo Bootloader)<br \/>\n&#8211; SRAM: 2KB &#8211; EEPROM: 1KB<br \/>\n&#8211; Velocidade do Clock: 16MHz<\/p>\n<p>Itens inclusos:<\/p>\n<p>01 Placa Arduino Uno R3 Atmega328 SMD<br \/>\n01 Barra de pinos<\/p>\n<p>N\u00e3o acompanha cabo de programa\u00e7\u00e3o<\/p>\n","protected":false},"excerpt":{"rendered":"<p class=\"item-title__primary \">CABO DE PROGRAMA\u00c7\u00c3O R$ 10,00<\/p>\n","protected":false},"featured_media":2560,"template":"","meta":[],"product_brand":[],"product_cat":[49,175],"product_tag":[632,634,633],"class_list":{"0":"post-2558","1":"product","2":"type-product","3":"status-publish","4":"has-post-thumbnail","6":"product_cat-microprocessadores","7":"product_cat-placas","8":"product_tag-arduinio","9":"product_tag-arduino-uno","10":"product_tag-uno","12":"entry","13":"has-media","15":"first","16":"instock","17":"shipping-taxable","18":"purchasable","19":"product-type-simple","20":"has-product-nav","21":"col","22":"span_1_of_3","23":"owp-content-center","24":"owp-thumbs-layout-horizontal","25":"owp-btn-normal","26":"owp-tabs-layout-horizontal","27":"has-no-thumbnails"},"_links":{"self":[{"href":"https:\/\/arduxop.com.br\/loja\/wp-json\/wp\/v2\/product\/2558","targetHints":{"allow":["GET"]}}],"collection":[{"href":"https:\/\/arduxop.com.br\/loja\/wp-json\/wp\/v2\/product"}],"about":[{"href":"https:\/\/arduxop.com.br\/loja\/wp-json\/wp\/v2\/types\/product"}],"wp:featuredmedia":[{"embeddable":true,"href":"https:\/\/arduxop.com.br\/loja\/wp-json\/wp\/v2\/media\/2560"}],"wp:attachment":[{"href":"https:\/\/arduxop.com.br\/loja\/wp-json\/wp\/v2\/media?parent=2558"}],"wp:term":[{"taxonomy":"product_brand","embeddable":true,"href":"https:\/\/arduxop.com.br\/loja\/wp-json\/wp\/v2\/product_brand?post=2558"},{"taxonomy":"product_cat","embeddable":true,"href":"https:\/\/arduxop.com.br\/loja\/wp-json\/wp\/v2\/product_cat?post=2558"},{"taxonomy":"product_tag","embeddable":true,"href":"https:\/\/arduxop.com.br\/loja\/wp-json\/wp\/v2\/product_tag?post=2558"}],"curies":[{"name":"wp","href":"https:\/\/api.w.org\/{rel}","templated":true}]}}