{"id":2551,"date":"2018-02-09T18:13:00","date_gmt":"2018-02-09T20:13:00","guid":{"rendered":"https:\/\/arduxop.com.br\/loja\/?post_type=product&#038;p=2551"},"modified":"2024-07-25T07:56:19","modified_gmt":"2024-07-25T11:56:19","slug":"modulo-reconhecimento-de-voz","status":"publish","type":"product","link":"https:\/\/arduxop.com.br\/loja\/produto\/modulo-reconhecimento-de-voz\/","title":{"rendered":"M\u00f3dulo Reconhecimento De Voz"},"content":{"rendered":"<p>Adicione aos seus projetos a incr\u00edvel possibilidade de control\u00e1-los via comando de voz, uma tecnologia super atual e requisitada pelo mercado, estando entre as possibilidades mais desejadas por quem deseja adquirir qualquer equipamento eletr\u00f4nico que possa ser controlado.<\/p>\n<p>Este Modulo tem um excelente custo benef\u00edcio, Pode Reconhecer at\u00e9 80 instru\u00e7\u00e3o de voz diferentes, sendo &#8211; Possibilita utilizar 7 comandos ao mesmo tempo e \u00e9 adequado para a maioria dos casos envolvendo controle por voz.<\/p>\n<p>Enviamos todo o mat\u00e9rial de apoio para usar este Modulo, inclusive codigo exemplo facilmente modificav\u00e9l.<\/p>\n<p>Como Funciona:<\/p>\n<p>Se precisamos implementar instru\u00e7\u00f5es de outros grupos, devemos importar o primeiro grupo. Este m\u00f3dulo \u00e9 dependente do locutor. Se o seu amigo fala a instru\u00e7\u00e3o de voz em vez de voc\u00ea, ele n\u00e3o pode identificar a instru\u00e7\u00e3o.<\/p>\n<p>CARACTER\u00cdSTICAS:<br \/>\n&#8211; M\u00f3dulo de reconhecimento de Voz;<br \/>\n&#8211; Vers\u00e3o 3.1;<br \/>\n&#8211; Ordena\u00e7\u00e3o de comandos de voz direito com o Arduino;<br \/>\n&#8211; Reconhece at\u00e9 80 comandos de voz diferentes;<br \/>\n&#8211; Possibilita utilizar 7 comandos ao mesmo tempo;<br \/>\n&#8211; M\u00f3dulo dependente e com reconhecimento vocal;<br \/>\n&#8211; Executa comando dos mais diferenciados;<br \/>\n&#8211; Produto de excelente rela\u00e7\u00e3o custo x benef\u00edcio;<br \/>\n&#8211; Acompanha 4 jumpers, um conjunto de pinos 90\u00b0 e um microfone de alta sensibilidade;<br \/>\n&#8211; Pode ser utilizado para comandar carrinhos rob\u00f3ticos, cores de LEDs RGB, acender l\u00e2mpadas da resid\u00eancia, etc;<br \/>\n&#8211; Vasta gama de aplicabilidade;<br \/>\n&#8211; No manual existem links com bibliotecas para download;<br \/>\n&#8211; Download do manual em ingl\u00eas: enviaremos por e-mail<br \/>\n&#8211; Datasheet 25X80: enviaremos por e-mail<br \/>\n&#8211; Garantia Legal de 90 dias (contra defeitos de fabrica\u00e7\u00e3o).<\/p>\n<p>ESPECIFICA\u00c7\u00d5ES:<br \/>\n&#8211; Modelo: V3.1;<br \/>\n&#8211; Tens\u00e3o de trabalho: 4,5 &#8211; 5,5V;<br \/>\n&#8211; Corrente de trabalho: &lt; 40mA;<br \/>\n&#8211; Interface digital: 5V TTL interface de n\u00edvel UART e GPIO;<br \/>\n&#8211; Interface anal\u00f3gica: conector para microfone mono-canal;<br \/>\n&#8211; Precis\u00e3o de reconhecimento: 99% (em ambiente adequado);<br \/>\n&#8211; Dimens\u00f5es da placa(CxLxA): 47x30x7mm;<br \/>\n&#8211; Comprimento dos jumpers: 15cm;<br \/>\n&#8211; Comprimento do microfone: 16cm;<br \/>\n&#8211; Peso: 17g.<\/p>\n<p><a href=\"https:\/\/www.usinainfo.com.br\/index.php?controller=attachment&amp;id_attachment=69\">https:\/\/www.usinainfo.com.br\/index.php?controller=attachment&amp;id_attachment=69<\/a><\/p>\n","protected":false},"excerpt":{"rendered":"<p class=\"item-title__primary \">M\u00f3dulo Reconhecimento De Voz<\/p>\n","protected":false},"featured_media":2555,"template":"","meta":[],"product_brand":[],"product_cat":[210,50],"product_tag":[],"class_list":{"0":"post-2551","1":"product","2":"type-product","3":"status-publish","4":"has-post-thumbnail","6":"product_cat-comunicacoes","7":"product_cat-modulos","9":"entry","10":"has-media","12":"first","13":"outofstock","14":"shipping-taxable","15":"purchasable","16":"product-type-simple","17":"has-product-nav","18":"col","19":"span_1_of_3","20":"owp-content-center","21":"owp-thumbs-layout-horizontal","22":"owp-btn-normal","23":"owp-tabs-layout-horizontal"},"_links":{"self":[{"href":"https:\/\/arduxop.com.br\/loja\/wp-json\/wp\/v2\/product\/2551","targetHints":{"allow":["GET"]}}],"collection":[{"href":"https:\/\/arduxop.com.br\/loja\/wp-json\/wp\/v2\/product"}],"about":[{"href":"https:\/\/arduxop.com.br\/loja\/wp-json\/wp\/v2\/types\/product"}],"wp:featuredmedia":[{"embeddable":true,"href":"https:\/\/arduxop.com.br\/loja\/wp-json\/wp\/v2\/media\/2555"}],"wp:attachment":[{"href":"https:\/\/arduxop.com.br\/loja\/wp-json\/wp\/v2\/media?parent=2551"}],"wp:term":[{"taxonomy":"product_brand","embeddable":true,"href":"https:\/\/arduxop.com.br\/loja\/wp-json\/wp\/v2\/product_brand?post=2551"},{"taxonomy":"product_cat","embeddable":true,"href":"https:\/\/arduxop.com.br\/loja\/wp-json\/wp\/v2\/product_cat?post=2551"},{"taxonomy":"product_tag","embeddable":true,"href":"https:\/\/arduxop.com.br\/loja\/wp-json\/wp\/v2\/product_tag?post=2551"}],"curies":[{"name":"wp","href":"https:\/\/api.w.org\/{rel}","templated":true}]}}