{"id":2548,"date":"2018-02-09T18:07:00","date_gmt":"2018-02-09T21:07:00","guid":{"rendered":"https:\/\/arduxop.com.br\/loja\/?post_type=product&#038;p=2548"},"modified":"2024-07-25T07:56:20","modified_gmt":"2024-07-25T11:56:20","slug":"modulo-bluetooth-hc-06","status":"publish","type":"product","link":"https:\/\/arduxop.com.br\/loja\/produto\/modulo-bluetooth-hc-06\/","title":{"rendered":"M\u00f3dulo Bluetooth Hc-06"},"content":{"rendered":"<p>Este modelo HC-06, suporta somente o modo escravo.<\/p>\n<p>Em sua placa existe um regulador de tens\u00e3o e voc\u00ea poder\u00e1 alimentar com 3.3 a 5v, bem como um LED que indica se o m\u00f3dulo est\u00e1 pareado com outro dispositivo. Possui alcance de at\u00e9 10m.<\/p>\n<p>Especifica\u00e7\u00f5es:<br \/>\n\u2013 Protocolo Bluetooth: v2.0+EDR<br \/>\n\u2013 Firmware: Linvor 1.8<br \/>\n\u2013 Frequ\u00eancia: 2,4GHz Banda ISM<br \/>\n\u2013 Modula\u00e7\u00e3o: GFSK<br \/>\n\u2013 Emiss\u00e3o de energia: &lt;=4dBm, Classe 2<br \/>\n\u2013 Sensibilidade: &lt;=84dBm com 0,1% BER<br \/>\n\u2013 Velocidade Ass\u00edncrono: 2,1Mbps(Max)\/160Kbps<br \/>\n\u2013 Velocidade S\u00edncrono: 1Mbps\/1Mbps<br \/>\n\u2013 Seguran\u00e7a: Autentifica\u00e7\u00e3o e Encripta\u00e7\u00e3o<br \/>\n\u2013 Perfil: Porta Serial Bluetooth<br \/>\n\u2013 Suporta modo Escravo (Slave) e Mestre (Master)<br \/>\n\u2013 CSR chip: Bluetooth v2.0<br \/>\n\u2013 Banda de Onda: 2,4Hhz-2,8Ghz, Banda ISM<br \/>\n\u2013 Tens\u00e3o: 3,3v (2,7-4.2v)<br \/>\n\u2013 Corrente: Pareado 35mA; Conectado 8mA<br \/>\n\u2013 Temperatura: -40 ~ +105\u00b0C<br \/>\n\u2013 Alcance: 10m<br \/>\n\u2013 Baud Rate: 4800;9600;19200;38400;57600;115200;230400;460800;921600;1382400<br \/>\n\u2013 Dimens\u00f5es: 26,9 x 13 x 2,2mm<br \/>\n\u2013 Peso: 9,6g<\/p>\n<p>Pareando:<br \/>\nAntes de comunicar com o seu m\u00f3dulo voc\u00ea precisar\u00e1 pare\u00e1-lo com o dispositivo que desejas conectar. Isto vai variar dependendo do Sistema Operacional que voc\u00ea estar\u00e1 usando mas em termos gerais:<br \/>\n1 \u2013 Habilite o Bluetooth do seu dispositivo.<br \/>\n2 \u2013 Procure por outros dispositivos Bluetooth.<br \/>\n3 \u2013 Procure por um dispositivo chamado \u2018linvor\u2019 e pareie com ele.<br \/>\n4 \u2013 O c\u00f3digo \u00e9 \u20181234\u2019<\/p>\n","protected":false},"excerpt":{"rendered":"<p class=\"item-title__primary \">M\u00f3dulo Bluetooth Rs232 Hc-06<\/p>\n","protected":false},"featured_media":2549,"template":"","meta":[],"product_brand":[],"product_cat":[193,50],"product_tag":[415,417,416],"class_list":{"0":"post-2548","1":"product","2":"type-product","3":"status-publish","4":"has-post-thumbnail","6":"product_cat-bluetooth","7":"product_cat-modulos","8":"product_tag-hc","9":"product_tag-hc-06","10":"product_tag-hc06","12":"entry","13":"has-media","15":"first","16":"outofstock","17":"shipping-taxable","18":"purchasable","19":"product-type-simple","20":"has-product-nav","21":"col","22":"span_1_of_3","23":"owp-content-center","24":"owp-thumbs-layout-horizontal","25":"owp-btn-normal","26":"owp-tabs-layout-horizontal"},"_links":{"self":[{"href":"https:\/\/arduxop.com.br\/loja\/wp-json\/wp\/v2\/product\/2548","targetHints":{"allow":["GET"]}}],"collection":[{"href":"https:\/\/arduxop.com.br\/loja\/wp-json\/wp\/v2\/product"}],"about":[{"href":"https:\/\/arduxop.com.br\/loja\/wp-json\/wp\/v2\/types\/product"}],"wp:featuredmedia":[{"embeddable":true,"href":"https:\/\/arduxop.com.br\/loja\/wp-json\/wp\/v2\/media\/2549"}],"wp:attachment":[{"href":"https:\/\/arduxop.com.br\/loja\/wp-json\/wp\/v2\/media?parent=2548"}],"wp:term":[{"taxonomy":"product_brand","embeddable":true,"href":"https:\/\/arduxop.com.br\/loja\/wp-json\/wp\/v2\/product_brand?post=2548"},{"taxonomy":"product_cat","embeddable":true,"href":"https:\/\/arduxop.com.br\/loja\/wp-json\/wp\/v2\/product_cat?post=2548"},{"taxonomy":"product_tag","embeddable":true,"href":"https:\/\/arduxop.com.br\/loja\/wp-json\/wp\/v2\/product_tag?post=2548"}],"curies":[{"name":"wp","href":"https:\/\/api.w.org\/{rel}","templated":true}]}}