{"id":2521,"date":"2018-02-07T19:31:41","date_gmt":"2018-02-07T21:31:41","guid":{"rendered":"https:\/\/arduxop.com.br\/loja\/?post_type=product&#038;p=2521"},"modified":"2024-07-25T07:56:22","modified_gmt":"2024-07-25T11:56:22","slug":"modulo-i2c-para-servo","status":"publish","type":"product","link":"https:\/\/arduxop.com.br\/loja\/produto\/modulo-i2c-para-servo\/","title":{"rendered":"M\u00f3dulo I2c Expansor Para Servos"},"content":{"rendered":"<section class=\"main-section item-description \">\n<div class=\"item-description__content \">\n<div class=\"item-description__text\">\n<p>Precisa de mais portas PWM no seu projeto? Utilize o m\u00f3dulo Adafruit Driver Servo PWM 16 canais, com controlador PCA9685 e interface de comunica\u00e7\u00e3o I2C, dispon\u00edvel na maioria dos microcontroladores como Arduino, PIC, ARM, etc.<\/p>\n<p>Com este m\u00f3dulo, voc\u00ea pode interligar at\u00e9 62 m\u00f3dulos e controlar at\u00e9 992 sa\u00eddas PWM utilizando apenas 2 pinos do microcontrolador (SCL e SDA).<\/p>\n<p>O m\u00f3dulo possui conex\u00e3o para alimenta\u00e7\u00e3o externa (recomendado), e pino de OE (Output Enable) para ligar ou desligar rapidamente todas as sa\u00eddas.<\/p>\n<p>Especifica\u00e7\u00f5es:<br \/>\n\u2013 M\u00f3dulo controle servo motor e portas PWM<br \/>\n\u2013 Controlador PCA9685<br \/>\n\u2013 16 canais<br \/>\n\u2013 Bloco de terminais para alimenta\u00e7\u00e3o externa<br \/>\n\u2013 Compat\u00edvel com microcontroladores 3.3 e 5V<br \/>\n\u2013 12 bits de resolu\u00e7\u00e3o<br \/>\n\u2013 Sele\u00e7\u00e3o de endere\u00e7o I2C<br \/>\n\u2013 Dimens\u00f5es: 62,5 x 25 x 3,8mm (sem os pinos)<\/p>\n<\/div>\n<\/div>\n<\/section>\n<section id=\"reviewsCard\" class=\"vip-section-reviews ui-view-more main-section \">\n<div class=\"vip-card\">\n<h2 class=\"main-section__title\"><\/h2>\n<\/div>\n<\/section>\n","protected":false},"excerpt":{"rendered":"<p>M\u00f3dulo I2c expansor Para Servo Motor Pca9685 16 Canais Arduino<\/p>\n","protected":false},"featured_media":2522,"template":"","meta":[],"product_brand":[],"product_cat":[50,192],"product_tag":[],"class_list":{"0":"post-2521","1":"product","2":"type-product","3":"status-publish","4":"has-post-thumbnail","6":"product_cat-modulos","7":"product_cat-servos","9":"entry","10":"has-media","12":"first","13":"outofstock","14":"shipping-taxable","15":"purchasable","16":"product-type-simple","17":"has-product-nav","18":"col","19":"span_1_of_3","20":"owp-content-center","21":"owp-thumbs-layout-horizontal","22":"owp-btn-normal","23":"owp-tabs-layout-horizontal"},"_links":{"self":[{"href":"https:\/\/arduxop.com.br\/loja\/wp-json\/wp\/v2\/product\/2521","targetHints":{"allow":["GET"]}}],"collection":[{"href":"https:\/\/arduxop.com.br\/loja\/wp-json\/wp\/v2\/product"}],"about":[{"href":"https:\/\/arduxop.com.br\/loja\/wp-json\/wp\/v2\/types\/product"}],"wp:featuredmedia":[{"embeddable":true,"href":"https:\/\/arduxop.com.br\/loja\/wp-json\/wp\/v2\/media\/2522"}],"wp:attachment":[{"href":"https:\/\/arduxop.com.br\/loja\/wp-json\/wp\/v2\/media?parent=2521"}],"wp:term":[{"taxonomy":"product_brand","embeddable":true,"href":"https:\/\/arduxop.com.br\/loja\/wp-json\/wp\/v2\/product_brand?post=2521"},{"taxonomy":"product_cat","embeddable":true,"href":"https:\/\/arduxop.com.br\/loja\/wp-json\/wp\/v2\/product_cat?post=2521"},{"taxonomy":"product_tag","embeddable":true,"href":"https:\/\/arduxop.com.br\/loja\/wp-json\/wp\/v2\/product_tag?post=2521"}],"curies":[{"name":"wp","href":"https:\/\/api.w.org\/{rel}","templated":true}]}}