{"id":2494,"date":"2018-02-07T10:11:08","date_gmt":"2018-02-07T12:11:08","guid":{"rendered":"https:\/\/arduxop.com.br\/loja\/?post_type=product&#038;p=2494"},"modified":"2024-07-25T07:56:22","modified_gmt":"2024-07-25T11:56:22","slug":"controle-remoto-infra-vermelho","status":"publish","type":"product","link":"https:\/\/arduxop.com.br\/loja\/produto\/controle-remoto-infra-vermelho\/","title":{"rendered":"Controle Remoto Infra Vermelho"},"content":{"rendered":"<p>Controle remoto infravermelho ultrafino universal opera na faixa de 38KHz, formato de codifica\u00e7\u00e3o NEC, de f\u00e1cil utiliza\u00e7\u00e3o, podendo ser utilizado em diversos projetos, como controle de rob\u00f4s, acionamentos de rel\u00e9s e atuadores dos mais variados tipos.<\/p>\n<p>Acompanha um receptor universal infravermelho VS1838B 38Khz, semelhante aos fotorreceptores AX-1838HS e TSOP1838.<\/p>\n<p><strong>Aten\u00e7ao: Este controle necessite de uma bateria (n\u00e3o inclusa) de 3v modelo: CR2025<\/strong><\/p>\n<p><strong>Especifica\u00e7\u00f5es:<\/strong><\/p>\n<p>&#8211; Quantidade Teclas: 21<br \/>\n&#8211; Bateria: 3V CR2025 (Nao Inclusa)<br \/>\n&#8211; Faixa de alcance: 8m ~ 10m<br \/>\n&#8211; Lan\u00e7amento tubo de comprimento de onda infravermelho: 940nm<br \/>\n&#8211; IR frequ\u00eancia portadora: 38KHz<br \/>\n&#8211; Codifica\u00e7\u00e3o: o formato de codifica\u00e7\u00e3o NEC, esquema de codifica\u00e7\u00e3o upd6122, o c\u00f3digo de utilizador 00FF<br \/>\n&#8211; Tamanho: 86 X 40 X 6mm<br \/>\n&#8211; Freq\u00fc\u00eancia: 38Khz<br \/>\n&#8211; Fonte de energia: CR2025\/160mAH<br \/>\n&#8211; Vida \u00fatil das teclas: 20000 acionamentos<\/p>\n<p><strong>Caracteristicas do Receptor:<\/strong><\/p>\n<p>Frequ\u00eancia de trabalho: 38Khz<br \/>\nTens\u00e3o de trabalho: 2,7 a 5,5V<br \/>\nConsumo de corrente: 0,4 a 1,5mA<br \/>\n\u00c2ngulo: +\/- 45\u00b0<br \/>\nTens\u00e3o em n\u00edvel l\u00f3gico baixo: 0,4V<br \/>\nTens\u00e3o em n\u00edvel l\u00f3gico alto: at\u00e9 4,5V<\/p>\n","protected":false},"excerpt":{"rendered":"<p class=\"item-title__primary \">Controle Remoto Infra Vermelho E Receptor<\/p>\n","protected":false},"featured_media":3620,"template":"","meta":[],"product_brand":[],"product_cat":[195],"product_tag":[],"class_list":{"0":"post-2494","1":"product","2":"type-product","3":"status-publish","4":"has-post-thumbnail","6":"product_cat-controle-remoto","8":"entry","9":"has-media","11":"first","12":"instock","13":"shipping-taxable","14":"purchasable","15":"product-type-simple","16":"has-product-nav","17":"col","18":"span_1_of_3","19":"owp-content-center","20":"owp-thumbs-layout-horizontal","21":"owp-btn-normal","22":"owp-tabs-layout-horizontal","23":"has-no-thumbnails"},"_links":{"self":[{"href":"https:\/\/arduxop.com.br\/loja\/wp-json\/wp\/v2\/product\/2494","targetHints":{"allow":["GET"]}}],"collection":[{"href":"https:\/\/arduxop.com.br\/loja\/wp-json\/wp\/v2\/product"}],"about":[{"href":"https:\/\/arduxop.com.br\/loja\/wp-json\/wp\/v2\/types\/product"}],"wp:featuredmedia":[{"embeddable":true,"href":"https:\/\/arduxop.com.br\/loja\/wp-json\/wp\/v2\/media\/3620"}],"wp:attachment":[{"href":"https:\/\/arduxop.com.br\/loja\/wp-json\/wp\/v2\/media?parent=2494"}],"wp:term":[{"taxonomy":"product_brand","embeddable":true,"href":"https:\/\/arduxop.com.br\/loja\/wp-json\/wp\/v2\/product_brand?post=2494"},{"taxonomy":"product_cat","embeddable":true,"href":"https:\/\/arduxop.com.br\/loja\/wp-json\/wp\/v2\/product_cat?post=2494"},{"taxonomy":"product_tag","embeddable":true,"href":"https:\/\/arduxop.com.br\/loja\/wp-json\/wp\/v2\/product_tag?post=2494"}],"curies":[{"name":"wp","href":"https:\/\/api.w.org\/{rel}","templated":true}]}}