{"id":2448,"date":"2018-02-05T17:40:36","date_gmt":"2018-02-05T19:40:36","guid":{"rendered":"https:\/\/arduxop.com.br\/loja\/?post_type=product&#038;p=2448"},"modified":"2024-07-25T07:56:23","modified_gmt":"2024-07-25T11:56:23","slug":"chassi-de-acrilico","status":"publish","type":"product","link":"https:\/\/arduxop.com.br\/loja\/produto\/chassi-de-acrilico\/","title":{"rendered":"Chassi de acr\u00edlico"},"content":{"rendered":"","protected":false},"excerpt":{"rendered":"<p>Chassi acr\u00edlico para carro Rob\u00f3tico<\/p>\n","protected":false},"featured_media":2449,"template":"","meta":[],"product_brand":[],"product_cat":[48,409],"product_tag":[],"class_list":{"0":"post-2448","1":"product","2":"type-product","3":"status-publish","4":"has-post-thumbnail","6":"product_cat-kits","7":"product_cat-robotica","9":"entry","10":"has-media","12":"first","13":"instock","14":"shipping-taxable","15":"purchasable","16":"product-type-simple","17":"has-product-nav","18":"col","19":"span_1_of_3","20":"owp-content-center","21":"owp-thumbs-layout-horizontal","22":"owp-btn-normal","23":"owp-tabs-layout-horizontal"},"_links":{"self":[{"href":"https:\/\/arduxop.com.br\/loja\/wp-json\/wp\/v2\/product\/2448","targetHints":{"allow":["GET"]}}],"collection":[{"href":"https:\/\/arduxop.com.br\/loja\/wp-json\/wp\/v2\/product"}],"about":[{"href":"https:\/\/arduxop.com.br\/loja\/wp-json\/wp\/v2\/types\/product"}],"wp:featuredmedia":[{"embeddable":true,"href":"https:\/\/arduxop.com.br\/loja\/wp-json\/wp\/v2\/media\/2449"}],"wp:attachment":[{"href":"https:\/\/arduxop.com.br\/loja\/wp-json\/wp\/v2\/media?parent=2448"}],"wp:term":[{"taxonomy":"product_brand","embeddable":true,"href":"https:\/\/arduxop.com.br\/loja\/wp-json\/wp\/v2\/product_brand?post=2448"},{"taxonomy":"product_cat","embeddable":true,"href":"https:\/\/arduxop.com.br\/loja\/wp-json\/wp\/v2\/product_cat?post=2448"},{"taxonomy":"product_tag","embeddable":true,"href":"https:\/\/arduxop.com.br\/loja\/wp-json\/wp\/v2\/product_tag?post=2448"}],"curies":[{"name":"wp","href":"https:\/\/api.w.org\/{rel}","templated":true}]}}