{"id":2360,"date":"2018-01-24T12:21:35","date_gmt":"2018-01-24T14:21:35","guid":{"rendered":"https:\/\/arduxop.com.br\/loja\/?post_type=product&#038;p=2360"},"modified":"2024-07-25T07:56:24","modified_gmt":"2024-07-25T11:56:24","slug":"roda-amarela","status":"publish","type":"product","link":"https:\/\/arduxop.com.br\/loja\/produto\/roda-amarela\/","title":{"rendered":"Roda Amarela"},"content":{"rendered":"<p>Roda amarela de 68mm produzida em pl\u00e1stico resistente e pneu com frisos em material emborrachado, \u00e9 ideal para projetos rob\u00f3ticos, carrinhos, rob\u00f4 seguidor de linha, entre outros.<\/p>\n<p>Ideal para utiliza\u00e7\u00e3o em conjunto com o Motor DC 3-6V com Caixa de Redu\u00e7\u00e3o que possui um acoplamento perfeito para esta roda.<\/p>\n<p>Especifica\u00e7\u00f5es:<br \/>\n&#8211; Di\u00e2metro: 68mm<br \/>\n&#8211; Largura: 26mm<br \/>\n&#8211; Furo central: 5,3 x 3,66mm (Semic\u00edrculo)<br \/>\n&#8211; Peso: 50g<\/p>\n<p>&nbsp;<\/p>\n","protected":false},"excerpt":{"rendered":"<p>Roda Amarela 68mm Para Chassi Rob\u00f4<\/p>\n","protected":false},"featured_media":2362,"template":"","meta":[],"product_brand":[],"product_cat":[47,51],"product_tag":[],"class_list":{"0":"post-2360","1":"product","2":"type-product","3":"status-publish","4":"has-post-thumbnail","6":"product_cat-diversos","7":"product_cat-motores","9":"entry","10":"has-media","12":"first","13":"instock","14":"shipping-taxable","15":"purchasable","16":"product-type-simple","17":"has-product-nav","18":"col","19":"span_1_of_3","20":"owp-content-center","21":"owp-thumbs-layout-horizontal","22":"owp-btn-normal","23":"owp-tabs-layout-horizontal"},"_links":{"self":[{"href":"https:\/\/arduxop.com.br\/loja\/wp-json\/wp\/v2\/product\/2360","targetHints":{"allow":["GET"]}}],"collection":[{"href":"https:\/\/arduxop.com.br\/loja\/wp-json\/wp\/v2\/product"}],"about":[{"href":"https:\/\/arduxop.com.br\/loja\/wp-json\/wp\/v2\/types\/product"}],"wp:featuredmedia":[{"embeddable":true,"href":"https:\/\/arduxop.com.br\/loja\/wp-json\/wp\/v2\/media\/2362"}],"wp:attachment":[{"href":"https:\/\/arduxop.com.br\/loja\/wp-json\/wp\/v2\/media?parent=2360"}],"wp:term":[{"taxonomy":"product_brand","embeddable":true,"href":"https:\/\/arduxop.com.br\/loja\/wp-json\/wp\/v2\/product_brand?post=2360"},{"taxonomy":"product_cat","embeddable":true,"href":"https:\/\/arduxop.com.br\/loja\/wp-json\/wp\/v2\/product_cat?post=2360"},{"taxonomy":"product_tag","embeddable":true,"href":"https:\/\/arduxop.com.br\/loja\/wp-json\/wp\/v2\/product_tag?post=2360"}],"curies":[{"name":"wp","href":"https:\/\/api.w.org\/{rel}","templated":true}]}}