{"id":2269,"date":"2018-01-23T16:31:32","date_gmt":"2018-01-23T19:31:32","guid":{"rendered":"https:\/\/arduxop.com.br\/loja\/?post_type=product&#038;p=2269"},"modified":"2024-07-25T07:56:25","modified_gmt":"2024-07-25T11:56:25","slug":"placa-arduino-stand-alone","status":"publish","type":"product","link":"https:\/\/arduxop.com.br\/loja\/produto\/placa-arduino-stand-alone\/","title":{"rendered":"Placa Arduino Stand Alone"},"content":{"rendered":"<p><strong>Caracter\u00edsticas<\/strong>:<\/p>\n<div class=\"wpb_text_column wpb_content_element \">\n<div class=\"wpb_wrapper\">\n<ul>\n<li>Sa\u00edda de 5v, garante a alimenta\u00e7\u00e3o para todo o funcionamento da placa, pois esta \u00e9 a tens\u00e3o m\u00e1xima suportada pelo microcontrolador Atmega328p-PU.<\/li>\n<li>Sa\u00edda de 3.3v, geralmente utilizado para alimenta\u00e7\u00e3o de m\u00f3dulos e componentes adicionais que exigem esta tens\u00e3o.<\/li>\n<li>Led, ao estar acesso, informa que a placa est\u00e1 ligada ou energizada.<\/li>\n<li>Bot\u00e3o Reset, tem como objetivo para reiniciar o sistema quando necess\u00e1rio.<\/li>\n<li>Entrada que auxilia na grava\u00e7\u00e3o do bootloader no microcontrolador.<\/li>\n<li>Entrada para m\u00f3dulos conversores TTL &gt; USB, que s\u00e3o respons\u00e1veis pela comunica\u00e7\u00e3o entre a placa e seu computador, possibilitando assim a grava\u00e7\u00e3o dos c\u00f3digos (sketchs) no microcontrolador, utilizando tamb\u00e9m a placa Atmaker 1.3 como uma plataforma de desenvolvimento semelhante a um Arduino\u00a9 Uno.<\/li>\n<li>\u00a0Op\u00e7\u00f5es de soldagem para a utiliza\u00e7\u00e3o tanto do conector Jack P4 F\u00eamea, quanto a do Borne de 2 terminais, ou se desejar, ambos.<\/li>\n<li>\u00a0A disponibilidade de todas as portas de entrada e sa\u00edda do microcontrolador para serem programadas de acordo com a necessidade do projeto em quest\u00e3o.<\/li>\n<\/ul>\n<\/div>\n<\/div>\n<p><strong>OBS: <\/strong><strong>Esta placa n\u00e3o acompanha componentes.<\/strong><\/p>\n","protected":false},"excerpt":{"rendered":"<p>Placa de Circuito Impresso<\/p>\n","protected":false},"featured_media":2270,"template":"","meta":[],"product_brand":[],"product_cat":[175],"product_tag":[332,333,331],"class_list":{"0":"post-2269","1":"product","2":"type-product","3":"status-publish","4":"has-post-thumbnail","6":"product_cat-placas","7":"product_tag-circuito","8":"product_tag-impresso","9":"product_tag-placa","11":"entry","12":"has-media","14":"first","15":"instock","16":"shipping-taxable","17":"purchasable","18":"product-type-simple","19":"has-product-nav","20":"col","21":"span_1_of_3","22":"owp-content-center","23":"owp-thumbs-layout-horizontal","24":"owp-btn-normal","25":"owp-tabs-layout-horizontal","26":"has-no-thumbnails"},"_links":{"self":[{"href":"https:\/\/arduxop.com.br\/loja\/wp-json\/wp\/v2\/product\/2269","targetHints":{"allow":["GET"]}}],"collection":[{"href":"https:\/\/arduxop.com.br\/loja\/wp-json\/wp\/v2\/product"}],"about":[{"href":"https:\/\/arduxop.com.br\/loja\/wp-json\/wp\/v2\/types\/product"}],"wp:featuredmedia":[{"embeddable":true,"href":"https:\/\/arduxop.com.br\/loja\/wp-json\/wp\/v2\/media\/2270"}],"wp:attachment":[{"href":"https:\/\/arduxop.com.br\/loja\/wp-json\/wp\/v2\/media?parent=2269"}],"wp:term":[{"taxonomy":"product_brand","embeddable":true,"href":"https:\/\/arduxop.com.br\/loja\/wp-json\/wp\/v2\/product_brand?post=2269"},{"taxonomy":"product_cat","embeddable":true,"href":"https:\/\/arduxop.com.br\/loja\/wp-json\/wp\/v2\/product_cat?post=2269"},{"taxonomy":"product_tag","embeddable":true,"href":"https:\/\/arduxop.com.br\/loja\/wp-json\/wp\/v2\/product_tag?post=2269"}],"curies":[{"name":"wp","href":"https:\/\/api.w.org\/{rel}","templated":true}]}}