{"id":2266,"date":"2018-01-23T16:25:11","date_gmt":"2018-01-23T19:25:11","guid":{"rendered":"https:\/\/arduxop.com.br\/loja\/?post_type=product&#038;p=2266"},"modified":"2024-07-25T07:56:26","modified_gmt":"2024-07-25T11:56:26","slug":"placa-perfurada","status":"publish","type":"product","link":"https:\/\/arduxop.com.br\/loja\/produto\/placa-perfurada\/","title":{"rendered":"Placa Perfurada"},"content":{"rendered":"<p>ITEM IDEAL PARA PROJETOS DE<br \/>CIRCUITOS ELETR\u00d4NICOS, PROTOTIPO E ARDUINO.<\/p>\n<p>Placa perfurada de dupla face em fibra de vidro com as dimens\u00f5es de 3cm x 7cm<br \/>com colunas e linhas marcadas com letras e numera\u00e7\u00e3o para facilitar a<br \/>identifica\u00e7\u00e3o na hora da montagem de seu projeto.<\/p>\n<p>ideal para seu projeto pois ao usar um Protoboard na simula\u00e7\u00e3o do circuito<br \/>voc\u00ea faz a transfer\u00eancia de todos os componentes de forma r\u00e1pida e f\u00e1cil<br \/>dando assim mais praticidade e economia de tempo.<\/p>\n<p>seja moderno e criativo pois com esta placa n\u00e3o se torna mais necess\u00e1rio<br \/>o uso confec\u00e7\u00e3o de placas com o sistema de desenhar o layout na placa<br \/>com caneta e depois efetuar a corros\u00e3o com o percloreto de ferro.<\/p>\n<p>outra vantagem e que os furos de 01 mil\u00edmetro da placa j\u00e1 vem pr\u00e9-estanhados<br \/>dando assim mais seguran\u00e7a na hora da montagem dos componentes eletr\u00f4nicos e<br \/>n\u00e3o deixando os mesmo sofrer calor excessivo podendo causar<br \/>superaquecimento e vir a danificar os seus componentes eletr\u00f4nicos.<\/p>\n<p>possui 04 furos nas extremidades para sua fixa\u00e7\u00e3o<br \/>medindo 02 mil\u00edmetros de di\u00e2metro cada.<\/p>\n<p>ITEM IDEAL PARA PROJETOS DE<br \/>CIRCUITOS ELETR\u00d4NICOS, PROTOTIPO E ARDUINO.<\/p>\n<p>Cor: Verde<br \/>Material: Fibra de vidro<br \/>Di\u00e2metro do furo: 1.0mm<br \/>Campo Hole: 2,54 mil\u00edmetros entre furos de 01 mil\u00edmetro (100mil)<br \/>Adequado para experimento, prototipo, concep\u00e7\u00e3o eletr\u00f4nica e DIY etc.<br \/>Cont\u00e9m 01 pe\u00e7a por pacote<br \/>Peso de cada placa 05 GRAMAS<br \/>DIMENS\u00d5ES DA PLACA 3CM X 7CM<br \/>CONSTRU\u00c7\u00c3O DA PLACA EM DUPLA FACE<\/p>\n","protected":false},"excerpt":{"rendered":"<p class=\"item-title__primary \">Placa Circuito Impresso Dupla Face Perfurada Ilhada 5x7cm<\/p>\n","protected":false},"featured_media":2267,"template":"","meta":[],"product_brand":[],"product_cat":[175],"product_tag":[],"class_list":{"0":"post-2266","1":"product","2":"type-product","3":"status-publish","4":"has-post-thumbnail","6":"product_cat-placas","8":"entry","9":"has-media","11":"first","12":"instock","13":"shipping-taxable","14":"purchasable","15":"product-type-simple","16":"has-product-nav","17":"col","18":"span_1_of_3","19":"owp-content-center","20":"owp-thumbs-layout-horizontal","21":"owp-btn-normal","22":"owp-tabs-layout-horizontal"},"_links":{"self":[{"href":"https:\/\/arduxop.com.br\/loja\/wp-json\/wp\/v2\/product\/2266","targetHints":{"allow":["GET"]}}],"collection":[{"href":"https:\/\/arduxop.com.br\/loja\/wp-json\/wp\/v2\/product"}],"about":[{"href":"https:\/\/arduxop.com.br\/loja\/wp-json\/wp\/v2\/types\/product"}],"wp:featuredmedia":[{"embeddable":true,"href":"https:\/\/arduxop.com.br\/loja\/wp-json\/wp\/v2\/media\/2267"}],"wp:attachment":[{"href":"https:\/\/arduxop.com.br\/loja\/wp-json\/wp\/v2\/media?parent=2266"}],"wp:term":[{"taxonomy":"product_brand","embeddable":true,"href":"https:\/\/arduxop.com.br\/loja\/wp-json\/wp\/v2\/product_brand?post=2266"},{"taxonomy":"product_cat","embeddable":true,"href":"https:\/\/arduxop.com.br\/loja\/wp-json\/wp\/v2\/product_cat?post=2266"},{"taxonomy":"product_tag","embeddable":true,"href":"https:\/\/arduxop.com.br\/loja\/wp-json\/wp\/v2\/product_tag?post=2266"}],"curies":[{"name":"wp","href":"https:\/\/api.w.org\/{rel}","templated":true}]}}