{"id":2225,"date":"2018-01-23T14:41:36","date_gmt":"2018-01-23T16:41:36","guid":{"rendered":"https:\/\/arduxop.com.br\/loja\/?post_type=product&#038;p=2225"},"modified":"2024-07-25T07:56:27","modified_gmt":"2024-07-25T11:56:27","slug":"display-lcd-16x2","status":"publish","type":"product","link":"https:\/\/arduxop.com.br\/loja\/produto\/display-lcd-16x2\/","title":{"rendered":"Display Lcd 16&#215;2"},"content":{"rendered":"<p style=\"text-align: left\" align=\"center\">Display LCD\u00a0com backlight azul<\/p>\n<p style=\"text-align: left\" align=\"center\">2 linhas por 16 colunas, padr\u00e3o paralelo (Hitachi HD44780).<\/p>\n<p style=\"text-align: left\" align=\"center\">Ideal para utiliza\u00e7\u00e3o com qualquer modelo de microcontrolador ou Casemod.<\/p>\n<p style=\"text-align: left\" align=\"center\">Funciona com barramento de 4 ou 8 bits e tamb\u00e9m na porta paralela do PC.<\/p>\n","protected":false},"excerpt":{"rendered":"<p>Display LCD\u00a0com backlight azul 2 linhas por 16 colunas, padr\u00e3o paralelo (Hitachi HD44780). Ideal para utiliza\u00e7\u00e3o com qualquer modelo de microcontrolador ou Casemod. Funciona com barramento de 4 ou 8 bits e tamb\u00e9m na porta paralela do PC.<\/p>\n","protected":false},"featured_media":2491,"template":"","meta":[],"product_brand":[],"product_cat":[183,233],"product_tag":[],"class_list":{"0":"post-2225","1":"product","2":"type-product","3":"status-publish","4":"has-post-thumbnail","6":"product_cat-displays","7":"product_cat-lcd","9":"entry","10":"has-media","12":"first","13":"instock","14":"shipping-taxable","15":"purchasable","16":"product-type-simple","17":"has-product-nav","18":"col","19":"span_1_of_3","20":"owp-content-center","21":"owp-thumbs-layout-horizontal","22":"owp-btn-normal","23":"owp-tabs-layout-horizontal"},"_links":{"self":[{"href":"https:\/\/arduxop.com.br\/loja\/wp-json\/wp\/v2\/product\/2225","targetHints":{"allow":["GET"]}}],"collection":[{"href":"https:\/\/arduxop.com.br\/loja\/wp-json\/wp\/v2\/product"}],"about":[{"href":"https:\/\/arduxop.com.br\/loja\/wp-json\/wp\/v2\/types\/product"}],"wp:featuredmedia":[{"embeddable":true,"href":"https:\/\/arduxop.com.br\/loja\/wp-json\/wp\/v2\/media\/2491"}],"wp:attachment":[{"href":"https:\/\/arduxop.com.br\/loja\/wp-json\/wp\/v2\/media?parent=2225"}],"wp:term":[{"taxonomy":"product_brand","embeddable":true,"href":"https:\/\/arduxop.com.br\/loja\/wp-json\/wp\/v2\/product_brand?post=2225"},{"taxonomy":"product_cat","embeddable":true,"href":"https:\/\/arduxop.com.br\/loja\/wp-json\/wp\/v2\/product_cat?post=2225"},{"taxonomy":"product_tag","embeddable":true,"href":"https:\/\/arduxop.com.br\/loja\/wp-json\/wp\/v2\/product_tag?post=2225"}],"curies":[{"name":"wp","href":"https:\/\/api.w.org\/{rel}","templated":true}]}}