{"id":2106,"date":"2018-01-18T12:38:28","date_gmt":"2018-01-18T14:38:28","guid":{"rendered":"https:\/\/arduxop.com.br\/loja\/?post_type=product&#038;p=2106"},"modified":"2024-07-25T07:56:28","modified_gmt":"2024-07-25T11:56:28","slug":"adaptador-usb-para-programar-placa-modulo-esp8266","status":"publish","type":"product","link":"https:\/\/arduxop.com.br\/loja\/produto\/adaptador-usb-para-programar-placa-modulo-esp8266\/","title":{"rendered":"Programador para Esp8266 &#8211; ESP01"},"content":{"rendered":"<p>O Adaptador USB Serial para WiFi ESP8266 ESP-01 \u00e9 um m\u00f3dulo desenvolvido com a finalidade de converter a comunica\u00e7\u00e3o serial para USB e simplificar a conex\u00e3o do M\u00f3dulo WiFi ESP8266 ESP-01 ao computador.<\/p>\n<p>Este Adaptador USB Serial para WiFi ESP8266 ESP-01 possibilita que a depura\u00e7\u00e3o do ESP-01 possa ser feita a partir de um computador, bastando que a instala\u00e7\u00e3o do adaptador seja feita no sistema operacional e que seja utilizado uma ferramenta compat\u00edvel com plataformas ESP8266.<\/p>\n<p>O Adaptador USB Serial para WiFi ESP8266 ESP-01 utiliza o conversor USB serial CH340, que \u00e9 um chip de desempenho est\u00e1vel, \u00f3tima qualidade e \u00e9 compat\u00edvel com as vers\u00f5es mais recentes do Windows. Al\u00e9m disso, este m\u00f3dulo possui um capacitor de 1000\u00b5F de estado s\u00f3lido que tem como fun\u00e7\u00e3o garantir o fornecimento de corrente para o ESP-01, dessa forma evitando que o ESP-01 pare de responder aos comandos enviados devido \u00e0 baixa corrente.<\/p>\n<p>Se voc\u00ea tem um projeto pessoal ou um projeto de tcc da sua faculdade ou curso t\u00e9cnico e precisa de um Adaptador USB Serial para WiFi ESP8266 ESP-01 de qualidade, certamente essa \u00e9 sua melhor op\u00e7\u00e3o.<\/p>\n<p>O Adaptador USB Serial para WiFi ESP8266 ESP-01 possui uma \u00f3tima rela\u00e7\u00e3o custo x benef\u00edcio.<\/p>\n<p>&#8212; Especifica\u00e7\u00f5es:<\/p>\n<p>\u2022 Controlador: CH340G<br \/>\n\u2022 Tens\u00e3o de opera\u00e7\u00e3o: 5VDC<br \/>\n\u2022 Tipo de conversor: USB serial<br \/>\n\u2022 Cristal estabilizador: 3225 SMD<br \/>\n\u2022 Dimens\u00f5es: 17mm(L) X 10mm(A) X 49mm(C)<br \/>\n\u2022 Peso: 5g<\/p>\n","protected":false},"excerpt":{"rendered":"<p>O Adaptador USB Serial para WiFi ESP8266 ESP-01 \u00e9 um m\u00f3dulo desenvolvido com a finalidade de converter a comunica\u00e7\u00e3o serial para USB e simplificar a conex\u00e3o do M\u00f3dulo WiFi ESP8266 ESP-01 ao computador. Este Adaptador USB Serial para WiFi ESP8266 ESP-01 possibilita que a depura\u00e7\u00e3o do ESP-01 possa ser feita a partir de um computador, [&hellip;]<\/p>\n","protected":false},"featured_media":2107,"template":"","meta":[],"product_brand":[],"product_cat":[46,50,180],"product_tag":[],"class_list":{"0":"post-2106","1":"product","2":"type-product","3":"status-publish","4":"has-post-thumbnail","6":"product_cat-conversores-usb-serial","7":"product_cat-modulos","8":"product_cat-wifi","10":"entry","11":"has-media","13":"first","14":"instock","15":"shipping-taxable","16":"purchasable","17":"product-type-simple","18":"has-product-nav","19":"col","20":"span_1_of_3","21":"owp-content-center","22":"owp-thumbs-layout-horizontal","23":"owp-btn-normal","24":"owp-tabs-layout-horizontal"},"_links":{"self":[{"href":"https:\/\/arduxop.com.br\/loja\/wp-json\/wp\/v2\/product\/2106","targetHints":{"allow":["GET"]}}],"collection":[{"href":"https:\/\/arduxop.com.br\/loja\/wp-json\/wp\/v2\/product"}],"about":[{"href":"https:\/\/arduxop.com.br\/loja\/wp-json\/wp\/v2\/types\/product"}],"wp:featuredmedia":[{"embeddable":true,"href":"https:\/\/arduxop.com.br\/loja\/wp-json\/wp\/v2\/media\/2107"}],"wp:attachment":[{"href":"https:\/\/arduxop.com.br\/loja\/wp-json\/wp\/v2\/media?parent=2106"}],"wp:term":[{"taxonomy":"product_brand","embeddable":true,"href":"https:\/\/arduxop.com.br\/loja\/wp-json\/wp\/v2\/product_brand?post=2106"},{"taxonomy":"product_cat","embeddable":true,"href":"https:\/\/arduxop.com.br\/loja\/wp-json\/wp\/v2\/product_cat?post=2106"},{"taxonomy":"product_tag","embeddable":true,"href":"https:\/\/arduxop.com.br\/loja\/wp-json\/wp\/v2\/product_tag?post=2106"}],"curies":[{"name":"wp","href":"https:\/\/api.w.org\/{rel}","templated":true}]}}