{"id":2104,"date":"2018-01-18T12:32:21","date_gmt":"2018-01-18T15:32:21","guid":{"rendered":"https:\/\/arduxop.com.br\/loja\/?post_type=product&#038;p=2104"},"modified":"2025-10-20T13:36:23","modified_gmt":"2025-10-20T17:36:23","slug":"mini-celula-solar-fotovoltaica-12v","status":"publish","type":"product","link":"https:\/\/arduxop.com.br\/loja\/produto\/mini-celula-solar-fotovoltaica-12v\/","title":{"rendered":"Mini C\u00e9lula Solar Fotovoltaica 12v"},"content":{"rendered":"<p>Perfeito para acionar pequenos dispositivos e carregar baterias.<\/p>\n<p>Ideal para pequenos projetos auto sustent\u00e1veis com arduino dentre outras plataformas.<\/p>\n<p><strong>Caracter\u00edsticas:<\/strong><\/p>\n<p>Tens\u00e3o gerada at\u00e9 12V<\/p>\n<p>Pot\u00eancia m\u00e1xima 3W<\/p>\n<p>Corrente fornecida 250mA<\/p>\n<p>Dimens\u00f5es: 15cm x 15cm<\/p>\n<p><strong>Aten\u00e7\u00e3o!<\/strong>\u00a0Existe a possibilidade de interligar v\u00e1rias placas em s\u00e9rie somando a tens\u00e3o ou paralelo para aumentar a pot\u00eancial do seu projeto.<\/p>\n","protected":false},"excerpt":{"rendered":"<p>Perfeito para acionar pequenos dispositivos e carregar baterias.<\/p>\n<p>Ideal para pequenos projetos auto sustent\u00e1veis com arduino dentre outras plataformas.<\/p>\n<p>&nbsp;<\/p>\n","protected":false},"featured_media":2105,"template":"","meta":[],"product_brand":[],"product_cat":[45,185,187],"product_tag":[],"class_list":{"0":"post-2104","1":"product","2":"type-product","3":"status-publish","4":"has-post-thumbnail","6":"product_cat-componentes","7":"product_cat-fontes","8":"product_cat-pilhas-e-baterias","10":"entry","11":"has-media","13":"first","14":"instock","15":"shipping-taxable","16":"purchasable","17":"product-type-simple","18":"has-product-nav","19":"col","20":"span_1_of_3","21":"owp-content-center","22":"owp-thumbs-layout-horizontal","23":"owp-btn-normal","24":"owp-tabs-layout-horizontal","25":"has-no-thumbnails"},"_links":{"self":[{"href":"https:\/\/arduxop.com.br\/loja\/wp-json\/wp\/v2\/product\/2104","targetHints":{"allow":["GET"]}}],"collection":[{"href":"https:\/\/arduxop.com.br\/loja\/wp-json\/wp\/v2\/product"}],"about":[{"href":"https:\/\/arduxop.com.br\/loja\/wp-json\/wp\/v2\/types\/product"}],"wp:featuredmedia":[{"embeddable":true,"href":"https:\/\/arduxop.com.br\/loja\/wp-json\/wp\/v2\/media\/2105"}],"wp:attachment":[{"href":"https:\/\/arduxop.com.br\/loja\/wp-json\/wp\/v2\/media?parent=2104"}],"wp:term":[{"taxonomy":"product_brand","embeddable":true,"href":"https:\/\/arduxop.com.br\/loja\/wp-json\/wp\/v2\/product_brand?post=2104"},{"taxonomy":"product_cat","embeddable":true,"href":"https:\/\/arduxop.com.br\/loja\/wp-json\/wp\/v2\/product_cat?post=2104"},{"taxonomy":"product_tag","embeddable":true,"href":"https:\/\/arduxop.com.br\/loja\/wp-json\/wp\/v2\/product_tag?post=2104"}],"curies":[{"name":"wp","href":"https:\/\/api.w.org\/{rel}","templated":true}]}}