{"id":1975,"date":"2018-01-16T11:29:04","date_gmt":"2018-01-16T13:29:04","guid":{"rendered":"https:\/\/arduxop.com.br\/loja\/produto\/controle-remoto-rf-315mhz-4-canais-receptor-arduino\/"},"modified":"2024-07-25T07:56:38","modified_gmt":"2024-07-25T11:56:38","slug":"controle-remoto-rf-315mhz-4-canais-receptor-arduino","status":"publish","type":"product","link":"https:\/\/arduxop.com.br\/loja\/produto\/controle-remoto-rf-315mhz-4-canais-receptor-arduino\/","title":{"rendered":"Controle Remoto"},"content":{"rendered":"<p>Kit controle remoto RF 315Mhz com receptor de 4 canais J\u00e1 possui o encoder (No controle\/transmissor) e o decoder no receptor com 4 sa\u00eddas digitais. Utiliza os CI\u00b4s SC2272\/2262 Se usado como 4 bits de dados, as combina\u00e7\u00f5es entre as teclas do controle podem fornecer at\u00e9 16 possibilidades (contando a desligado). Por exemplo, acionando apenas a tecla &#8216;A&#8217;, uma possibilidade, acionando a tecla &#8216;A&#8217; + &#8216;B&#8217;, outra possibilidade, &#8216;A&#8217; + &#8216;C&#8217; outra e assim por diante. Caracter\u00edsticas: Tens\u00e3o: 5V dc Corrente: 4,5mA Temperatura de trabalho: -10\u00baC ~ +70\u00baC Sensibilidade de recep\u00e7\u00e3o: -105DB Frequ\u00eancia de trabalho: 315Mhz Encoder: Endere\u00e7o formado por jumper Controle: Alta qualidade com 4 teclas com protetor Alcance: M\u00e9dia de 100m Liga\u00e7\u00f5es: VT: Indica o status da conex\u00e3o\/Recep\u00e7\u00e3o D3: Sa\u00edda D2: Sa\u00edda D1: Sa\u00edda D0: Sa\u00edda 5V: Alimenta\u00e7\u00e3o Positiva GND: GND ANT: Antena Acompanha: 1 x Controle remoto transmissor de 4 teclas 1 x Receptor com encoder<\/p>\n","protected":false},"excerpt":{"rendered":"<p>Controle Remoto Rf 315mhz 4 Canais + Receptor Arduino<\/p>\n","protected":false},"featured_media":965,"template":"","meta":[],"product_brand":[],"product_cat":[195,48,175],"product_tag":[],"class_list":{"0":"post-1975","1":"product","2":"type-product","3":"status-publish","4":"has-post-thumbnail","6":"product_cat-controle-remoto","7":"product_cat-kits","8":"product_cat-placas","10":"entry","11":"has-media","13":"first","14":"outofstock","15":"purchasable","16":"product-type-simple","17":"has-product-nav","18":"col","19":"span_1_of_3","20":"owp-content-center","21":"owp-thumbs-layout-horizontal","22":"owp-btn-normal","23":"owp-tabs-layout-horizontal","24":"has-no-thumbnails"},"_links":{"self":[{"href":"https:\/\/arduxop.com.br\/loja\/wp-json\/wp\/v2\/product\/1975","targetHints":{"allow":["GET"]}}],"collection":[{"href":"https:\/\/arduxop.com.br\/loja\/wp-json\/wp\/v2\/product"}],"about":[{"href":"https:\/\/arduxop.com.br\/loja\/wp-json\/wp\/v2\/types\/product"}],"wp:featuredmedia":[{"embeddable":true,"href":"https:\/\/arduxop.com.br\/loja\/wp-json\/wp\/v2\/media\/965"}],"wp:attachment":[{"href":"https:\/\/arduxop.com.br\/loja\/wp-json\/wp\/v2\/media?parent=1975"}],"wp:term":[{"taxonomy":"product_brand","embeddable":true,"href":"https:\/\/arduxop.com.br\/loja\/wp-json\/wp\/v2\/product_brand?post=1975"},{"taxonomy":"product_cat","embeddable":true,"href":"https:\/\/arduxop.com.br\/loja\/wp-json\/wp\/v2\/product_cat?post=1975"},{"taxonomy":"product_tag","embeddable":true,"href":"https:\/\/arduxop.com.br\/loja\/wp-json\/wp\/v2\/product_tag?post=1975"}],"curies":[{"name":"wp","href":"https:\/\/api.w.org\/{rel}","templated":true}]}}