{"id":1972,"date":"2018-01-16T11:29:04","date_gmt":"2018-01-16T14:29:04","guid":{"rendered":"https:\/\/arduxop.com.br\/loja\/produto\/conversor-de-nivel-logico-bidirecional-i2c-5v-33v\/"},"modified":"2024-07-25T07:56:37","modified_gmt":"2024-07-25T11:56:37","slug":"conversor-de-nivel-logico-bidirecional-i2c-5v-33v","status":"publish","type":"product","link":"https:\/\/arduxop.com.br\/loja\/produto\/conversor-de-nivel-logico-bidirecional-i2c-5v-33v\/","title":{"rendered":"Conversor De N\u00edvel L\u00f3gico Bidirecional &#8211; I2c &#8211; 5v \/ 3,3v"},"content":{"rendered":"<p>M\u00f3dulo Conversor de N\u00edvel L\u00f3gico Bidirecional O Conversor de N\u00edvel L\u00f3gico 5V 3.3V 4 Canais \u00e9 um m\u00f3dulo indispens\u00e1vel a todos que trabalham com microcontroladores, uma vez que em alguns momentos ir\u00e1 existir a incompatibilidade entre o microcontrolador que voc\u00ea est\u00e1 usando e algum outro perif\u00e9rico, podemos citar como exemplo a conex\u00e3o entre o Arduino e o m\u00f3dulo wifi ESP8266, enquanto o esp8266 funciona com um tens\u00e3o l\u00f3gica de 3.3V, o Arduino tem uma tens\u00e3o l\u00f3gica de 5V, divisores de tens\u00e3o resolvem a quest\u00e3o, por\u00e9m, em alguns casos esse m\u00e9todo se torna impratic\u00e1vel por n\u00e3o ser o m\u00e9todo mais confi\u00e1vel.<\/p>\n<p>O Conversor de N\u00edvel L\u00f3gico 5V 3.3V, como o pr\u00f3prio nome diz, \u00e9 capaz de converter sinais de 3.3V para 5V e 5V para 3.3V, ele possui dois canais que podem trabalhar ambos ao mesmo tempo ou de forma individual.<\/p>\n<p>O m\u00f3dulo possui os pinos HV(high voltage), LV(Low Voltage) e GND que s\u00e3o as tens\u00f5es de refer\u00eancia, para o correto funcionamento do m\u00f3dulo todos os 3 pinos devem estar conectados.<\/p>\n<p>Os pinos TX0 e TXI s\u00e3o bidirecionais, podendo converter sinais de 3.3V a 5V nos dois sentidos.<\/p>\n<p>Por sua vez, os pinos RX0 e RXI s\u00e3o unidirecionais, o sinal de 5V entra no RXI e sai 5V no RX0<\/p>\n<p>Especifica\u00e7\u00f5es\/Caracter\u00edsticas:<\/p>\n<p>HV: ~5VHVx: Comunica\u00e7\u00e3o de 5VLV: ~3VLVx:<\/p>\n<p>Comunica\u00e7\u00e3o de 3VN\u00famero de Canis: 4Pode ser utilizado tamb\u00e9m em: UART(Serial)\/I2C\/1-Wire\/SPIBase de convers\u00e3o: Transistor de Efeito de Campo FET \/ Divisor resistivoDimens\u00f5es 15x13mm<\/p>\n<p>Peso: 2g<\/p>\n<p>Acompanha: 01 &#8211; M\u00f3dulo Conversor de N\u00edvel L\u00f3gico Bidirecional01 &#8211; Barra de pinos<\/p>\n","protected":false},"excerpt":{"rendered":"<p>M\u00f3dulo Conversor de N\u00edvel L\u00f3gico Bidirecional O Conversor de N\u00edvel L\u00f3gico 5V 3.3V 4 Canais \u00e9 um m\u00f3dulo indispens\u00e1vel a todos que trabalham com microcontroladores, uma vez que em alguns momentos ir\u00e1 existir a incompatibilidade entre o microcontrolador que voc\u00ea est\u00e1 usando e algum outro perif\u00e9rico, podemos citar como exemplo a conex\u00e3o entre o Arduino [&hellip;]<\/p>\n","protected":false},"featured_media":1973,"template":"","meta":[],"product_brand":[],"product_cat":[46],"product_tag":[],"class_list":{"0":"post-1972","1":"product","2":"type-product","3":"status-publish","4":"has-post-thumbnail","6":"product_cat-conversores-usb-serial","8":"entry","9":"has-media","11":"first","12":"outofstock","13":"purchasable","14":"product-type-simple","15":"has-product-nav","16":"col","17":"span_1_of_3","18":"owp-content-center","19":"owp-thumbs-layout-horizontal","20":"owp-btn-normal","21":"owp-tabs-layout-horizontal"},"_links":{"self":[{"href":"https:\/\/arduxop.com.br\/loja\/wp-json\/wp\/v2\/product\/1972","targetHints":{"allow":["GET"]}}],"collection":[{"href":"https:\/\/arduxop.com.br\/loja\/wp-json\/wp\/v2\/product"}],"about":[{"href":"https:\/\/arduxop.com.br\/loja\/wp-json\/wp\/v2\/types\/product"}],"wp:featuredmedia":[{"embeddable":true,"href":"https:\/\/arduxop.com.br\/loja\/wp-json\/wp\/v2\/media\/1973"}],"wp:attachment":[{"href":"https:\/\/arduxop.com.br\/loja\/wp-json\/wp\/v2\/media?parent=1972"}],"wp:term":[{"taxonomy":"product_brand","embeddable":true,"href":"https:\/\/arduxop.com.br\/loja\/wp-json\/wp\/v2\/product_brand?post=1972"},{"taxonomy":"product_cat","embeddable":true,"href":"https:\/\/arduxop.com.br\/loja\/wp-json\/wp\/v2\/product_cat?post=1972"},{"taxonomy":"product_tag","embeddable":true,"href":"https:\/\/arduxop.com.br\/loja\/wp-json\/wp\/v2\/product_tag?post=1972"}],"curies":[{"name":"wp","href":"https:\/\/api.w.org\/{rel}","templated":true}]}}