{"id":1969,"date":"2018-01-16T11:29:04","date_gmt":"2018-01-16T13:29:04","guid":{"rendered":"https:\/\/arduxop.com.br\/loja\/produto\/placa-arm-stm32-stm32f103c8t6\/"},"modified":"2024-07-25T07:56:36","modified_gmt":"2024-07-25T11:56:36","slug":"placa-arm-stm32-stm32f103c8t6","status":"publish","type":"product","link":"https:\/\/arduxop.com.br\/loja\/produto\/placa-arm-stm32-stm32f103c8t6\/","title":{"rendered":"Placa Arm Stm32"},"content":{"rendered":"<p>Placa De Desenvolvimento Arm Cortex-m3 Stm32 Stm32f103c8t6<strong><br \/>\n<\/strong><\/p>\n<div><span lang=\"pt\">STM32F103C8T6 M\u00f3dulo de m\u00f3dulo de desenvolvimento de sistema m\u00ednimo STM32 para Arduino<br \/>\nNovidade e alta qualidade.<br \/>\nModelo: STM32F103C8T6.<br \/>\nN\u00facleo: ARM 32 Cortex-M3 CPU.<br \/>\nModo de depura\u00e7\u00e3o: SWD.<br \/>\nFreq\u00fc\u00eancia de trabalho de 72MHz.<br \/>\n64K de mem\u00f3ria flash, 20K SRAM.<br \/>\nPot\u00eancia 2.0-3.6V, E \/ S.<br \/>\nRedefinir (POR \/ PDR).<br \/>\nCristal de 4-16MHz.<br \/>\nInterface USB Mini integrado, voc\u00ea pode fornecer a fonte de alimenta\u00e7\u00e3o da placa e a comunica\u00e7\u00e3o USB.<br \/>\nTamanho: 22.86mm x 253.34mm.<br \/>\nO pacote inclui: 1 x STM32F103C8T6 Placa de desenvolvimento de sistema m\u00ednimo<\/span><\/div>\n<div><\/div>\n","protected":false},"excerpt":{"rendered":"<p>Placa Arm Stm32 &#8211; Stm32f103c8t6<\/p>\n","protected":false},"featured_media":1970,"template":"","meta":[],"product_brand":[],"product_cat":[48,49,50,175],"product_tag":[],"class_list":{"0":"post-1969","1":"product","2":"type-product","3":"status-publish","4":"has-post-thumbnail","6":"product_cat-kits","7":"product_cat-microprocessadores","8":"product_cat-modulos","9":"product_cat-placas","11":"entry","12":"has-media","14":"first","15":"instock","16":"purchasable","17":"product-type-simple","18":"has-product-nav","19":"col","20":"span_1_of_3","21":"owp-content-center","22":"owp-thumbs-layout-horizontal","23":"owp-btn-normal","24":"owp-tabs-layout-horizontal"},"_links":{"self":[{"href":"https:\/\/arduxop.com.br\/loja\/wp-json\/wp\/v2\/product\/1969","targetHints":{"allow":["GET"]}}],"collection":[{"href":"https:\/\/arduxop.com.br\/loja\/wp-json\/wp\/v2\/product"}],"about":[{"href":"https:\/\/arduxop.com.br\/loja\/wp-json\/wp\/v2\/types\/product"}],"wp:featuredmedia":[{"embeddable":true,"href":"https:\/\/arduxop.com.br\/loja\/wp-json\/wp\/v2\/media\/1970"}],"wp:attachment":[{"href":"https:\/\/arduxop.com.br\/loja\/wp-json\/wp\/v2\/media?parent=1969"}],"wp:term":[{"taxonomy":"product_brand","embeddable":true,"href":"https:\/\/arduxop.com.br\/loja\/wp-json\/wp\/v2\/product_brand?post=1969"},{"taxonomy":"product_cat","embeddable":true,"href":"https:\/\/arduxop.com.br\/loja\/wp-json\/wp\/v2\/product_cat?post=1969"},{"taxonomy":"product_tag","embeddable":true,"href":"https:\/\/arduxop.com.br\/loja\/wp-json\/wp\/v2\/product_tag?post=1969"}],"curies":[{"name":"wp","href":"https:\/\/api.w.org\/{rel}","templated":true}]}}