{"id":1956,"date":"2018-01-16T11:29:04","date_gmt":"2018-01-16T13:29:04","guid":{"rendered":"https:\/\/arduxop.com.br\/loja\/produto\/modulo-bluetooth-4-0-hm-10-ble-serial-cc2541\/"},"modified":"2024-07-25T07:56:35","modified_gmt":"2024-07-25T11:56:35","slug":"modulo-bluetooth-4-0-hm-10-ble-serial-cc2541","status":"publish","type":"product","link":"https:\/\/arduxop.com.br\/loja\/produto\/modulo-bluetooth-4-0-hm-10-ble-serial-cc2541\/","title":{"rendered":"M\u00f3dulo Bluetooth 4.0"},"content":{"rendered":"<p>M\u00f3dulo Bluetooth 4.0 Hm-10 Ble Serial Cc2541 Ardu\u00edno Este pequeno m\u00f3dulo transmissor permite que o dispositivo possa enviar ou receber os dados atrav\u00e9s de tecnologia Bluetooth sem a necessidade do cabo serial para computador. Permite a conex\u00e3o com iPhone, iPad e Android. HM-10 \u00e9 um m\u00f3dulo bluetooth CLASS 4 baseado no chipset CC2541. Este m\u00f3dulo suporta operar como MASTER ou como SLAVE, bastando apenas configur\u00e1-lo por comandos AT. \u00c9 poss\u00edvel fazer uma comunica\u00e7\u00e3o entre dois m\u00f3dulos bluetooth (sendo um MASTER e o outro SLAVE) e tamb\u00e9m se comunicar entre um m\u00f3dulo e um notebook, PDA, celular, etc. O m\u00f3dulo vem com configura\u00e7\u00f5es pr\u00e9-estabelicidas de f\u00e1brica, como velocidade de comunica\u00e7\u00e3o, nome do dispositivo, senha de pareamento, e etc, que podem ser alteradas via comandos AT por meio de comunica\u00e7\u00e3o serial com o computador. Importante: O Iphone n\u00e3o detecta o bluetooth pelo discover das configura\u00e7\u00f5es, voc\u00ea precisa de um aplicativo compat\u00edvel com Bluetooth BLE para enxergar o m\u00f3dulo, voc\u00ea pode usar os aplicativos LightBlue ou SensorTag como exemplo. Os comandos AT de configura\u00e7\u00e3o, ao serem enviados devem ser seguidos obrigatoriamente por um (Carrige Return) e um(Line Feed). Todos esses comandos ao serem recebidos com sucesso pelo m\u00f3dulo, s\u00e3o respondidos com uma mensagem de confirma\u00e7\u00e3o \u201cOK\u201d. Especifica\u00e7\u00f5es: Bluetooth: 4.0 BLE; Antena embutida; Alimenta\u00e7\u00e3o: 2.7 a 3.3V DC; Taxa de transmiss\u00e3o padr\u00e3o: 9600,8,1, n; Cobertura de at\u00e9 10m; Compat\u00edvel com: iPhone\/iPAD, IOS 6 e Android; Comunica\u00e7\u00e3o sem Fio; M\u00f3dulo Serial Wireless compat\u00edvel com Arduino; Chip: CC2541; Vers\u00e3o: HM-10.<\/p>\n","protected":false},"excerpt":{"rendered":"<p>Hm-10 Ble Serial Cc2541<\/p>\n","protected":false},"featured_media":1957,"template":"","meta":[],"product_brand":[],"product_cat":[193,50],"product_tag":[],"class_list":{"0":"post-1956","1":"product","2":"type-product","3":"status-publish","4":"has-post-thumbnail","6":"product_cat-bluetooth","7":"product_cat-modulos","9":"entry","10":"has-media","12":"first","13":"outofstock","14":"featured","15":"purchasable","16":"product-type-simple","17":"has-product-nav","18":"col","19":"span_1_of_3","20":"owp-content-center","21":"owp-thumbs-layout-horizontal","22":"owp-btn-normal","23":"owp-tabs-layout-horizontal"},"_links":{"self":[{"href":"https:\/\/arduxop.com.br\/loja\/wp-json\/wp\/v2\/product\/1956","targetHints":{"allow":["GET"]}}],"collection":[{"href":"https:\/\/arduxop.com.br\/loja\/wp-json\/wp\/v2\/product"}],"about":[{"href":"https:\/\/arduxop.com.br\/loja\/wp-json\/wp\/v2\/types\/product"}],"wp:featuredmedia":[{"embeddable":true,"href":"https:\/\/arduxop.com.br\/loja\/wp-json\/wp\/v2\/media\/1957"}],"wp:attachment":[{"href":"https:\/\/arduxop.com.br\/loja\/wp-json\/wp\/v2\/media?parent=1956"}],"wp:term":[{"taxonomy":"product_brand","embeddable":true,"href":"https:\/\/arduxop.com.br\/loja\/wp-json\/wp\/v2\/product_brand?post=1956"},{"taxonomy":"product_cat","embeddable":true,"href":"https:\/\/arduxop.com.br\/loja\/wp-json\/wp\/v2\/product_cat?post=1956"},{"taxonomy":"product_tag","embeddable":true,"href":"https:\/\/arduxop.com.br\/loja\/wp-json\/wp\/v2\/product_tag?post=1956"}],"curies":[{"name":"wp","href":"https:\/\/api.w.org\/{rel}","templated":true}]}}