{"id":1951,"date":"2018-01-16T10:29:04","date_gmt":"2018-01-16T13:29:04","guid":{"rendered":"https:\/\/arduxop.com.br\/loja\/produto\/display-nextion-ihm-led-touch-3-2\/"},"modified":"2024-07-25T07:58:53","modified_gmt":"2024-07-25T11:58:53","slug":"display-nextion-ihm-led-touch-3-2","status":"publish","type":"product","link":"https:\/\/arduxop.com.br\/loja\/produto\/display-nextion-ihm-led-touch-3-2\/","title":{"rendered":"Display Nextion Ihm Led Touch 3.2"},"content":{"rendered":"<p>Os displays LED Touch Screen s\u00e3o o que h\u00e1 de mais avan\u00e7ado, barato e confi\u00e1vel emtermos de displays industriais. Voc\u00ea pode utilizar com todas as placas embarcadas e CLPs do Mercado.Sua versatilidade, rapidez e robustez ir\u00e3o lhe surpreender. Os displays j\u00e1 vem com GPU e com isso o software fica dentro do pr\u00f3prio display liberando a placa Arduino para as fun\u00e7\u00f5es de controle, uma vez que o Arduino n\u00e3o precisa ficar processando os c\u00f3digos para desenhar a tela.Com isso voc\u00ea consegue utilizar essa placa para qualquer Arduino, seja UNO, MEGA, DUE, NANO, etc.Da mesma forma, a placa se conecta ao Arduino atrav\u00e9s de qualquer porta TX e RX, liberando todas as demais portas do Arduino e SEM a utiliza\u00e7\u00e3o de qualquer shield para conex\u00e3o. Al\u00e9m disso, o display utiliza um aplicativo de alto n\u00edvel para a programa\u00e7\u00e3o. Sendo um sistema nopadr\u00e3o WYSIWYG ( What You See is What You Get), ou seja, os componentes visuais s\u00e3o simplesmentearrastados para a tela e pronto, a sua interface j\u00e1 est\u00e1 completa. Dentre os componentes que o editor da IHM possui destacamos: Bot\u00f5es Simples, Caixas de Texto, Barras de Progresso, Sliders, Botoes 2 estados, componentes de imagens, etc. Ap\u00f3s voc\u00ea montar a programa\u00e7\u00e3o da tela, basta transmitir para a GPU da mesma. A comunica\u00e7\u00e3o do display com a sua placa Arduino, Raspberry PI ou CLP se d\u00e1 atrav\u00e9s da comunica\u00e7\u00e3o serial TTL ou pelo SD Card.O manual e o software de programa\u00e7\u00e3o s\u00e3o totalmente livres e a documenta\u00e7\u00e3o \u00e9 completa. E ainda tem mais, o software de programa\u00e7\u00e3o do display possui um simulador, onde voc\u00ea pode desenhar e testar as suas telas, sem ter a tela fisicamente em m\u00e3os. Veja abaixo as fant\u00e1sticas caracter\u00edsticas desse display na vers\u00e3o 3.2 polegadas ESPECIFICA\u00c7\u00d5ES T\u00c9CNICAS Cores 65K (65536) cores, 16 bit, 5R6G5B Layout size 95(L)\u00d747.6(W)\u00d75.8(H)\u00a0 Area Ativa 80.90mm(L)\u00d747.60mm(W) Area Visual 69.60mm(L)\u00d741.76mm(W) Resolu\u00e7\u00e3o 400\u00d7240 pixel, podendo ser setado para 240\u00d7400 pixel Tipo Touch Resistivo Backlight LED Peso 42.5g Velocidade Serial At\u00e9 115Kbps Tipo Porta Serial TTL SD Card Socket FAT32 sendo o m\u00e1ximo 32Gb Temperatura -20 a +70 oC Humidade 10 a 90 % Luminosidade Brilho Ajust\u00e1vel entre 0 a 230 nit ou cd\/m2 Voltagem 5 a 7 volts Corrente 85mA com brilho a 100% Modo Sleep 20mA Alimenta\u00e7\u00e3o Recomendada 5V, 1000mA DC Flash Memory 4 MB &#8211; Espa\u00e7o para imagens e componentes RAM Memory 2048 bytes &#8211; Espa\u00e7o para Vari\u00e1veis ACOMPANHA 01 Display IHM LED Touch 3.2 GPU Arduino, Raspberry, PIC e CLP 01 Cabo de Conex\u00e3o com a placa Arduino, Raspberry PI, PIC e CLP ( Porta TTL ) 01 Link para baixar o software de programa\u00e7\u00e3o com diversos exemplos e manual completo<\/p>\n","protected":false},"excerpt":{"rendered":"<p><br data-mce-bogus=\"1\"><\/p>\n","protected":false},"featured_media":1955,"template":"","meta":[],"product_brand":[],"product_cat":[183],"product_tag":[],"class_list":{"0":"post-1951","1":"product","2":"type-product","3":"status-publish","4":"has-post-thumbnail","6":"product_cat-displays","8":"entry","9":"has-media","11":"first","12":"outofstock","13":"sale","14":"sold-individually","15":"purchasable","16":"product-type-simple","17":"has-product-nav","18":"col","19":"span_1_of_3","20":"owp-content-center","21":"owp-thumbs-layout-horizontal","22":"owp-btn-normal","23":"owp-tabs-layout-horizontal"},"_links":{"self":[{"href":"https:\/\/arduxop.com.br\/loja\/wp-json\/wp\/v2\/product\/1951","targetHints":{"allow":["GET"]}}],"collection":[{"href":"https:\/\/arduxop.com.br\/loja\/wp-json\/wp\/v2\/product"}],"about":[{"href":"https:\/\/arduxop.com.br\/loja\/wp-json\/wp\/v2\/types\/product"}],"wp:featuredmedia":[{"embeddable":true,"href":"https:\/\/arduxop.com.br\/loja\/wp-json\/wp\/v2\/media\/1955"}],"wp:attachment":[{"href":"https:\/\/arduxop.com.br\/loja\/wp-json\/wp\/v2\/media?parent=1951"}],"wp:term":[{"taxonomy":"product_brand","embeddable":true,"href":"https:\/\/arduxop.com.br\/loja\/wp-json\/wp\/v2\/product_brand?post=1951"},{"taxonomy":"product_cat","embeddable":true,"href":"https:\/\/arduxop.com.br\/loja\/wp-json\/wp\/v2\/product_cat?post=1951"},{"taxonomy":"product_tag","embeddable":true,"href":"https:\/\/arduxop.com.br\/loja\/wp-json\/wp\/v2\/product_tag?post=1951"}],"curies":[{"name":"wp","href":"https:\/\/api.w.org\/{rel}","templated":true}]}}