{"id":1947,"date":"2018-01-16T11:29:04","date_gmt":"2018-01-16T13:29:04","guid":{"rendered":"https:\/\/arduxop.com.br\/loja\/produto\/arduino-bluetooth-shield-ttl-rs232-serial\/"},"modified":"2024-07-25T07:56:34","modified_gmt":"2024-07-25T11:56:34","slug":"arduino-bluetooth-shield-ttl-rs232-serial","status":"publish","type":"product","link":"https:\/\/arduxop.com.br\/loja\/produto\/arduino-bluetooth-shield-ttl-rs232-serial\/","title":{"rendered":"Arduino Bluetooth Shield Ttl Rs232 Serial"},"content":{"rendered":"<p>Especifica\u00e7\u00f5es:<br \/>\nPode operar nos modos Master e Slave.Pode ser configurado via comandos AT- Chipset: CSR- Bluetooth: V2.0- Antena embutida.- Tens\u00e3o de alimenta\u00e7\u00e3o: 3,6 \u00e0 6 Volts.- Corrente: pareando 20~30mA, conectado 8mA- Baud rate definida pelo usu\u00e1rio: 1200, 2400, 4800, 9600, 19200, 38400, 57600, e 115200- Configura\u00e7\u00e3o serial padr\u00e3o: 9600, N, 8, 1.- Senha: 1234.<\/p>\n<p>&#8211; Dimens\u00f5es: 54 x 47 mm- Peso: 20 g<\/p>\n","protected":false},"excerpt":{"rendered":"<p>Especifica\u00e7\u00f5es: Pode operar nos modos Master e Slave.Pode ser configurado via comandos AT- Chipset: CSR- Bluetooth: V2.0- Antena embutida.- Tens\u00e3o de alimenta\u00e7\u00e3o: 3,6 \u00e0 6 Volts.- Corrente: pareando 20~30mA, conectado 8mA- Baud rate definida pelo usu\u00e1rio: 1200, 2400, 4800, 9600, 19200, 38400, 57600, e 115200- Configura\u00e7\u00e3o serial padr\u00e3o: 9600, N, 8, 1.- Senha: 1234. &#8211; [&hellip;]<\/p>\n","protected":false},"featured_media":1948,"template":"","meta":[],"product_brand":[],"product_cat":[193],"product_tag":[],"class_list":{"0":"post-1947","1":"product","2":"type-product","3":"status-publish","4":"has-post-thumbnail","6":"product_cat-bluetooth","8":"entry","9":"has-media","11":"first","12":"instock","13":"featured","14":"purchasable","15":"product-type-simple","16":"has-product-nav","17":"col","18":"span_1_of_3","19":"owp-content-center","20":"owp-thumbs-layout-horizontal","21":"owp-btn-normal","22":"owp-tabs-layout-horizontal"},"_links":{"self":[{"href":"https:\/\/arduxop.com.br\/loja\/wp-json\/wp\/v2\/product\/1947","targetHints":{"allow":["GET"]}}],"collection":[{"href":"https:\/\/arduxop.com.br\/loja\/wp-json\/wp\/v2\/product"}],"about":[{"href":"https:\/\/arduxop.com.br\/loja\/wp-json\/wp\/v2\/types\/product"}],"wp:featuredmedia":[{"embeddable":true,"href":"https:\/\/arduxop.com.br\/loja\/wp-json\/wp\/v2\/media\/1948"}],"wp:attachment":[{"href":"https:\/\/arduxop.com.br\/loja\/wp-json\/wp\/v2\/media?parent=1947"}],"wp:term":[{"taxonomy":"product_brand","embeddable":true,"href":"https:\/\/arduxop.com.br\/loja\/wp-json\/wp\/v2\/product_brand?post=1947"},{"taxonomy":"product_cat","embeddable":true,"href":"https:\/\/arduxop.com.br\/loja\/wp-json\/wp\/v2\/product_cat?post=1947"},{"taxonomy":"product_tag","embeddable":true,"href":"https:\/\/arduxop.com.br\/loja\/wp-json\/wp\/v2\/product_tag?post=1947"}],"curies":[{"name":"wp","href":"https:\/\/api.w.org\/{rel}","templated":true}]}}