{"id":1939,"date":"2018-01-16T11:29:04","date_gmt":"2018-01-16T14:29:04","guid":{"rendered":"https:\/\/arduxop.com.br\/loja\/produto\/shield-alimentacao-para-esp-8266-nodemcu-v3\/"},"modified":"2024-07-25T07:56:33","modified_gmt":"2024-07-25T11:56:33","slug":"shield-alimentacao-para-esp-8266-nodemcu-v3","status":"publish","type":"product","link":"https:\/\/arduxop.com.br\/loja\/produto\/shield-alimentacao-para-esp-8266-nodemcu-v3\/","title":{"rendered":"Shield Alimenta\u00e7\u00e3o Para Esp 8266 NodeMcu V3"},"content":{"rendered":"<p>A Base Adaptador para NodeMCU V3 foi desenvolvida com a finalidade de facilitar as conex\u00f5es de componentes, m\u00f3dulos e sensores ao NodeMCU. Esta base possui o local adequado para acoplar o NodeMCU V3 produzido pela Lolin.<\/p>\n<p>A Base Adaptador para NodeMCU V3 conta com um plug jack (P4) para alimenta\u00e7\u00e3o com fonte de 6 a 24VDC, possui bloco de pinos com tens\u00e3o igual a da fonte de alimenta\u00e7\u00e3o, possui tamb\u00e9m bloco de pinos com tens\u00e3o regulada de 5VDC e um outro bloco com tens\u00e3o regulada de 3.3V que \u00e9 habilitado quando o NodeMCU for conectado a base. Al\u00e9m disso, os pinos do NodeMCU est\u00e3o distribu\u00eddos na base de forma que as conex\u00f5es fiquem mais simples.<\/p>\n<p>O carregamento de c\u00f3digos no NodeMCU atrav\u00e9s da porta USB pode ser feito mesmo que a placa esteja conectada a base e sendo alimentada externamente. Caso queira utilizar o NodeMCU conectado a base e sendo alimentado pela porta USB, poder\u00e1 faz\u00ea-lo sem nenhuma restri\u00e7\u00e3o. Esta Base Adaptador para NodeMCU V3 possui um LED que permanece aceso enquanto o NodeMCU estiver acoplado.<\/p>\n<p>A informa\u00e7\u00e3o mais importante a ser destacada em rela\u00e7\u00e3o a este produto: no mercado h\u00e1 placas NodeMCU produzidas pela Amica e pela Lolin. Apesar de ambas as placas serem NodeMCU, a placa produzida pela Lolin possui um espa\u00e7amento de 28mm entre os pinos, j\u00e1 a placa produzida pela Amica possui espa\u00e7amento de 23mm, ou seja, 5mm a menos. A Base Adaptador para NodeMCU V3 \u00e9 compat\u00edvel apenas com o NodeMCU produzido pela Lolin (28mm de espa\u00e7amento entre os pinos). Portanto, se voc\u00ea possui NodeMCU produzido pela Amica (veja na parte de tr\u00e1s do seu NodeMCU o nome do fabricante ou me\u00e7a o espa\u00e7amento entre os pinos), infelizmente esta placa n\u00e3o ser\u00e1 compat\u00edvel.<\/p>\n<p>Se voc\u00ea tem um projeto pessoal ou um projeto de tcc da sua faculdade ou curso t\u00e9cnico e precisa de uma Base Adaptador para NodeMCU V3 de qualidade, certamente essa \u00e9 sua melhor op\u00e7\u00e3o.<\/p>\n<p>A Base Adaptador para NodeMCU V3 possui uma \u00f3tima rela\u00e7\u00e3o custo x benef\u00edcio.<\/p>\n<p>############# ESPECIFICA\u00c7\u00d5ES ###########<\/p>\n<p>&#8211; Tens\u00e3o de opera\u00e7\u00e3o: 6 a 24VDC<br \/>\n&#8211; Tens\u00e3o dispon\u00edvel na placa: tens\u00e3o da fonte de alimenta\u00e7\u00e3o \/ 5VDC \/ 3.3VDC<br \/>\n&#8211; Tipo de conector para alimenta\u00e7\u00e3o: jack com positivo no centro<br \/>\n&#8211; Compatibilidade: NodeMCU V3 Lolin<br \/>\n&#8211; LED indicador de NodeMCU acoplado<br \/>\n&#8211; Possui furos de fixa\u00e7\u00e3o<br \/>\n&#8211; Dimens\u00f5es: 60mm(L) X 12mm(A) X 60mm(C)<br \/>\n&#8211; Peso: 24g<\/p>\n","protected":false},"excerpt":{"rendered":"<p class=\"item-title__primary \">Shield Base Alimenta\u00e7\u00e3o Para Esp8266 Nodemcu V3<\/p>\n","protected":false},"featured_media":1940,"template":"","meta":[],"product_brand":[],"product_cat":[45,182,47,49,175,179,180],"product_tag":[279,276,278],"class_list":{"0":"post-1939","1":"product","2":"type-product","3":"status-publish","4":"has-post-thumbnail","6":"product_cat-componentes","7":"product_cat-conectores","8":"product_cat-diversos","9":"product_cat-microprocessadores","10":"product_cat-placas","11":"product_cat-shields","12":"product_cat-wifi","13":"product_tag-802-11","14":"product_tag-esp8266","15":"product_tag-wifi","17":"entry","18":"has-media","20":"first","21":"instock","22":"purchasable","23":"product-type-simple","24":"has-product-nav","25":"col","26":"span_1_of_3","27":"owp-content-center","28":"owp-thumbs-layout-horizontal","29":"owp-btn-normal","30":"owp-tabs-layout-horizontal"},"_links":{"self":[{"href":"https:\/\/arduxop.com.br\/loja\/wp-json\/wp\/v2\/product\/1939","targetHints":{"allow":["GET"]}}],"collection":[{"href":"https:\/\/arduxop.com.br\/loja\/wp-json\/wp\/v2\/product"}],"about":[{"href":"https:\/\/arduxop.com.br\/loja\/wp-json\/wp\/v2\/types\/product"}],"wp:featuredmedia":[{"embeddable":true,"href":"https:\/\/arduxop.com.br\/loja\/wp-json\/wp\/v2\/media\/1940"}],"wp:attachment":[{"href":"https:\/\/arduxop.com.br\/loja\/wp-json\/wp\/v2\/media?parent=1939"}],"wp:term":[{"taxonomy":"product_brand","embeddable":true,"href":"https:\/\/arduxop.com.br\/loja\/wp-json\/wp\/v2\/product_brand?post=1939"},{"taxonomy":"product_cat","embeddable":true,"href":"https:\/\/arduxop.com.br\/loja\/wp-json\/wp\/v2\/product_cat?post=1939"},{"taxonomy":"product_tag","embeddable":true,"href":"https:\/\/arduxop.com.br\/loja\/wp-json\/wp\/v2\/product_tag?post=1939"}],"curies":[{"name":"wp","href":"https:\/\/api.w.org\/{rel}","templated":true}]}}