{"id":1927,"date":"2018-01-16T11:29:04","date_gmt":"2018-01-16T13:29:04","guid":{"rendered":"https:\/\/arduxop.com.br\/loja\/produto\/potenciometro-10k-linear-eixo-l20-estriado-15-mm-wh148-b10k\/"},"modified":"2025-02-07T15:52:59","modified_gmt":"2025-02-07T19:52:59","slug":"potenciometro-10k-linear-eixo-l20-estriado-15-mm-wh148-b10k","status":"publish","type":"product","link":"https:\/\/arduxop.com.br\/loja\/produto\/potenciometro-10k-linear-eixo-l20-estriado-15-mm-wh148-b10k\/","title":{"rendered":"Pot\u00eanciometro 50k"},"content":{"rendered":"<p>Especifica\u00e7\u00f5es: Tipo: Linear rotativo<\/p>\n<p>Resist\u00eancia: 10K (10000\u03a9) Pot\u00eancia m\u00e1xima: 0,2W<\/p>\n<p>Tens\u00e3o m\u00e1xima suportada: 100V AC<\/p>\n<p>Di\u00e2metro da base: 16.5mm<\/p>\n<p>Di\u00e2metro do eixo: 6mm<\/p>\n<p>Altura da base \u00e0 ponta do eixo: 24.2mm<\/p>\n","protected":false},"excerpt":{"rendered":"<p>Pot\u00eanciometro 10k Linear Eixo L20 Estriado 15 mm WH148 b10k<\/p>\n","protected":false},"featured_media":1928,"template":"","meta":[],"product_brand":[],"product_cat":[45],"product_tag":[],"class_list":{"0":"post-1927","1":"product","2":"type-product","3":"status-publish","4":"has-post-thumbnail","6":"product_cat-componentes","8":"entry","9":"has-media","11":"first","12":"instock","13":"purchasable","14":"product-type-simple","15":"has-product-nav","16":"col","17":"span_1_of_3","18":"owp-content-center","19":"owp-thumbs-layout-horizontal","20":"owp-btn-normal","21":"owp-tabs-layout-horizontal"},"_links":{"self":[{"href":"https:\/\/arduxop.com.br\/loja\/wp-json\/wp\/v2\/product\/1927","targetHints":{"allow":["GET"]}}],"collection":[{"href":"https:\/\/arduxop.com.br\/loja\/wp-json\/wp\/v2\/product"}],"about":[{"href":"https:\/\/arduxop.com.br\/loja\/wp-json\/wp\/v2\/types\/product"}],"wp:featuredmedia":[{"embeddable":true,"href":"https:\/\/arduxop.com.br\/loja\/wp-json\/wp\/v2\/media\/1928"}],"wp:attachment":[{"href":"https:\/\/arduxop.com.br\/loja\/wp-json\/wp\/v2\/media?parent=1927"}],"wp:term":[{"taxonomy":"product_brand","embeddable":true,"href":"https:\/\/arduxop.com.br\/loja\/wp-json\/wp\/v2\/product_brand?post=1927"},{"taxonomy":"product_cat","embeddable":true,"href":"https:\/\/arduxop.com.br\/loja\/wp-json\/wp\/v2\/product_cat?post=1927"},{"taxonomy":"product_tag","embeddable":true,"href":"https:\/\/arduxop.com.br\/loja\/wp-json\/wp\/v2\/product_tag?post=1927"}],"curies":[{"name":"wp","href":"https:\/\/api.w.org\/{rel}","templated":true}]}}