{"id":1918,"date":"2018-01-16T11:29:04","date_gmt":"2018-01-16T13:29:04","guid":{"rendered":"https:\/\/arduxop.com.br\/loja\/produto\/cjmcu-280e-bme280-sensor-de-pressao-atmosferica-de-alta-precisao-para-arduino\/"},"modified":"2024-07-25T07:56:32","modified_gmt":"2024-07-25T11:56:32","slug":"cjmcu-280e-bme280-sensor-de-pressao-atmosferica-de-alta-precisao-para-arduino","status":"publish","type":"product","link":"https:\/\/arduxop.com.br\/loja\/produto\/cjmcu-280e-bme280-sensor-de-pressao-atmosferica-de-alta-precisao-para-arduino\/","title":{"rendered":"BME280 Sensor de press\u00e3o atmosf\u00e9rica"},"content":{"rendered":"<p>Faixa de umidade relativa: 0 ~ 100%<\/p>\n<p>O intervalo de temperatura: -40 \u00b0 c ~ + 85 \u00b0 c<\/p>\n<p>Tempo de resposta da medi\u00e7\u00e3o da umidade: 1s<\/p>\n<p>Histerese: 2% de humidade relativa<\/p>\n<p>Press\u00e3o: 300 ~ 1100 hpa<\/p>\n<p>Absoluta precis\u00e3o de press\u00e3o: absoluta \u00b1 1hpa (ap\u00f3s soldagem)<\/p>\n<p>Precis\u00e3o de temperatura absoluta: \u00b1 0.5 \u00b0 c (a 25 \u00b0 c)<\/p>\n<p>Interface de comunica\u00e7\u00e3o: i2C, spi Inclu\u00eddo no Pacote: 1 x sensor<\/p>\n<p>Interface: I2C (up to 3.4MHz), S<\/p>\n<p>PI (up to 10 MHz)<\/p>\n<p>ALIMENTA\u00c7\u00c3O: 1.8 &#8211; 5V DC<\/p>\n<p>FAIXA DE OPERA\u00c7\u00c3O:<\/p>\n<p>TEMPERATURA: -40 \/ +85\u00baC<\/p>\n<p>UMIDADE: 0 \/ 100% PRESS\u00c3O: 300 \/ 1100 hPa<\/p>\n<p>&nbsp;<\/p>\n<p>https:\/\/github.com\/finitespace\/BME280<\/p>\n<p>https:\/\/www.raspberrypi.org\/forums\/viewtopic.php?f=63&#038;t=161628<\/p>\n","protected":false},"excerpt":{"rendered":"<p>CJMCU-280E BME280 Sensor de press\u00e3o atmosf\u00e9rica de alta precis\u00e3o<\/p>\n","protected":false},"featured_media":1919,"template":"","meta":[],"product_brand":[],"product_cat":[196,178],"product_tag":[],"class_list":{"0":"post-1918","1":"product","2":"type-product","3":"status-publish","4":"has-post-thumbnail","6":"product_cat-medidores","7":"product_cat-sensores","9":"entry","10":"has-media","12":"first","13":"instock","14":"sale","15":"sold-individually","16":"purchasable","17":"product-type-simple","18":"has-product-nav","19":"col","20":"span_1_of_3","21":"owp-content-center","22":"owp-thumbs-layout-horizontal","23":"owp-btn-normal","24":"owp-tabs-layout-horizontal"},"_links":{"self":[{"href":"https:\/\/arduxop.com.br\/loja\/wp-json\/wp\/v2\/product\/1918","targetHints":{"allow":["GET"]}}],"collection":[{"href":"https:\/\/arduxop.com.br\/loja\/wp-json\/wp\/v2\/product"}],"about":[{"href":"https:\/\/arduxop.com.br\/loja\/wp-json\/wp\/v2\/types\/product"}],"wp:featuredmedia":[{"embeddable":true,"href":"https:\/\/arduxop.com.br\/loja\/wp-json\/wp\/v2\/media\/1919"}],"wp:attachment":[{"href":"https:\/\/arduxop.com.br\/loja\/wp-json\/wp\/v2\/media?parent=1918"}],"wp:term":[{"taxonomy":"product_brand","embeddable":true,"href":"https:\/\/arduxop.com.br\/loja\/wp-json\/wp\/v2\/product_brand?post=1918"},{"taxonomy":"product_cat","embeddable":true,"href":"https:\/\/arduxop.com.br\/loja\/wp-json\/wp\/v2\/product_cat?post=1918"},{"taxonomy":"product_tag","embeddable":true,"href":"https:\/\/arduxop.com.br\/loja\/wp-json\/wp\/v2\/product_tag?post=1918"}],"curies":[{"name":"wp","href":"https:\/\/api.w.org\/{rel}","templated":true}]}}