{"id":1904,"date":"2018-01-16T11:28:34","date_gmt":"2018-01-16T13:28:34","guid":{"rendered":"https:\/\/arduxop.com.br\/loja\/produto\/modulo-sensor-de-temperatura-max6675-termopar-k-cabo\/"},"modified":"2024-07-25T07:56:42","modified_gmt":"2024-07-25T11:56:42","slug":"modulo-sensor-de-temperatura-max6675-termopar-k-cabo","status":"publish","type":"product","link":"https:\/\/arduxop.com.br\/loja\/produto\/modulo-sensor-de-temperatura-max6675-termopar-k-cabo\/","title":{"rendered":"Sensor De Temperatura Max6675"},"content":{"rendered":"<div class=\"item-description__html-text\">\n<p>M\u00f3dulo Max6675 Sensor Temperatura Termopar Tipo K para Arduino e outros MCs<\/p>\n<p>&gt;&gt; Tens\u00e3o de funcionamento: 3,0 ~ 5,5 V;<\/p>\n<p>&gt;&gt; Resolu\u00e7\u00e3o de temperatura: 0,25 Graus;<\/p>\n<p>&gt;&gt; Compensa\u00e7\u00e3o de jun\u00e7\u00e3o fria:-20 ~ + 80 Graus;<\/p>\n<p>&gt;&gt; Circuito de detec\u00e7\u00e3o de quebra de termopar incorporado;<\/p>\n<p>&gt;&gt; Sinal de sa\u00edda: SPI 3 fios ( 12-bit para temperatura);<\/p>\n<p>&gt;&gt; Sonda de temperatura: Termopar Tipo K;<\/p>\n<p>&gt;&gt; Comprimento cabo 50cm;<\/p>\n<p>&gt;&gt; Faixa de medi\u00e7\u00e3o:0-600 Graus;<\/p>\n<p>&gt;&gt; Biblioteca para arduno:<\/p>\n<p>https:\/\/github.com\/adafruit\/MAX6675-library;<\/p>\n<p>&gt;&gt; Datasheet max6675:<\/p>\n<p>https:\/\/cdn-shop.adafruit.com\/datasheets\/MAX6675.pdf;<\/p>\n<p>Itens no pacote:<\/p>\n<p>M\u00f3dulo MAX6675 + Termopar<\/p>\n<\/div>\n","protected":false},"excerpt":{"rendered":"<p>Max6675 + Termopar K + Com Sensor<\/p>\n","protected":false},"featured_media":1905,"template":"","meta":[],"product_brand":[],"product_cat":[196,178],"product_tag":[],"class_list":{"0":"post-1904","1":"product","2":"type-product","3":"status-publish","4":"has-post-thumbnail","6":"product_cat-medidores","7":"product_cat-sensores","9":"entry","10":"has-media","12":"first","13":"instock","14":"purchasable","15":"product-type-simple","16":"has-product-nav","17":"col","18":"span_1_of_3","19":"owp-content-center","20":"owp-thumbs-layout-horizontal","21":"owp-btn-normal","22":"owp-tabs-layout-horizontal"},"_links":{"self":[{"href":"https:\/\/arduxop.com.br\/loja\/wp-json\/wp\/v2\/product\/1904","targetHints":{"allow":["GET"]}}],"collection":[{"href":"https:\/\/arduxop.com.br\/loja\/wp-json\/wp\/v2\/product"}],"about":[{"href":"https:\/\/arduxop.com.br\/loja\/wp-json\/wp\/v2\/types\/product"}],"wp:featuredmedia":[{"embeddable":true,"href":"https:\/\/arduxop.com.br\/loja\/wp-json\/wp\/v2\/media\/1905"}],"wp:attachment":[{"href":"https:\/\/arduxop.com.br\/loja\/wp-json\/wp\/v2\/media?parent=1904"}],"wp:term":[{"taxonomy":"product_brand","embeddable":true,"href":"https:\/\/arduxop.com.br\/loja\/wp-json\/wp\/v2\/product_brand?post=1904"},{"taxonomy":"product_cat","embeddable":true,"href":"https:\/\/arduxop.com.br\/loja\/wp-json\/wp\/v2\/product_cat?post=1904"},{"taxonomy":"product_tag","embeddable":true,"href":"https:\/\/arduxop.com.br\/loja\/wp-json\/wp\/v2\/product_tag?post=1904"}],"curies":[{"name":"wp","href":"https:\/\/api.w.org\/{rel}","templated":true}]}}