{"id":19039,"date":"2026-04-23T14:28:16","date_gmt":"2026-04-23T18:28:16","guid":{"rendered":"https:\/\/arduxop.com.br\/loja\/?post_type=product&#038;p=19039"},"modified":"2026-04-23T14:30:01","modified_gmt":"2026-04-23T18:30:01","slug":"modulo-sensor-interruptor-vibracao","status":"publish","type":"product","link":"https:\/\/arduxop.com.br\/loja\/produto\/modulo-sensor-interruptor-vibracao\/","title":{"rendered":"M\u00f3dulo Sensor Interruptor Vibra\u00e7\u00e3o"},"content":{"rendered":"<div>\n<p data-spm-anchor-id=\"a2g0o.detail.1000023.i0.671c492ayGxezS\"><strong>Folha De Percuss\u00e3o Para Arduino AD\/DO 51 UNO MEGA2560 r3<\/strong><\/p>\n<p class=\"detail-desc-decorate-title\" data-spm-anchor-id=\"a2g0o.detail.1000023.i0.671c492ayGxezS\"><strong>Introdu\u00e7\u00e3o aos componentes<\/strong><\/p>\n<p class=\"detail-desc-decorate-content\">Quando a tens\u00e3o \u00e9 aplicada \u00e0 cer\u00e2mica piezoel\u00e9trica, a deforma\u00e7\u00e3o mec\u00e2nica ocorrer\u00e1 com mudan\u00e7as na tens\u00e3o e na frequ\u00eancia. Por outro lado, quando a cer\u00e2mica piezoel\u00e9trica \u00e9 vibrada, uma carga el\u00e9trica \u00e9 gerada. Usando este princ\u00edpio, quando dado a um vibrador composto de duas cer\u00e2micas piezoel\u00e9tricas ou uma cer\u00e2mica piezoel\u00e9trica e uma chapa met\u00e1lica.<\/p>\n<\/div>\n<div data-spm-anchor-id=\"a2g0o.detail.1000023.i1.671c492ayGxezS\">\n<p class=\"detail-desc-decorate-title\"><strong>Introdu\u00e7\u00e3o do produto<\/strong><\/p>\n<p class=\"detail-desc-decorate-content\"><strong>Tens\u00e3o: 5V <\/strong><\/p>\n<p class=\"detail-desc-decorate-content\">Sa\u00edda sinal LED indica\u00e7\u00e3o. Sa\u00edda do n\u00edvel TTL. TTL output sinal eficaz \u00e9 alto n\u00edvel. A corrente de controle de sa\u00edda pode chegar a 1A e pode ser conectada com luzes LED de alta pot\u00eancia. Sa\u00edda anal\u00f3gica do sinal, de acordo com o maior a intensidade da vibra\u00e7\u00e3o, mais alta a sensibilidade da amplitude da vibra\u00e7\u00e3o da tens\u00e3o da sa\u00edda pode ser ajustada pelo potenci\u00f4metro. (A sensibilidade \u00e0 esquerda \u00e9 baixa, a sensibilidade \u00e0 direita \u00e9 alta) A sensibilidade pode ser ajustada para responder com sopro bucal. . . A sensibilidade \u00e9 muito alta! ! ! ! Ele tamb\u00e9m pode ser ajustado para ser aproveitado manualmente para a sa\u00edda. Tamanho: 20.5X20.5 (em mil\u00edmetros) Peso: 4.25 (em gramas)<\/p>\n<\/div>\n","protected":false},"excerpt":{"rendered":"<p>Folha De Percuss\u00e3o Para Arduino AD\/DO 51 UNO MEGA2560 r3 Introdu\u00e7\u00e3o aos componentes Quando a tens\u00e3o \u00e9 aplicada \u00e0 cer\u00e2mica piezoel\u00e9trica, a deforma\u00e7\u00e3o mec\u00e2nica ocorrer\u00e1 com mudan\u00e7as na tens\u00e3o e na frequ\u00eancia. Por outro lado, quando a cer\u00e2mica piezoel\u00e9trica \u00e9 vibrada, uma carga el\u00e9trica \u00e9 gerada. Usando este princ\u00edpio, quando dado a um vibrador composto [&hellip;]<\/p>\n","protected":false},"featured_media":19040,"template":"","meta":[],"product_brand":[],"product_cat":[411],"product_tag":[],"class_list":{"0":"post-19039","1":"product","2":"type-product","3":"status-publish","4":"has-post-thumbnail","6":"product_cat-sem-categoria","8":"entry","9":"has-media","11":"first","12":"instock","13":"shipping-taxable","14":"purchasable","15":"product-type-simple","16":"has-product-nav","17":"col","18":"span_1_of_3","19":"owp-content-center","20":"owp-thumbs-layout-horizontal","21":"owp-btn-normal","22":"owp-tabs-layout-horizontal"},"_links":{"self":[{"href":"https:\/\/arduxop.com.br\/loja\/wp-json\/wp\/v2\/product\/19039","targetHints":{"allow":["GET"]}}],"collection":[{"href":"https:\/\/arduxop.com.br\/loja\/wp-json\/wp\/v2\/product"}],"about":[{"href":"https:\/\/arduxop.com.br\/loja\/wp-json\/wp\/v2\/types\/product"}],"wp:featuredmedia":[{"embeddable":true,"href":"https:\/\/arduxop.com.br\/loja\/wp-json\/wp\/v2\/media\/19040"}],"wp:attachment":[{"href":"https:\/\/arduxop.com.br\/loja\/wp-json\/wp\/v2\/media?parent=19039"}],"wp:term":[{"taxonomy":"product_brand","embeddable":true,"href":"https:\/\/arduxop.com.br\/loja\/wp-json\/wp\/v2\/product_brand?post=19039"},{"taxonomy":"product_cat","embeddable":true,"href":"https:\/\/arduxop.com.br\/loja\/wp-json\/wp\/v2\/product_cat?post=19039"},{"taxonomy":"product_tag","embeddable":true,"href":"https:\/\/arduxop.com.br\/loja\/wp-json\/wp\/v2\/product_tag?post=19039"}],"curies":[{"name":"wp","href":"https:\/\/api.w.org\/{rel}","templated":true}]}}