{"id":19035,"date":"2026-04-20T15:51:13","date_gmt":"2026-04-20T19:51:13","guid":{"rendered":"https:\/\/arduxop.com.br\/loja\/?post_type=product&#038;p=19035"},"modified":"2026-04-20T15:51:13","modified_gmt":"2026-04-20T19:51:13","slug":"sensor-ultrassonico-rcwl-1670-dc3-5v-a-prova-dagua","status":"publish","type":"product","link":"https:\/\/arduxop.com.br\/loja\/produto\/sensor-ultrassonico-rcwl-1670-dc3-5v-a-prova-dagua\/","title":{"rendered":"Sensor Ultrass\u00f4nico RCWL-1670 DC3-5V \u00e0 prova d&#8217;\u00e1gua"},"content":{"rendered":"<p>O\u00a0<strong>Sensor Ultrass\u00f4nico RCWL-1670<\/strong>\u00a0\u00e9 uma solu\u00e7\u00e3o robusta e eficiente para medi\u00e7\u00f5es precisas de dist\u00e2ncia e n\u00edvel de \u00e1gua, especialmente em ambientes adversos, onde a resist\u00eancia do seu sensor \u00e0 \u00e1gua e poeira \u00e9 essencial. Ideal para projetos de automa\u00e7\u00e3o e monitoramento, o RCWL-1670 \u00e9 amplamente compat\u00edvel com plataformas como Arduino, ESP32 e Raspberry Pi, possibilitando uma integra\u00e7\u00e3o simples e vers\u00e1til.<\/p>\n<p>Este sensor opera emitindo pulsos ultrass\u00f4nicos e captando os ecos refletidos por superf\u00edcies pr\u00f3ximas. Baseado no tempo que o som leva para retornar, ele calcula a dist\u00e2ncia com precis\u00e3o, utilizando a velocidade do som no ar (aproximadamente 343 m\/s a 20\u00b0C). Essa t\u00e9cnica permite leituras r\u00e1pidas e confi\u00e1veis, mesmo em ambientes din\u00e2micos. Seu alcance de 2cm a 4m torna-o ideal para aplica\u00e7\u00f5es que exigem medi\u00e7\u00f5es de curto e m\u00e9dio alcance, como reservat\u00f3rios e sistemas de irriga\u00e7\u00e3o.<\/p>\n<p>Com suporte a uma ampla faixa de alimenta\u00e7\u00e3o de 3V a 5,5V e consumo energ\u00e9tico baixo, este sensor \u00e9 perfeito para aplica\u00e7\u00f5es que demandam efici\u00eancia e confiabilidade. Sua precis\u00e3o elevada, com margem de erro de apenas \u00b13mm, garante leituras consistentes, enquanto sua constru\u00e7\u00e3o imperme\u00e1vel o torna ideal para ambientes \u00famidos e empoeirados.<\/p>\n<p>Al\u00e9m disso, este modelo \u00e9\u00a0<em>compat\u00edvel com o popular HC-SR04<\/em>, oferecendo uma alternativa mais robusta para situa\u00e7\u00f5es adversas.<\/p>\n<p class=\"product_title_interno font-weight-bold m-0 p-0\"><strong>CARACTER\u00cdSTICAS:<\/strong><\/p>\n<p class=\"product_title_interno font-weight-bold m-0 p-0\">&#8211; Sensor Ultrass\u00f4nico;<br \/>\n&#8211; Sensor de Ultrassom;<br \/>\n&#8211; Sensor Ultrass\u00f4nico com sensor Imperme\u00e1vel;<br \/>\n&#8211; Modos de conex\u00e3o: VCC, Trigger (T), Echo (R) e GND;<br \/>\n&#8211; Ideal para utiliza\u00e7\u00e3o em Arduino, ESP32, Raspberry e outros;<br \/>\n&#8211; A prova de \u00e1gua e poeira, ideal para situa\u00e7\u00f5es \u00famidas severas;<br \/>\n&#8211; Imperme\u00e1vel ideal para medi\u00e7\u00e3o de n\u00edvel de \u00e1gua;<\/p>\n<p class=\"product_title_interno font-weight-bold mt-3 p-0\"><strong>ESPECIFICA\u00c7\u00d5ES:<\/strong><\/p>\n<p>&#8211; Modelo: RCWL-1670;<br \/>\n&#8211; Alimenta\u00e7\u00e3o: 3V a 5,5V DC;<br \/>\n&#8211; Corrente de Opera\u00e7\u00e3o: 6mA;<br \/>\n&#8211; \u00c2ngulo do sensor n\u00e3o superior a 15 graus;<br \/>\n&#8211; Alcance: 2cm ~ 4m;<br \/>\n&#8211; Margem de Erro:\u00a0\u00b13mm;<br \/>\n&#8211; Buraco para fixa\u00e7\u00e3o: M2.5<br \/>\n&#8211; Temperatura de trabalho: -10\u00b0C a 70\u00b0C;<br \/>\n&#8211; Dimens\u00e3o (CxLxA): ~57x22x17mm;<br \/>\n&#8211; Peso: 13g.<\/p>\n<div id=\"nav-description\" class=\"description--wrap--LscZ0He\">\n<div class=\"extend--wrap--yXwoDbO\">\n<div class=\"extend--content--VuIQZia\">\n<div>\n<div id=\"product-description\" class=\"description--product-description--Mjtql28\" data-spm=\"1000023\" data-pl=\"product-description\">\n<div class=\"richTextContainer  styleIsolation\" data-rich-text-render=\"true\" data-spm-anchor-id=\"a2g0o.detail.1000023.i1.1bb534Qr34Qroo\"><strong>Material<\/strong>: Constru\u00e7\u00e3o de alta qualidade com fun\u00e7\u00e3o imperme\u00e1vel<br \/>\n<strong>Uso:<\/strong> Sensador de posi\u00e7\u00e3o vers\u00e1til para diversas aplica\u00e7\u00f5es<br \/>\n<strong>Sa\u00edda:<\/strong> Sensor digital de precis\u00e3o<br \/>\n<strong>Teoria:<\/strong> Sensor de resist\u00eancia para medi\u00e7\u00e3o confi\u00e1vel<br \/>\n<strong>Consumo de energia:<\/strong> Baixo consumo de energia em standby (1,5uA@3,3V\/3,5uA@5V)<br \/>\n<strong>Dist\u00e2ncia de medi\u00e7\u00e3o:<\/strong> Faixa de 2cm a 400cm<\/p>\n<p><strong>**Desempenho Superior e Confiabilidade**<\/strong><br \/>\nO m\u00f3dulo de medi\u00e7\u00e3o de dist\u00e2ncia ultrass\u00f4nica RCWL-1670 \u00e9 projetado para desempenho excepcional, oferecendo uma ampla faixa de medi\u00e7\u00e3o de 2cm a 400cm. Este sensor ultrass\u00f4nico rcwl 1670 \u00e9 not apenas um sensor de dist\u00e2ncia, mas tamb\u00e9m uma ferramenta de precis\u00e3o para aplica\u00e7\u00f5es que exigem medi\u00e7\u00e3o confi\u00e1vel. Seja para evitar obst\u00e1culos em rob\u00f4s externos, medir n\u00edveis de l\u00edquidos ou detectar lixo, o sensor rcwl 1670 ultrass\u00f4nico \u00e9 uma escolha ideal.<\/p>\n<p><strong>**Constru\u00e7\u00e3o Robusta e Design Adapt\u00e1vel**<\/strong><br \/>\nFeito para resistir a condi\u00e7\u00f5es externas adversas, o sensor rcwl 1670 ultrass\u00f4nico apresenta uma constru\u00e7\u00e3o robusta com fun\u00e7\u00e3o imperme\u00e1vel, tornando-o adequado para medi\u00e7\u00f5es em ambientes \u00famidos e desafiadores. Com seu design de transmissor e receptor separados, este sensor de ultrassom rcwl 1670 \u00e9 projetado para operar com baixo consumo de energia, garantindo que seu dispositivo funcione por mais tempo com uma bateria.<\/p>\n<p><strong>**Compatibilidade e Usabilidade**<\/strong><br \/>\nEste sensor rcwl 1670 ultrass\u00f4nico \u00e9 projetado para integra\u00e7\u00e3o perfeita com Arduino, oferecendo a interface digital f\u00e1cil de usar. Ele \u00e9 compat\u00edvel com o software do m\u00f3dulo HC-SR04, garantindo uma transi\u00e7\u00e3o suave para projetos existentes. O sensor \u00e9 projetado para ser f\u00e1cil de usar, com um ciclo de medi\u00e7\u00e3o de 50mS, permitindo que os usu\u00e1rios obtenham medi\u00e7\u00f5es r\u00e1pidas e consistentes. Al\u00e9m disso, o sensor \u00e9 projetado para minimizar a necessidade de ajuste de configura\u00e7\u00e3o, tornando-o uma escolha pr\u00e1tica para entusiastas e profissionais.<\/div>\n<\/div>\n<\/div>\n<\/div>\n<\/div>\n<\/div>\n","protected":false},"excerpt":{"rendered":"<p>O\u00a0Sensor Ultrass\u00f4nico RCWL-1670\u00a0\u00e9 uma solu\u00e7\u00e3o robusta e eficiente para medi\u00e7\u00f5es precisas de dist\u00e2ncia e n\u00edvel de \u00e1gua, especialmente em ambientes adversos, onde a resist\u00eancia do seu sensor \u00e0 \u00e1gua e poeira \u00e9 essencial. Ideal para projetos de automa\u00e7\u00e3o e monitoramento, o RCWL-1670 \u00e9 amplamente compat\u00edvel com plataformas como Arduino, ESP32 e Raspberry Pi, possibilitando uma [&hellip;]<\/p>\n","protected":false},"featured_media":19036,"template":"","meta":[],"product_brand":[],"product_cat":[411,50,409,178,891],"product_tag":[],"class_list":{"0":"post-19035","1":"product","2":"type-product","3":"status-publish","4":"has-post-thumbnail","6":"product_cat-sem-categoria","7":"product_cat-modulos","8":"product_cat-robotica","9":"product_cat-sensores","10":"product_cat-ultrassonico","12":"entry","13":"has-media","15":"first","16":"instock","17":"shipping-taxable","18":"purchasable","19":"product-type-simple","20":"has-product-nav","21":"col","22":"span_1_of_3","23":"owp-content-center","24":"owp-thumbs-layout-horizontal","25":"owp-btn-normal","26":"owp-tabs-layout-horizontal"},"_links":{"self":[{"href":"https:\/\/arduxop.com.br\/loja\/wp-json\/wp\/v2\/product\/19035","targetHints":{"allow":["GET"]}}],"collection":[{"href":"https:\/\/arduxop.com.br\/loja\/wp-json\/wp\/v2\/product"}],"about":[{"href":"https:\/\/arduxop.com.br\/loja\/wp-json\/wp\/v2\/types\/product"}],"wp:featuredmedia":[{"embeddable":true,"href":"https:\/\/arduxop.com.br\/loja\/wp-json\/wp\/v2\/media\/19036"}],"wp:attachment":[{"href":"https:\/\/arduxop.com.br\/loja\/wp-json\/wp\/v2\/media?parent=19035"}],"wp:term":[{"taxonomy":"product_brand","embeddable":true,"href":"https:\/\/arduxop.com.br\/loja\/wp-json\/wp\/v2\/product_brand?post=19035"},{"taxonomy":"product_cat","embeddable":true,"href":"https:\/\/arduxop.com.br\/loja\/wp-json\/wp\/v2\/product_cat?post=19035"},{"taxonomy":"product_tag","embeddable":true,"href":"https:\/\/arduxop.com.br\/loja\/wp-json\/wp\/v2\/product_tag?post=19035"}],"curies":[{"name":"wp","href":"https:\/\/api.w.org\/{rel}","templated":true}]}}