{"id":19016,"date":"2026-03-20T10:46:41","date_gmt":"2026-03-20T14:46:41","guid":{"rendered":"https:\/\/arduxop.com.br\/loja\/?post_type=product&#038;p=19016"},"modified":"2026-03-20T10:46:41","modified_gmt":"2026-03-20T14:46:41","slug":"modulo-transceptor-cc1101-com-antena-sma-433mhz","status":"publish","type":"product","link":"https:\/\/arduxop.com.br\/loja\/produto\/modulo-transceptor-cc1101-com-antena-sma-433mhz\/","title":{"rendered":"M\u00f3dulo Transceptor CC1101 com Antena SMA 433MHz"},"content":{"rendered":"<div><strong><span id=\"tl_1\">Descri\u00e7\u00e3o<\/span><\/strong><\/div>\n<div>\n<ul>\n<li><span id=\"tl_2\">M\u00f3dulo sem fio<\/span><\/li>\n<li><span id=\"tl_3\">Condi\u00e7\u00e3o: Novo<\/span><\/li>\n<li><span id=\"tl_4\">Frequ\u00eancia operacional:(M\u00f3dulo:387-464MHZ)<\/span><\/li>\n<li><span id=\"tl_5\">Tens\u00e3o de trabalho: 1,8,6 V<\/span><\/li>\n<li><span id=\"tl_6\">Corrente m\u00e1xima de trabalho instant\u00e2nea: &lt;30ma&gt;<\/span><\/li>\n<li><span id=\"tl_7\">Pot\u00eancia m\u00e1xima de transmiss\u00e3o: 10mW (+10dBm)<\/span><\/li>\n<\/ul>\n<p><strong><span id=\"tl_8\">Caracter\u00edsticas:<\/span><\/strong><\/p>\n<ul>\n<li><span id=\"tl_9\">Banda ISM 315\/433\/868\/915MHZ<\/span><\/li>\n<li><span id=\"tl_10\">Suporta modula\u00e7\u00e3o 2-FSK, GFSK e MSK<\/span><\/li>\n<li><span id=\"tl_11\">Sensibilidade do receptor -110dBm a 1200 baud<\/span><\/li>\n<li><span id=\"tl_12\">Velocidade operacional m\u00ednima de 1,2 kbps, a mais alta 500 kbps<\/span><\/li>\n<li><span id=\"tl_13\">Buffer FIFO de dados RX e TX de 64 bytes separado<\/span><\/li>\n<li><span id=\"tl_14\">A detec\u00e7\u00e3o de erros CRC de hardware integrada garante uma transmiss\u00e3o de dados confi\u00e1vel<\/span><\/li>\n<li><span id=\"tl_15\">Suporta detec\u00e7\u00e3o de intensidade de sinal RSSI e fun\u00e7\u00e3o de detec\u00e7\u00e3o de operadora<\/span><\/li>\n<li><span id=\"tl_16\">Baixo consumo de energia<\/span><\/li>\n<li><span id=\"tl_17\">Endere\u00e7o de correspond\u00eancia (256) A frequ\u00eancia operacional pode ser programada via SPI<\/span><\/li>\n<li><span id=\"tl_18\">Pot\u00eancia de sa\u00edda program\u00e1vel, para todas as frequ\u00eancias de suporte de at\u00e9 +10 dBm<\/span><\/li>\n<li><span id=\"tl_19\">O recurso WOR pode ser configurado para espera, o tempo de troca do temporizador de estado de recep\u00e7\u00e3o de propor\u00e7\u00e3o para reduzir o consumo de energia<\/span><\/li>\n<li><span id=\"tl_20\">Sintetizador de frequ\u00eancia r\u00e1pido com sistema de salto de frequ\u00eancia adequado.<\/span><\/li>\n<\/ul>\n<\/div>\n","protected":false},"excerpt":{"rendered":"<p>Descri\u00e7\u00e3o M\u00f3dulo sem fio Condi\u00e7\u00e3o: Novo Frequ\u00eancia operacional:(M\u00f3dulo:387-464MHZ) Tens\u00e3o de trabalho: 1,8,6 V Corrente m\u00e1xima de trabalho instant\u00e2nea: &lt;30ma&gt; Pot\u00eancia m\u00e1xima de transmiss\u00e3o: 10mW (+10dBm) Caracter\u00edsticas: Banda ISM 315\/433\/868\/915MHZ Suporta modula\u00e7\u00e3o 2-FSK, GFSK e MSK Sensibilidade do receptor -110dBm a 1200 baud Velocidade operacional m\u00ednima de 1,2 kbps, a mais alta 500 kbps Buffer FIFO [&hellip;]<\/p>\n","protected":false},"featured_media":19017,"template":"","meta":[],"product_brand":[],"product_cat":[411,50,409],"product_tag":[],"class_list":{"0":"post-19016","1":"product","2":"type-product","3":"status-publish","4":"has-post-thumbnail","6":"product_cat-sem-categoria","7":"product_cat-modulos","8":"product_cat-robotica","10":"entry","11":"has-media","13":"first","14":"instock","15":"shipping-taxable","16":"purchasable","17":"product-type-simple","18":"has-product-nav","19":"col","20":"span_1_of_3","21":"owp-content-center","22":"owp-thumbs-layout-horizontal","23":"owp-btn-normal","24":"owp-tabs-layout-horizontal"},"_links":{"self":[{"href":"https:\/\/arduxop.com.br\/loja\/wp-json\/wp\/v2\/product\/19016","targetHints":{"allow":["GET"]}}],"collection":[{"href":"https:\/\/arduxop.com.br\/loja\/wp-json\/wp\/v2\/product"}],"about":[{"href":"https:\/\/arduxop.com.br\/loja\/wp-json\/wp\/v2\/types\/product"}],"wp:featuredmedia":[{"embeddable":true,"href":"https:\/\/arduxop.com.br\/loja\/wp-json\/wp\/v2\/media\/19017"}],"wp:attachment":[{"href":"https:\/\/arduxop.com.br\/loja\/wp-json\/wp\/v2\/media?parent=19016"}],"wp:term":[{"taxonomy":"product_brand","embeddable":true,"href":"https:\/\/arduxop.com.br\/loja\/wp-json\/wp\/v2\/product_brand?post=19016"},{"taxonomy":"product_cat","embeddable":true,"href":"https:\/\/arduxop.com.br\/loja\/wp-json\/wp\/v2\/product_cat?post=19016"},{"taxonomy":"product_tag","embeddable":true,"href":"https:\/\/arduxop.com.br\/loja\/wp-json\/wp\/v2\/product_tag?post=19016"}],"curies":[{"name":"wp","href":"https:\/\/api.w.org\/{rel}","templated":true}]}}