{"id":19008,"date":"2026-02-25T16:15:54","date_gmt":"2026-02-25T20:15:54","guid":{"rendered":"https:\/\/arduxop.com.br\/loja\/?post_type=product&#038;p=19008"},"modified":"2026-02-25T16:15:55","modified_gmt":"2026-02-25T20:15:55","slug":"modulo-gsm-gprs-sim900-quad-band-para-arduino-antena","status":"publish","type":"product","link":"https:\/\/arduxop.com.br\/loja\/produto\/modulo-gsm-gprs-sim900-quad-band-para-arduino-antena\/","title":{"rendered":"M\u00f3dulo GSM GPRS SIM900 Quad Band para Arduino Antena"},"content":{"rendered":"<p id=\"tl_11\"><strong>Recursos<\/strong><\/p>\n<p id=\"tl_12\">\u00b7 \u00a7 Quad-Band 850 \/ 900 \/ 1800 \/ 1900 MHz &#8211; funcionaria em redes GSM em todos os pa\u00edses do mundo.<\/p>\n<p id=\"tl_13\">\u00b7 \u00a7 GPRS multi-slot classe 10\/8<\/p>\n<p id=\"tl_14\">\u00b7 \u00a7 Esta\u00e7\u00e3o m\u00f3vel GPRS classe B<\/p>\n<p id=\"tl_15\">\u00b7 \u00a7 Compat\u00edvel com GSM fase 2\/2+<\/p>\n<p id=\"tl_16\">\u00b7 \u00a7 Classe 4 (2 W a 850 \/ 900 MHz)<\/p>\n<p id=\"tl_17\">\u00b7 \u00a7 Classe 1 (1 W a 1800 \/ 1900 MHz)<\/p>\n<p id=\"tl_18\">\u00b7 \u00a7 Controle via comandos AT &#8211; Comandos padr\u00e3o: GSM 07.07 e 07.05 Comandos aprimorados: Comandos SIMCOM AT.<\/p>\n<p id=\"tl_19\">\u00b7 \u00a7 Servi\u00e7o de mensagens curtas &#8211; para que voc\u00ea possa enviar pequenas quantidades de dados pela rede (ASCII ou hexadecimal bruto).<\/p>\n<p id=\"tl_20\">\u00b7 \u00a7 Pilha TCP\/UDP incorporada &#8211; permite fazer upload de dados para um servidor web.<\/p>\n<p id=\"tl_21\">\u00b7 \u00a7 RTC suportado.<\/p>\n<p id=\"tl_22\">\u00b7 \u00a7 Porta serial selecion\u00e1vel.<\/p>\n<p id=\"tl_23\">\u00b7 \u00a7 Tomadas para alto-falantes e fones de ouvido<\/p>\n<p id=\"tl_24\">\u00b7 \u00a7 Baixo consumo de energia &#8211; 1,5 mA (modo de suspens\u00e3o)<\/p>\n<p id=\"tl_25\">\u00b7 \u00a7 Faixa de temperatura industrial &#8211; -40\u00b0C a +85\u00b0C<\/p>\n<p id=\"tl_26\"><strong>Especifica\u00e7\u00f5es<\/strong><\/p>\n<p id=\"tl_27\"><strong>Ideias de aplica\u00e7\u00e3o<\/strong><\/p>\n<p id=\"tl_28\">\u00b7 \u00a7 Aplica\u00e7\u00f5es M2M (M\u00e1quina 2).<\/p>\n<p id=\"tl_29\">\u00b7 \u00a7 Controle remoto de aparelhos.<\/p>\n<p id=\"tl_30\">\u00b7 \u00a7 Esta\u00e7\u00e3o meteorol\u00f3gica remota ou uma rede de sensores sem fio.<\/p>\n<p id=\"tl_31\">\u00b7 \u00a7 Sistema de Rastreamento de Ve\u00edculos com M\u00f3dulo GPS.<\/p>\n<p id=\"tl_32\"><strong>Cuidados<\/strong><\/p>\n<p id=\"tl_33\">\u00b7 \u00a7 Certifique-se de que seu cart\u00e3o SIM esteja desbloqueado.<\/p>\n<p id=\"tl_34\">\u00b7 \u00a7 O produto \u00e9 fornecido como est\u00e1 sem inv\u00f3lucro isolante.Observe as precau\u00e7\u00f5es ESD especialmente em climas secos (baixa umidade).<\/p>\n<p id=\"tl_35\">\u00b7 \u00a7 A configura\u00e7\u00e3o padr\u00e3o de f\u00e1brica para o GPRS Shield UART \u00e9 19200 bps 8-N-1.(Pode ser alterado usando comandos AT).<\/p>\n<p id=\"tl_36\"><strong>Introdu\u00e7\u00e3o \u00e0 interface<\/strong><\/p>\n<p id=\"tl_37\">\u00b7 \u00a7 Sele\u00e7\u00e3o de energia &#8211; selecione a fonte de alimenta\u00e7\u00e3o para escudo GPRS (alimenta\u00e7\u00e3o externa ou 5v do arduino)<\/p>\n<p id=\"tl_38\">\u00b7 \u00a7 Conector de alimenta\u00e7\u00e3o &#8211; conectado \u00e0 fonte de alimenta\u00e7\u00e3o externa de 4,8 ~ 5 VCC<\/p>\n<p id=\"tl_39\">\u00b7 \u00a7 Interface de antena &#8211; conectada \u00e0 antena externa<\/p>\n<p id=\"tl_40\">\u00b7 \u00a7 Sele\u00e7\u00e3o de porta serial &#8211; selecione porta serial de software ou porta serial de hareware para ser conectada ao GPRS Shield<\/p>\n<p id=\"tl_41\">\u00b7 \u00a7 S\u00e9rie de Hardware &#8211; D0\/D1 do Arduino<\/p>\n<p id=\"tl_42\">\u00b7 \u00a7 S\u00e9rie de software &#8211; D7\/D8 do Arduino<\/p>\n<p id=\"tl_43\">\u00b7 \u00a7 LED de status &#8211; diga se a energia do SIM900 est\u00e1 ligada<\/p>\n<p id=\"tl_44\">\u00b7 \u00a7 Luz l\u00edquida &#8211; informe o status sobre a conex\u00e3o do SIM900 \u00e0 rede<\/p>\n<p id=\"tl_45\">\u00b7 \u00a7 UART do SIM900 &#8211; Breakout de pinos UART do SIM900<\/p>\n<p id=\"tl_46\">\u00b7 \u00a7 Microfone &#8211; para atender a chamada<\/p>\n<p id=\"tl_47\">\u00b7 \u00a7 Alto-falante &#8211; para atender a chamada<\/p>\n<p id=\"tl_48\">\u00b7 \u00a7 GPIO, PWM e ADC do SIM900 &#8211; Breakout de pinos GPIO, PWM e ADC do SIM900<\/p>\n","protected":false},"excerpt":{"rendered":"<p>Recursos \u00b7 \u00a7 Quad-Band 850 \/ 900 \/ 1800 \/ 1900 MHz &#8211; funcionaria em redes GSM em todos os pa\u00edses do mundo. \u00b7 \u00a7 GPRS multi-slot classe 10\/8 \u00b7 \u00a7 Esta\u00e7\u00e3o m\u00f3vel GPRS classe B \u00b7 \u00a7 Compat\u00edvel com GSM fase 2\/2+ \u00b7 \u00a7 Classe 4 (2 W a 850 \/ 900 MHz) \u00b7 [&hellip;]<\/p>\n","protected":false},"featured_media":19009,"template":"","meta":[],"product_brand":[],"product_cat":[411,50,409],"product_tag":[],"class_list":{"0":"post-19008","1":"product","2":"type-product","3":"status-publish","4":"has-post-thumbnail","6":"product_cat-sem-categoria","7":"product_cat-modulos","8":"product_cat-robotica","10":"entry","11":"has-media","13":"first","14":"instock","15":"shipping-taxable","16":"purchasable","17":"product-type-simple","18":"has-product-nav","19":"col","20":"span_1_of_3","21":"owp-content-center","22":"owp-thumbs-layout-horizontal","23":"owp-btn-normal","24":"owp-tabs-layout-horizontal"},"_links":{"self":[{"href":"https:\/\/arduxop.com.br\/loja\/wp-json\/wp\/v2\/product\/19008","targetHints":{"allow":["GET"]}}],"collection":[{"href":"https:\/\/arduxop.com.br\/loja\/wp-json\/wp\/v2\/product"}],"about":[{"href":"https:\/\/arduxop.com.br\/loja\/wp-json\/wp\/v2\/types\/product"}],"wp:featuredmedia":[{"embeddable":true,"href":"https:\/\/arduxop.com.br\/loja\/wp-json\/wp\/v2\/media\/19009"}],"wp:attachment":[{"href":"https:\/\/arduxop.com.br\/loja\/wp-json\/wp\/v2\/media?parent=19008"}],"wp:term":[{"taxonomy":"product_brand","embeddable":true,"href":"https:\/\/arduxop.com.br\/loja\/wp-json\/wp\/v2\/product_brand?post=19008"},{"taxonomy":"product_cat","embeddable":true,"href":"https:\/\/arduxop.com.br\/loja\/wp-json\/wp\/v2\/product_cat?post=19008"},{"taxonomy":"product_tag","embeddable":true,"href":"https:\/\/arduxop.com.br\/loja\/wp-json\/wp\/v2\/product_tag?post=19008"}],"curies":[{"name":"wp","href":"https:\/\/api.w.org\/{rel}","templated":true}]}}