{"id":19004,"date":"2026-02-25T09:25:43","date_gmt":"2026-02-25T13:25:43","guid":{"rendered":"https:\/\/arduxop.com.br\/loja\/?post_type=product&#038;p=19004"},"modified":"2026-02-25T09:25:43","modified_gmt":"2026-02-25T13:25:43","slug":"buzzer-de-campainha-ativa-para-arduino-sfm-27-beep-intermitente-de-alto-decibel-dc-3-24v","status":"publish","type":"product","link":"https:\/\/arduxop.com.br\/loja\/produto\/buzzer-de-campainha-ativa-para-arduino-sfm-27-beep-intermitente-de-alto-decibel-dc-3-24v\/","title":{"rendered":"Buzzer de campainha ativa para Arduino SFM-27 Beep intermitente de alto decibel DC 3-24V"},"content":{"rendered":"<p>BUZZER ALARME CONT\u00cdNUO ALTO 3 A 24V 95DB SFM-27 ESPECIFICA\u00c7\u00d5ES T\u00c9CNICAS:<\/p>\n<p>&#8211; Tens\u00e3o de alimenta\u00e7\u00e3o: 3 a 24VCC<\/p>\n<p>&#8211; Tens\u00e3o nominal: 12VCC<\/p>\n<p>&#8211; Dimens\u00f5es: 29x15mm (di\u00e2metro x altura)<\/p>\n<p>&#8211; Pot\u00eancia sonora: 95dB<\/p>\n","protected":false},"excerpt":{"rendered":"<p>BUZZER ALARME CONT\u00cdNUO ALTO 3 A 24V 95DB SFM-27 ESPECIFICA\u00c7\u00d5ES T\u00c9CNICAS: &#8211; Tens\u00e3o de alimenta\u00e7\u00e3o: 3 a 24VCC &#8211; Tens\u00e3o nominal: 12VCC &#8211; Dimens\u00f5es: 29x15mm (di\u00e2metro x altura) &#8211; Pot\u00eancia sonora: 95dB<\/p>\n","protected":false},"featured_media":19005,"template":"","meta":[],"product_brand":[],"product_cat":[190,411],"product_tag":[],"class_list":{"0":"post-19004","1":"product","2":"type-product","3":"status-publish","4":"has-post-thumbnail","6":"product_cat-buzzer","7":"product_cat-sem-categoria","9":"entry","10":"has-media","12":"first","13":"instock","14":"shipping-taxable","15":"purchasable","16":"product-type-simple","17":"has-product-nav","18":"col","19":"span_1_of_3","20":"owp-content-center","21":"owp-thumbs-layout-horizontal","22":"owp-btn-normal","23":"owp-tabs-layout-horizontal"},"_links":{"self":[{"href":"https:\/\/arduxop.com.br\/loja\/wp-json\/wp\/v2\/product\/19004","targetHints":{"allow":["GET"]}}],"collection":[{"href":"https:\/\/arduxop.com.br\/loja\/wp-json\/wp\/v2\/product"}],"about":[{"href":"https:\/\/arduxop.com.br\/loja\/wp-json\/wp\/v2\/types\/product"}],"wp:featuredmedia":[{"embeddable":true,"href":"https:\/\/arduxop.com.br\/loja\/wp-json\/wp\/v2\/media\/19005"}],"wp:attachment":[{"href":"https:\/\/arduxop.com.br\/loja\/wp-json\/wp\/v2\/media?parent=19004"}],"wp:term":[{"taxonomy":"product_brand","embeddable":true,"href":"https:\/\/arduxop.com.br\/loja\/wp-json\/wp\/v2\/product_brand?post=19004"},{"taxonomy":"product_cat","embeddable":true,"href":"https:\/\/arduxop.com.br\/loja\/wp-json\/wp\/v2\/product_cat?post=19004"},{"taxonomy":"product_tag","embeddable":true,"href":"https:\/\/arduxop.com.br\/loja\/wp-json\/wp\/v2\/product_tag?post=19004"}],"curies":[{"name":"wp","href":"https:\/\/api.w.org\/{rel}","templated":true}]}}