{"id":18996,"date":"2026-02-23T15:54:56","date_gmt":"2026-02-23T19:54:56","guid":{"rendered":"https:\/\/arduxop.com.br\/loja\/?post_type=product&#038;p=18996"},"modified":"2026-02-23T15:54:56","modified_gmt":"2026-02-23T19:54:56","slug":"modulo-conversor-analogico-digital-ads1115-16bits-4-canais","status":"publish","type":"product","link":"https:\/\/arduxop.com.br\/loja\/produto\/modulo-conversor-analogico-digital-ads1115-16bits-4-canais\/","title":{"rendered":"M\u00f3dulo Conversor Anal\u00f3gico Digital ADS1115 16bits 4 Canais"},"content":{"rendered":"<h4 id=\"tl_1\" class=\"header-iWP5WJ auto-hide-last-sibling-br\" align=\"start\">M\u00f3dulo ADC ADS1115 de 4 Canais e 16 Bits de Alta Precis\u00e3o &#8211; Placa de Desenvolvimento Conversor Anal\u00f3gico-Digital<\/h4>\n<div id=\"tl_2\" class=\"auto-hide-last-sibling-br paragraph-pP9ZLC paragraph-element br-paragraph-space\" align=\"start\">Eleve as capacidades de aquisi\u00e7\u00e3o de dados do seu projeto com o M\u00f3dulo ADC de 16 bits ADS1115 \u2014 a sua solu\u00e7\u00e3o ideal para convers\u00e3o anal\u00f3gico-digital de alta resolu\u00e7\u00e3o!Projetada para versatilidade e desempenho, esta placa de desenvolvimento compacta foi projetada para funcionar perfeitamente com microprocessadores de 3,3 V e 5 V, tornando-a a melhor escolha para amadores, engenheiros e entusiastas de DIY em todo o mundo.<\/div>\n<div align=\"start\"><\/div>\n<div class=\"auto-hide-last-sibling-br paragraph-pP9ZLC paragraph-element br-paragraph-space\" align=\"start\"><strong>Principais Caracter\u00edsticas\u00a0<\/strong><\/div>\n<div class=\"auto-hide-last-sibling-br paragraph-pP9ZLC paragraph-element br-paragraph-space\" align=\"start\">\n<div id=\"tl_4\">\u2705\u00a0 <strong>\u00a0Ultra alta\u00a0resolu\u00e7\u00e3o e precis\u00e3o<\/strong><\/div>\n<div id=\"tl_5\">Com resolu\u00e7\u00e3o de 16 bits, o ADS1115 oferece precis\u00e3o incompar\u00e1vel para convers\u00e3o de sinais anal\u00f3gicos \u2014 perfeito para aplica\u00e7\u00f5es que exigem captura de dados precisa (por exemplo, leituras de sensores, monitoramento de tens\u00e3o e controles industriais).O Amplificador de Ganho Program\u00e1vel (PGA) integrado oferece at\u00e9 16x de ganho, garantindo que sinais pequenos sejam amplificados claramente sem perder detalhes.<\/div>\n<\/div>\n<div class=\"container-Uxvbjy md-box-line-break wrapper-GYqxgQ undefined\" align=\"start\"><\/div>\n<div class=\"auto-hide-last-sibling-br paragraph-pP9ZLC paragraph-element br-paragraph-space\" align=\"start\">\n<div id=\"tl_6\">\u2705\u00a0\u00a0\u00a0<strong>Ampla Compatibilidade &amp; Faixa de Voltagem Flex\u00edvel<\/strong><\/div>\n<div id=\"tl_7\">Opera em 2V a 5V, tornando-o totalmente compat\u00edvel com todos os microprocessadores padr\u00e3o de 3,3V e 5V (Arduino, Raspberry Pi, ESP32, STM32, etc.).Sem necessidade de reguladores de voltagem extras \u2014 plug and play para integra\u00e7\u00e3o instant\u00e2nea em seus projetos existentes.<\/div>\n<\/div>\n<div class=\"container-Uxvbjy md-box-line-break wrapper-GYqxgQ undefined\" align=\"start\"><\/div>\n<div class=\"auto-hide-last-sibling-br paragraph-pP9ZLC paragraph-element br-paragraph-space\" align=\"start\">\n<div id=\"tl_8\">\u2705\u00a0\u00a0\u00a0<strong>Expans\u00e3o de 4 Canais (At\u00e9 16 Entradas no Total)<\/strong><\/div>\n<div id=\"tl_9\">Controle 2 barramentos I2C id\u00eanticos, suportando at\u00e9 16 canais single-ended ou 8 canais diferenciais por m\u00f3dulo. Al\u00e9m disso, voc\u00ea pode modificar o endere\u00e7o do m\u00f3dulo para uma de 4 op\u00e7\u00f5es, permitindo que 4 placas ADS1115 se conectem a um \u00fanico barramento I2C de 2 fios, expandindo seu sistema para 64 entradas single-ended sem esfor\u00e7o!<\/div>\n<\/div>\n<div class=\"container-Uxvbjy md-box-line-break wrapper-GYqxgQ undefined\" align=\"start\"><\/div>\n<div class=\"auto-hide-last-sibling-br paragraph-pP9ZLC paragraph-element br-paragraph-space\" align=\"start\">\n<div id=\"tl_10\">\u2705\u00a0\u00a0\u00a0<strong>Design compacto e desempenho est\u00e1vel<\/strong><\/div>\n<div id=\"tl_11\">O formato compacto do chip \u00e9 combinado com uma placa de breakout que inclui ferrites, que mant\u00eam AVDD e AGND est\u00e1veis e livres de ru\u00eddo. Isso garante uma convers\u00e3o de sinal confi\u00e1vel mesmo em ambientes exigentes.<\/div>\n<\/div>\n<div class=\"container-Uxvbjy md-box-line-break wrapper-GYqxgQ undefined\" align=\"start\"><\/div>\n<div class=\"auto-hide-last-sibling-br paragraph-pP9ZLC paragraph-element br-paragraph-space\" align=\"start\">\n<div id=\"tl_12\">\u2705\u00a0\u00a0\u00a0<strong>Interface I2C f\u00e1cil<\/strong><\/div>\n<div id=\"tl_13\">Simplifique a fia\u00e7\u00e3o com o protocolo de comunica\u00e7\u00e3o I2C padr\u00e3o \u2014 apenas 2 fios (SDA\/SCL) s\u00e3o necess\u00e1rios para a transfer\u00eancia de dados, reduzindo a confus\u00e3o e facilitando a montagem do projeto.<\/div>\n<\/div>\n","protected":false},"excerpt":{"rendered":"<p>M\u00f3dulo ADC ADS1115 de 4 Canais e 16 Bits de Alta Precis\u00e3o &#8211; Placa de Desenvolvimento Conversor Anal\u00f3gico-Digital Eleve as capacidades de aquisi\u00e7\u00e3o de dados do seu projeto com o M\u00f3dulo ADC de 16 bits ADS1115 \u2014 a sua solu\u00e7\u00e3o ideal para convers\u00e3o anal\u00f3gico-digital de alta resolu\u00e7\u00e3o!Projetada para versatilidade e desempenho, esta placa de desenvolvimento [&hellip;]<\/p>\n","protected":false},"featured_media":18997,"template":"","meta":[],"product_brand":[],"product_cat":[883,411,50,409],"product_tag":[],"class_list":{"0":"post-18996","1":"product","2":"type-product","3":"status-publish","4":"has-post-thumbnail","6":"product_cat-conversor","7":"product_cat-sem-categoria","8":"product_cat-modulos","9":"product_cat-robotica","11":"entry","12":"has-media","14":"first","15":"instock","16":"shipping-taxable","17":"purchasable","18":"product-type-simple","19":"has-product-nav","20":"col","21":"span_1_of_3","22":"owp-content-center","23":"owp-thumbs-layout-horizontal","24":"owp-btn-normal","25":"owp-tabs-layout-horizontal"},"_links":{"self":[{"href":"https:\/\/arduxop.com.br\/loja\/wp-json\/wp\/v2\/product\/18996","targetHints":{"allow":["GET"]}}],"collection":[{"href":"https:\/\/arduxop.com.br\/loja\/wp-json\/wp\/v2\/product"}],"about":[{"href":"https:\/\/arduxop.com.br\/loja\/wp-json\/wp\/v2\/types\/product"}],"wp:featuredmedia":[{"embeddable":true,"href":"https:\/\/arduxop.com.br\/loja\/wp-json\/wp\/v2\/media\/18997"}],"wp:attachment":[{"href":"https:\/\/arduxop.com.br\/loja\/wp-json\/wp\/v2\/media?parent=18996"}],"wp:term":[{"taxonomy":"product_brand","embeddable":true,"href":"https:\/\/arduxop.com.br\/loja\/wp-json\/wp\/v2\/product_brand?post=18996"},{"taxonomy":"product_cat","embeddable":true,"href":"https:\/\/arduxop.com.br\/loja\/wp-json\/wp\/v2\/product_cat?post=18996"},{"taxonomy":"product_tag","embeddable":true,"href":"https:\/\/arduxop.com.br\/loja\/wp-json\/wp\/v2\/product_tag?post=18996"}],"curies":[{"name":"wp","href":"https:\/\/api.w.org\/{rel}","templated":true}]}}