{"id":18985,"date":"2026-02-03T14:00:22","date_gmt":"2026-02-03T18:00:22","guid":{"rendered":"https:\/\/arduxop.com.br\/loja\/?post_type=product&#038;p=18985"},"modified":"2026-02-03T14:00:22","modified_gmt":"2026-02-03T18:00:22","slug":"modulo-rele-1-canal-5v-10a","status":"publish","type":"product","link":"https:\/\/arduxop.com.br\/loja\/produto\/modulo-rele-1-canal-5v-10a\/","title":{"rendered":"M\u00f3dulo Rele 1 Canal 5V 10A"},"content":{"rendered":"<p>Este m\u00f3dulo \u00e9 uma placa de interface de um canal. Com isso, pode-se ligar e desligar aparelhos de quase todos os tipos, com limite de corrente de 10A. Pode ser usado ligado diretamente a sensores, micro controladores ou qualquer circuito que use l\u00f3gica TTL.<\/p>\n<p><strong>Especifica\u00e7\u00f5es: <\/strong><\/p>\n<p>&#8211; Tens\u00e3o de opera\u00e7\u00e3o: 5V DC (VCC e GND)<\/p>\n<p>&#8211; Possui um acoplador \u00f3ptico, desacoplando o circuito de controle com o de atua\u00e7\u00e3o<\/p>\n<p>&#8211; Tens\u00e3o de sinal: TTL &#8211; 0V DC (IN)<\/p>\n<p>&#8211; Corrente t\u00edpica de opera\u00e7\u00e3o: 15~20mA<\/p>\n<p>&#8211; O rel\u00e9 possui contato NA e NF<\/p>\n<p>&#8211; Capacidade do rel\u00e9: 30 V DC e 10A ou 250V AC e 10A<\/p>\n<p>&#8211; Tempo de resposta: 5~10ms &#8211; Indicador LED de funcionamento<\/p>\n<p>&#8211; Dimens\u00f5es: 43mm (L) x 17mm (C) x 19mm (H) Pinagem: GND &#8211; 0V; IN &#8211; entrada controle rel\u00e9; VCC &#8211; 5v.<\/p>\n","protected":false},"excerpt":{"rendered":"<p>Este m\u00f3dulo \u00e9 uma placa de interface de um canal. Com isso, pode-se ligar e desligar aparelhos de quase todos os tipos, com limite de corrente de 10A. Pode ser usado ligado diretamente a sensores, micro controladores ou qualquer circuito que use l\u00f3gica TTL. Especifica\u00e7\u00f5es: &#8211; Tens\u00e3o de opera\u00e7\u00e3o: 5V DC (VCC e GND) &#8211; [&hellip;]<\/p>\n","protected":false},"featured_media":18986,"template":"","meta":[],"product_brand":[],"product_cat":[411,234,50,177,409],"product_tag":[],"class_list":{"0":"post-18985","1":"product","2":"type-product","3":"status-publish","4":"has-post-thumbnail","6":"product_cat-sem-categoria","7":"product_cat-led","8":"product_cat-modulos","9":"product_cat-reles","10":"product_cat-robotica","12":"entry","13":"has-media","15":"first","16":"instock","17":"shipping-taxable","18":"purchasable","19":"product-type-simple","20":"has-product-nav","21":"col","22":"span_1_of_3","23":"owp-content-center","24":"owp-thumbs-layout-horizontal","25":"owp-btn-normal","26":"owp-tabs-layout-horizontal"},"_links":{"self":[{"href":"https:\/\/arduxop.com.br\/loja\/wp-json\/wp\/v2\/product\/18985","targetHints":{"allow":["GET"]}}],"collection":[{"href":"https:\/\/arduxop.com.br\/loja\/wp-json\/wp\/v2\/product"}],"about":[{"href":"https:\/\/arduxop.com.br\/loja\/wp-json\/wp\/v2\/types\/product"}],"wp:featuredmedia":[{"embeddable":true,"href":"https:\/\/arduxop.com.br\/loja\/wp-json\/wp\/v2\/media\/18986"}],"wp:attachment":[{"href":"https:\/\/arduxop.com.br\/loja\/wp-json\/wp\/v2\/media?parent=18985"}],"wp:term":[{"taxonomy":"product_brand","embeddable":true,"href":"https:\/\/arduxop.com.br\/loja\/wp-json\/wp\/v2\/product_brand?post=18985"},{"taxonomy":"product_cat","embeddable":true,"href":"https:\/\/arduxop.com.br\/loja\/wp-json\/wp\/v2\/product_cat?post=18985"},{"taxonomy":"product_tag","embeddable":true,"href":"https:\/\/arduxop.com.br\/loja\/wp-json\/wp\/v2\/product_tag?post=18985"}],"curies":[{"name":"wp","href":"https:\/\/api.w.org\/{rel}","templated":true}]}}