{"id":18980,"date":"2026-01-27T16:01:42","date_gmt":"2026-01-27T20:01:42","guid":{"rendered":"https:\/\/arduxop.com.br\/loja\/?post_type=product&#038;p=18980"},"modified":"2026-01-27T16:01:42","modified_gmt":"2026-01-27T20:01:42","slug":"modulo-sensor-de-luz-ldr-fotossensivel","status":"publish","type":"product","link":"https:\/\/arduxop.com.br\/loja\/produto\/modulo-sensor-de-luz-ldr-fotossensivel\/","title":{"rendered":"M\u00f3dulo sensor de luz LDR Fotossens\u00edvel"},"content":{"rendered":"<p><strong id=\"tl_2\">USOS:<\/strong><br \/>\n<span id=\"tl_3\">Detec\u00e7\u00e3o de intensidade de luz, sensor de brilho de luz, m\u00f3dulo de luz de carro inteligente<\/span><br \/>\n<strong id=\"tl_4\">O m\u00f3dulo apresenta:<\/strong><br \/>\n<span id=\"tl_5\">1, usando sensor de resist\u00eancia fotossens\u00edvel do tipo sens\u00edvel<\/span><br \/>\n<span id=\"tl_6\">2, a sa\u00edda do comparador, sinal limpo, boa forma de onda, capacidade de condu\u00e7\u00e3o \u00e9 forte, por mais de 15 ma.<\/span><br \/>\n<span id=\"tl_7\">3, com potenci\u00f4metro ajust\u00e1vel pode detectar ajuste de brilho da luz<\/span><br \/>\n<span id=\"tl_8\">4, a tens\u00e3o de trabalho de 3,3 V a 5 V<\/span><br \/>\n<span id=\"tl_9\">5, o formul\u00e1rio de sa\u00edda: sa\u00edda de interruptor digital (0 e 1)<\/span><br \/>\n<span id=\"tl_10\">6, tem um orif\u00edcio de parafuso fixo, instala\u00e7\u00e3o conveniente<\/span><br \/>\n<span id=\"tl_11\">7, tamanho do PCB da placa pequena: 3,2 cm x 1,4 cm<\/span><br \/>\n<span id=\"tl_12\">8, usando o comparador de tens\u00e3o amplo LM393<\/span><br \/>\n<strong id=\"tl_13\">Instru\u00e7\u00f5es do m\u00f3dulo<\/strong><br \/>\n<span id=\"tl_14\">1, o m\u00f3dulo de resist\u00eancia fotossens\u00edvel \u00e9 mais sens\u00edvel \u00e0 luz ambiente, geralmente usado para detectar o ambiente ao redor do brilho da luz ou m\u00f3dulo de rel\u00e9 de disparo MCU, etc.;<\/span><br \/>\n<span id=\"tl_15\">2, m\u00f3dulo na intensidade da luz ambiente curto do limite de configura\u00e7\u00e3o, sa\u00edda de alto n\u00edvel DO final, quando a intensidade da luz ambiente \u00e9 superior ao limite definido, sa\u00edda DO n\u00edvel baixo;<\/span><br \/>\n<span id=\"tl_16\">3, a sa\u00edda DO pode ser conectada diretamente ao microcomputador de chip \u00fanico, atrav\u00e9s de microcomputador de chip \u00fanico para detectar o n\u00edvel alto e baixo, para detectar assim a mudan\u00e7a de intensidade da luz ambiental;<\/span><br \/>\n<span id=\"tl_17\">4, a sa\u00edda DO pode ser acionada diretamente em nosso m\u00f3dulo de rel\u00e9, que pode formar uma chave operado por luz<\/span><\/p>\n","protected":false},"excerpt":{"rendered":"<p>USOS: Detec\u00e7\u00e3o de intensidade de luz, sensor de brilho de luz, m\u00f3dulo de luz de carro inteligente O m\u00f3dulo apresenta: 1, usando sensor de resist\u00eancia fotossens\u00edvel do tipo sens\u00edvel 2, a sa\u00edda do comparador, sinal limpo, boa forma de onda, capacidade de condu\u00e7\u00e3o \u00e9 forte, por mais de 15 ma. 3, com potenci\u00f4metro ajust\u00e1vel pode [&hellip;]<\/p>\n","protected":false},"featured_media":18981,"template":"","meta":[],"product_brand":[],"product_cat":[411,888,889,50,178],"product_tag":[],"class_list":{"0":"post-18980","1":"product","2":"type-product","3":"status-publish","4":"has-post-thumbnail","6":"product_cat-sem-categoria","7":"product_cat-ldr","8":"product_cat-luminosidade","9":"product_cat-modulos","10":"product_cat-sensores","12":"entry","13":"has-media","15":"first","16":"instock","17":"shipping-taxable","18":"purchasable","19":"product-type-simple","20":"has-product-nav","21":"col","22":"span_1_of_3","23":"owp-content-center","24":"owp-thumbs-layout-horizontal","25":"owp-btn-normal","26":"owp-tabs-layout-horizontal"},"_links":{"self":[{"href":"https:\/\/arduxop.com.br\/loja\/wp-json\/wp\/v2\/product\/18980","targetHints":{"allow":["GET"]}}],"collection":[{"href":"https:\/\/arduxop.com.br\/loja\/wp-json\/wp\/v2\/product"}],"about":[{"href":"https:\/\/arduxop.com.br\/loja\/wp-json\/wp\/v2\/types\/product"}],"wp:featuredmedia":[{"embeddable":true,"href":"https:\/\/arduxop.com.br\/loja\/wp-json\/wp\/v2\/media\/18981"}],"wp:attachment":[{"href":"https:\/\/arduxop.com.br\/loja\/wp-json\/wp\/v2\/media?parent=18980"}],"wp:term":[{"taxonomy":"product_brand","embeddable":true,"href":"https:\/\/arduxop.com.br\/loja\/wp-json\/wp\/v2\/product_brand?post=18980"},{"taxonomy":"product_cat","embeddable":true,"href":"https:\/\/arduxop.com.br\/loja\/wp-json\/wp\/v2\/product_cat?post=18980"},{"taxonomy":"product_tag","embeddable":true,"href":"https:\/\/arduxop.com.br\/loja\/wp-json\/wp\/v2\/product_tag?post=18980"}],"curies":[{"name":"wp","href":"https:\/\/api.w.org\/{rel}","templated":true}]}}