{"id":18954,"date":"2025-12-11T08:42:15","date_gmt":"2025-12-11T12:42:15","guid":{"rendered":"https:\/\/arduxop.com.br\/loja\/?post_type=product&#038;p=18954"},"modified":"2025-12-11T08:42:16","modified_gmt":"2025-12-11T12:42:16","slug":"kit-de-modulo-de-sensor-de-temperatura-ds18b20-a-prova-dagua","status":"publish","type":"product","link":"https:\/\/arduxop.com.br\/loja\/produto\/kit-de-modulo-de-sensor-de-temperatura-ds18b20-a-prova-dagua\/","title":{"rendered":"Kit De M\u00f3dulo De Sensor De Temperatura Ds18b20 \u00c0 Prova D&#8217;\u00e1gua"},"content":{"rendered":"<div><\/div>\n<div><span id=\"tl_2\">O sensor de temperatura DS18B20 \u00e0 prova d&#8217;\u00e1gua do terminal conect\u00e1vel pode ser usado em muitos lugares, como detec\u00e7\u00e3o de temperatura do solo, controle de temperatura do tanque de \u00e1gua quente, sensor de temperatura DS18B20 \u00e0 prova d&#8217;\u00e1gua tamb\u00e9m deve ser conectado a um resistor pull-up que pode ser usado, para o qual projetamos o conversor para enviar uso.<\/span><\/div>\n<div><span id=\"tl_3\">Especifica\u00e7\u00f5es do produto:<\/span><\/div>\n<div><span id=\"tl_4\">Tens\u00e3o de alimenta\u00e7\u00e3o do sensor de temperatura: 3,0 V ~ 5,5 V<\/span><\/div>\n<div><span id=\"tl_5\">Resolu\u00e7\u00e3o do sensor de temperatura: resolu\u00e7\u00e3o ajust\u00e1vel de 9 a 12<\/span><\/div>\n<div><span id=\"tl_6\">Faixa de temperatura: -55 ~ +125\u00b0 (o chumbo s\u00f3 pode suportar a temperatura mais alta de 85 graus)<\/span><\/div>\n<div><span id=\"tl_7\">Cabo de sa\u00edda do sensor de temperatura: Amarelo (DADOS) Vermelho (VCC) e Preto (GND)<\/span><\/div>\n<div><span id=\"tl_8\">Cabos adaptadores: DADOS, VCC, BLK,<\/span><\/div>\n<div><span id=\"tl_9\">Plataforma adequada: para Arduino e Raspberry Pi<\/span><\/div>\n<div><\/div>\n","protected":false},"excerpt":{"rendered":"<p>O sensor de temperatura DS18B20 \u00e0 prova d&#8217;\u00e1gua do terminal conect\u00e1vel pode ser usado em muitos lugares, como detec\u00e7\u00e3o de temperatura do solo, controle de temperatura do tanque de \u00e1gua quente, sensor de temperatura DS18B20 \u00e0 prova d&#8217;\u00e1gua tamb\u00e9m deve ser conectado a um resistor pull-up que pode ser usado, para o qual projetamos o [&hellip;]<\/p>\n","protected":false},"featured_media":18955,"template":"","meta":[],"product_brand":[],"product_cat":[411,50,409,178,516],"product_tag":[],"class_list":{"0":"post-18954","1":"product","2":"type-product","3":"status-publish","4":"has-post-thumbnail","6":"product_cat-sem-categoria","7":"product_cat-modulos","8":"product_cat-robotica","9":"product_cat-sensores","10":"product_cat-temperatura","12":"entry","13":"has-media","15":"first","16":"instock","17":"shipping-taxable","18":"purchasable","19":"product-type-simple","20":"has-product-nav","21":"col","22":"span_1_of_3","23":"owp-content-center","24":"owp-thumbs-layout-horizontal","25":"owp-btn-normal","26":"owp-tabs-layout-horizontal"},"_links":{"self":[{"href":"https:\/\/arduxop.com.br\/loja\/wp-json\/wp\/v2\/product\/18954","targetHints":{"allow":["GET"]}}],"collection":[{"href":"https:\/\/arduxop.com.br\/loja\/wp-json\/wp\/v2\/product"}],"about":[{"href":"https:\/\/arduxop.com.br\/loja\/wp-json\/wp\/v2\/types\/product"}],"wp:featuredmedia":[{"embeddable":true,"href":"https:\/\/arduxop.com.br\/loja\/wp-json\/wp\/v2\/media\/18955"}],"wp:attachment":[{"href":"https:\/\/arduxop.com.br\/loja\/wp-json\/wp\/v2\/media?parent=18954"}],"wp:term":[{"taxonomy":"product_brand","embeddable":true,"href":"https:\/\/arduxop.com.br\/loja\/wp-json\/wp\/v2\/product_brand?post=18954"},{"taxonomy":"product_cat","embeddable":true,"href":"https:\/\/arduxop.com.br\/loja\/wp-json\/wp\/v2\/product_cat?post=18954"},{"taxonomy":"product_tag","embeddable":true,"href":"https:\/\/arduxop.com.br\/loja\/wp-json\/wp\/v2\/product_tag?post=18954"}],"curies":[{"name":"wp","href":"https:\/\/api.w.org\/{rel}","templated":true}]}}