{"id":18944,"date":"2025-12-04T09:45:27","date_gmt":"2025-12-04T13:45:27","guid":{"rendered":"https:\/\/arduxop.com.br\/loja\/?post_type=product&#038;p=18944"},"modified":"2025-12-04T09:45:27","modified_gmt":"2025-12-04T13:45:27","slug":"kit-de-placa-de-ensaio-mb-102-para-uno-r3","status":"publish","type":"product","link":"https:\/\/arduxop.com.br\/loja\/produto\/kit-de-placa-de-ensaio-mb-102-para-uno-r3\/","title":{"rendered":"Kit de placa de ensaio MB-102 para UNO R3"},"content":{"rendered":"<p><strong>Descri\u00e7\u00e3o do produto<\/strong><\/p>\n<p>Lista de componentes:<\/p>\n<ul>\n<li>1 M\u00f3dulo de alimenta\u00e7\u00e3o: <strong>MB-102;<\/strong><\/li>\n<li>1 Protoboard 830 furos;<\/li>\n<li>65 jumpers;<\/li>\n<li>140 jumpers sem solda;<\/li>\n<li>1 cabo Dupont f\u00eamea x macho de 20 pinos;<\/li>\n<li>1 Potenci\u00f4metro;<\/li>\n<li>1 Fotoresistor;<\/li>\n<li>1 Termistor;<\/li>\n<li>5 Diodos retificadores ( 1N4007 );<\/li>\n<li>5 Transistores NPN (PN2222 );<\/li>\n<li>1 CI 4N35;<\/li>\n<li>1 CI 74HC595;<\/li>\n<li>1 Buzzer ativo;<\/li>\n<li>10 Push button;<\/li>\n<li>10 Capacitores Cer\u00e2micos 22uf;<\/li>\n<li>10 Capacitores Cer\u00e2micos 104uf;<\/li>\n<li>5 Capacitores Eletrol\u00edticos 50V 100uf;<\/li>\n<li>5 Capacitores Eletrol\u00edticos 50V 10uf;<\/li>\n<li>10 Led&#8217;s brancos;<\/li>\n<li>10 Led&#8217;s\u00a0 amarelos;<\/li>\n<li>10 Led&#8217;s azuis;<\/li>\n<li>10 Led&#8217;s vermelhos;<\/li>\n<li>10 Led&#8217;s verdes;<\/li>\n<li>1 Led RGB;<\/li>\n<li>10 Resistores (10 ohms);<\/li>\n<li>10 Resistores (100 ohms);<\/li>\n<li>10 Resistores (220 ohms);<\/li>\n<li>10 Resistores (330 ohms);<\/li>\n<li>10 Resistores (1 Kohms);<\/li>\n<li>10 Resistores (2 Kohms);<\/li>\n<li>10 Resistores (5 Kohms);<\/li>\n<li>10 Resistores (10 Kohms);<\/li>\n<li>10 Resistores (100 Kohms);<\/li>\n<li>10 Resistores (1 Mohms).<\/li>\n<\/ul>\n","protected":false},"excerpt":{"rendered":"<p>Descri\u00e7\u00e3o do produto Lista de componentes: 1 M\u00f3dulo de alimenta\u00e7\u00e3o: MB-102; 1 Protoboard 830 furos; 65 jumpers; 140 jumpers sem solda; 1 cabo Dupont f\u00eamea x macho de 20 pinos; 1 Potenci\u00f4metro; 1 Fotoresistor; 1 Termistor; 5 Diodos retificadores ( 1N4007 ); 5 Transistores NPN (PN2222 ); 1 CI 4N35; 1 CI 74HC595; 1 Buzzer [&hellip;]<\/p>\n","protected":false},"featured_media":18945,"template":"","meta":[],"product_brand":[],"product_cat":[190,45,411,184,48,186,50,409],"product_tag":[],"class_list":{"0":"post-18944","1":"product","2":"type-product","3":"status-publish","4":"has-post-thumbnail","6":"product_cat-buzzer","7":"product_cat-componentes","8":"product_cat-sem-categoria","9":"product_cat-fios-e-cabos","10":"product_cat-kits","11":"product_cat-leds","12":"product_cat-modulos","13":"product_cat-robotica","15":"entry","16":"has-media","18":"first","19":"instock","20":"shipping-taxable","21":"purchasable","22":"product-type-simple","23":"has-product-nav","24":"col","25":"span_1_of_3","26":"owp-content-center","27":"owp-thumbs-layout-horizontal","28":"owp-btn-normal","29":"owp-tabs-layout-horizontal"},"_links":{"self":[{"href":"https:\/\/arduxop.com.br\/loja\/wp-json\/wp\/v2\/product\/18944","targetHints":{"allow":["GET"]}}],"collection":[{"href":"https:\/\/arduxop.com.br\/loja\/wp-json\/wp\/v2\/product"}],"about":[{"href":"https:\/\/arduxop.com.br\/loja\/wp-json\/wp\/v2\/types\/product"}],"wp:featuredmedia":[{"embeddable":true,"href":"https:\/\/arduxop.com.br\/loja\/wp-json\/wp\/v2\/media\/18945"}],"wp:attachment":[{"href":"https:\/\/arduxop.com.br\/loja\/wp-json\/wp\/v2\/media?parent=18944"}],"wp:term":[{"taxonomy":"product_brand","embeddable":true,"href":"https:\/\/arduxop.com.br\/loja\/wp-json\/wp\/v2\/product_brand?post=18944"},{"taxonomy":"product_cat","embeddable":true,"href":"https:\/\/arduxop.com.br\/loja\/wp-json\/wp\/v2\/product_cat?post=18944"},{"taxonomy":"product_tag","embeddable":true,"href":"https:\/\/arduxop.com.br\/loja\/wp-json\/wp\/v2\/product_tag?post=18944"}],"curies":[{"name":"wp","href":"https:\/\/api.w.org\/{rel}","templated":true}]}}