{"id":18939,"date":"2025-11-21T14:20:14","date_gmt":"2025-11-21T18:20:14","guid":{"rendered":"https:\/\/arduxop.com.br\/loja\/?post_type=product&#038;p=18939"},"modified":"2026-04-20T15:20:23","modified_gmt":"2026-04-20T19:20:23","slug":"conversor-usb-para-rs485-modelo-340-blue","status":"publish","type":"product","link":"https:\/\/arduxop.com.br\/loja\/produto\/conversor-usb-para-rs485-modelo-340-blue\/","title":{"rendered":"Conversor USB para RS485 modelo 340 blue"},"content":{"rendered":"<p>Especifica\u00e7\u00f5es:<br \/>\nCompatibilidade: padr\u00e3o USB v2.0<br \/>\nInterface: USB<br \/>\nPorta: uma independente RS-485<br \/>\nConector: tipo USB\/terminal de Parafuso<br \/>\nVelocidade de transmiss\u00e3o: 600bps a 115.2 kbps<br \/>\nBit de dados: 5, 6, 7, 8<br \/>\nBit de parada: 1, 1.5, 2<br \/>\nSuporte ao driver: Windows 2000\/2003\/xp\/vista\/7 (32bit e 64bit)<br \/>\nConsumo de energia: 1.5 w a 5 Vdc<br \/>\nDist\u00e2ncia m\u00e1xima: 4000ft (1200m) a 19.2 kbps<br \/>\nCase: pl\u00e1stico abs transparente azul<\/p>\n<p>O conversor USB para rs485 permite que os usu\u00e1rios de computador\/notebook conectem seus dispositivos RS-485 para sistemas que usam interface USB.<br \/>\nCom o conversor, o usu\u00e1rio obt\u00e9m instantaneamente uma velocidade para portas RS-485. Al\u00e9m disso, uma vez que a energia \u00e9 derivada da porta USB, n\u00e3o h\u00e1 necessidade de adaptadores de energia.<br \/>\nIsto faz o conversor especialmente apropriado para PLC, impressoras, sistemas industriais<\/p>\n","protected":false},"excerpt":{"rendered":"<p>Especifica\u00e7\u00f5es: Compatibilidade: padr\u00e3o USB v2.0 Interface: USB Porta: uma independente RS-485 Conector: tipo USB\/terminal de Parafuso Velocidade de transmiss\u00e3o: 600bps a 115.2 kbps Bit de dados: 5, 6, 7, 8 Bit de parada: 1, 1.5, 2 Suporte ao driver: Windows 2000\/2003\/xp\/vista\/7 (32bit e 64bit) Consumo de energia: 1.5 w a 5 Vdc Dist\u00e2ncia m\u00e1xima: 4000ft [&hellip;]<\/p>\n","protected":false},"featured_media":18940,"template":"","meta":[],"product_brand":[],"product_cat":[883,411,884],"product_tag":[],"class_list":{"0":"post-18939","1":"product","2":"type-product","3":"status-publish","4":"has-post-thumbnail","6":"product_cat-conversor","7":"product_cat-sem-categoria","8":"product_cat-usb","10":"entry","11":"has-media","13":"first","14":"instock","15":"shipping-taxable","16":"purchasable","17":"product-type-simple","18":"has-product-nav","19":"col","20":"span_1_of_3","21":"owp-content-center","22":"owp-thumbs-layout-horizontal","23":"owp-btn-normal","24":"owp-tabs-layout-horizontal"},"_links":{"self":[{"href":"https:\/\/arduxop.com.br\/loja\/wp-json\/wp\/v2\/product\/18939","targetHints":{"allow":["GET"]}}],"collection":[{"href":"https:\/\/arduxop.com.br\/loja\/wp-json\/wp\/v2\/product"}],"about":[{"href":"https:\/\/arduxop.com.br\/loja\/wp-json\/wp\/v2\/types\/product"}],"wp:featuredmedia":[{"embeddable":true,"href":"https:\/\/arduxop.com.br\/loja\/wp-json\/wp\/v2\/media\/18940"}],"wp:attachment":[{"href":"https:\/\/arduxop.com.br\/loja\/wp-json\/wp\/v2\/media?parent=18939"}],"wp:term":[{"taxonomy":"product_brand","embeddable":true,"href":"https:\/\/arduxop.com.br\/loja\/wp-json\/wp\/v2\/product_brand?post=18939"},{"taxonomy":"product_cat","embeddable":true,"href":"https:\/\/arduxop.com.br\/loja\/wp-json\/wp\/v2\/product_cat?post=18939"},{"taxonomy":"product_tag","embeddable":true,"href":"https:\/\/arduxop.com.br\/loja\/wp-json\/wp\/v2\/product_tag?post=18939"}],"curies":[{"name":"wp","href":"https:\/\/api.w.org\/{rel}","templated":true}]}}