{"id":18928,"date":"2025-11-19T09:58:29","date_gmt":"2025-11-19T13:58:29","guid":{"rendered":"https:\/\/arduxop.com.br\/loja\/?post_type=product&#038;p=18928"},"modified":"2025-11-19T10:38:06","modified_gmt":"2025-11-19T14:38:06","slug":"modulo-adaptador-micro-sd-tf-card-arduino","status":"publish","type":"product","link":"https:\/\/arduxop.com.br\/loja\/produto\/modulo-adaptador-micro-sd-tf-card-arduino\/","title":{"rendered":"M\u00f3dulo Adaptador Micro SD TF Card Arduino"},"content":{"rendered":"<p>Interface de cart\u00e3o MINI SD pop-up integrada<br \/>\nTamanho da placa: 18,5 (mm) x 17,5 (mm)<\/p>\n<p>Descri\u00e7\u00e3o de produto&#8230;<\/p>\n<p>&#8211; O m\u00f3dulo adaptador de cart\u00e3o Micro SD, \u00e9 um leitor de cart\u00e3o Micro SD, interface SPI atrav\u00e9s do driver de sistema de arquivos, do micro controlador para ler e escrever arquivos para Esp8266, Arduino, qualquer projeto que necessite a grava\u00e7\u00e3o de dados (datalogger).<\/p>\n<p>M\u00f3dulo de leitura e escrita de dados em micro cart\u00f5es de mem\u00f3ria, sendo comumente utilizado com Esp8266, Arduino, em projetos onde e necess\u00e1rio registrar informa\u00e7\u00f5es obtidas de sensores ou registrar a\u00e7\u00f5es executadas pelo sistema de controle. Comunica\u00e7\u00e3o atrav\u00e9s do sistema de arquivos via interface SPI, al\u00e9m do sistema de SCM de modo a completar o arquivo para leitura e escrita no cart\u00e3o Micro SD.<\/p>\n<p>Utilidade:<\/p>\n<p>&#8211;\u00a0Registrar informa\u00e7\u00f5es obtidas de sensores;<br \/>\n&#8211; Registrar a\u00e7\u00f5es executadas pelo sistema de controle;<\/p>\n<p>Caracter\u00edstica T\u00e9cnicas:<\/p>\n<p>&#8211; Cart\u00e3o SD Micro (&lt; = 2G), cart\u00e3o Micro SDHC (&lt; = 32G);<br \/>\n&#8211; Alimenta\u00e7\u00e3o: 3,3V;<br \/>\n&#8211; Interface de comunica\u00e7\u00e3o e um padr\u00e3o Interface SPI;<br \/>\n&#8211; 2 furos de fixa\u00e7\u00e3o;<br \/>\n&#8211; Dimens\u00f5es: 21 X 18 X 3,5 mm,<br \/>\n-Peso: 5g.<\/p>\n<p>Interface de controle:<br \/>\n-Seis pinos (GND, VCC, miso, MOSI, SCK , CS);<br \/>\n-VCC fonte de alimenta\u00e7\u00e3o: 3,3V;<br \/>\n-CS \u00e9 o pino de sinal;<br \/>\n-MOSI, CLK, MISO, barramento SPI;<br \/>\n-GND \u00e9 o terra;<\/p>\n","protected":false},"excerpt":{"rendered":"<p>Interface de cart\u00e3o MINI SD pop-up integrada Tamanho da placa: 18,5 (mm) x 17,5 (mm) Descri\u00e7\u00e3o de produto&#8230; &#8211; O m\u00f3dulo adaptador de cart\u00e3o Micro SD, \u00e9 um leitor de cart\u00e3o Micro SD, interface SPI atrav\u00e9s do driver de sistema de arquivos, do micro controlador para ler e escrever arquivos para Esp8266, Arduino, qualquer projeto [&hellip;]<\/p>\n","protected":false},"featured_media":18929,"template":"","meta":[],"product_brand":[],"product_cat":[411,881,409],"product_tag":[],"class_list":{"0":"post-18928","1":"product","2":"type-product","3":"status-publish","4":"has-post-thumbnail","6":"product_cat-sem-categoria","7":"product_cat-micro-sd","8":"product_cat-robotica","10":"entry","11":"has-media","13":"first","14":"instock","15":"shipping-taxable","16":"purchasable","17":"product-type-simple","18":"has-product-nav","19":"col","20":"span_1_of_3","21":"owp-content-center","22":"owp-thumbs-layout-horizontal","23":"owp-btn-normal","24":"owp-tabs-layout-horizontal"},"_links":{"self":[{"href":"https:\/\/arduxop.com.br\/loja\/wp-json\/wp\/v2\/product\/18928","targetHints":{"allow":["GET"]}}],"collection":[{"href":"https:\/\/arduxop.com.br\/loja\/wp-json\/wp\/v2\/product"}],"about":[{"href":"https:\/\/arduxop.com.br\/loja\/wp-json\/wp\/v2\/types\/product"}],"wp:featuredmedia":[{"embeddable":true,"href":"https:\/\/arduxop.com.br\/loja\/wp-json\/wp\/v2\/media\/18929"}],"wp:attachment":[{"href":"https:\/\/arduxop.com.br\/loja\/wp-json\/wp\/v2\/media?parent=18928"}],"wp:term":[{"taxonomy":"product_brand","embeddable":true,"href":"https:\/\/arduxop.com.br\/loja\/wp-json\/wp\/v2\/product_brand?post=18928"},{"taxonomy":"product_cat","embeddable":true,"href":"https:\/\/arduxop.com.br\/loja\/wp-json\/wp\/v2\/product_cat?post=18928"},{"taxonomy":"product_tag","embeddable":true,"href":"https:\/\/arduxop.com.br\/loja\/wp-json\/wp\/v2\/product_tag?post=18928"}],"curies":[{"name":"wp","href":"https:\/\/api.w.org\/{rel}","templated":true}]}}