{"id":18920,"date":"2025-11-17T15:51:30","date_gmt":"2025-11-17T19:51:30","guid":{"rendered":"https:\/\/arduxop.com.br\/loja\/?post_type=product&#038;p=18920"},"modified":"2025-11-17T16:54:53","modified_gmt":"2025-11-17T20:54:53","slug":"interruptor-rocker-de-alta-corrente-32a-250v-on-on-e-on-off-on","status":"publish","type":"product","link":"https:\/\/arduxop.com.br\/loja\/produto\/interruptor-rocker-de-alta-corrente-32a-250v-on-on-e-on-off-on\/","title":{"rendered":"Interruptor rocker de alta corrente 32A 250V ON-ON ; ON-OFF-ON; ON-OFF"},"content":{"rendered":"<p>Interruptor rocker de alta corrente 32A 250V ON-ON ; ON-OFF-ON E ON-OFF<\/p>\n<p>2 Terminais<\/p>\n<p>3 Terminais<\/p>\n<p>6 Terminais<\/p>\n<p><span id=\"tl_1\">Caracter\u00edsticas:<\/span>\u00a0<span id=\"tl_2\">1.Nome do produto: interruptor de altern\u00e2ncia<br \/>\n2.Modelo do produto: E-SG-1021 \/E-SG-1122\/E-SG-1221\/E-SG-1321\/E-SG-122\/E-SG-123\/E-SG-223\/E-SG-301\/E-SG-302\/E-SG-303\/E-SG-401\/E-SG-402\/E-SG-403\/<br \/>\n3.Corrente nominal: 32A<br \/>\n4.Tens\u00e3o de trabalho: 250V AC5.Temperatura ambiente:-40~85 graus<br \/>\n6.Tamanho do furo: 12mm<br \/>\n7.Material base: baquelite resistente a altas temperaturas<br \/>\n8.Contato: contato prateado<br \/>\n9. Caracter\u00edsticas: materiais de alta qualidade, alta resist\u00eancia, tampa contra poeira de metal, n\u00e3o \u00e9 f\u00e1cil de danificar, longa vida \u00fatil, material PC6, \u00e0 prova de fogo, resistente ao desgaste, boa condutividade e isolamento<\/span><\/p>\n<p>&nbsp;<\/p>\n","protected":false},"excerpt":{"rendered":"<p>Interruptor rocker de alta corrente 32A 250V ON-ON ; ON-OFF-ON E ON-OFF 2 Terminais 3 Terminais 6 Terminais Caracter\u00edsticas:\u00a01.Nome do produto: interruptor de altern\u00e2ncia 2.Modelo do produto: E-SG-1021 \/E-SG-1122\/E-SG-1221\/E-SG-1321\/E-SG-122\/E-SG-123\/E-SG-223\/E-SG-301\/E-SG-302\/E-SG-303\/E-SG-401\/E-SG-402\/E-SG-403\/ 3.Corrente nominal: 32A 4.Tens\u00e3o de trabalho: 250V AC5.Temperatura ambiente:-40~85 graus 6.Tamanho do furo: 12mm 7.Material base: baquelite resistente a altas temperaturas 8.Contato: contato prateado 9. Caracter\u00edsticas: [&hellip;]<\/p>\n","protected":false},"featured_media":18925,"template":"","meta":[],"product_brand":[],"product_cat":[411],"product_tag":[],"class_list":{"0":"post-18920","1":"product","2":"type-product","3":"status-publish","4":"has-post-thumbnail","6":"product_cat-sem-categoria","8":"entry","9":"has-media","11":"first","12":"instock","13":"shipping-taxable","14":"purchasable","15":"product-type-simple","16":"has-product-nav","17":"col","18":"span_1_of_3","19":"owp-content-center","20":"owp-thumbs-layout-horizontal","21":"owp-btn-normal","22":"owp-tabs-layout-horizontal"},"_links":{"self":[{"href":"https:\/\/arduxop.com.br\/loja\/wp-json\/wp\/v2\/product\/18920","targetHints":{"allow":["GET"]}}],"collection":[{"href":"https:\/\/arduxop.com.br\/loja\/wp-json\/wp\/v2\/product"}],"about":[{"href":"https:\/\/arduxop.com.br\/loja\/wp-json\/wp\/v2\/types\/product"}],"wp:featuredmedia":[{"embeddable":true,"href":"https:\/\/arduxop.com.br\/loja\/wp-json\/wp\/v2\/media\/18925"}],"wp:attachment":[{"href":"https:\/\/arduxop.com.br\/loja\/wp-json\/wp\/v2\/media?parent=18920"}],"wp:term":[{"taxonomy":"product_brand","embeddable":true,"href":"https:\/\/arduxop.com.br\/loja\/wp-json\/wp\/v2\/product_brand?post=18920"},{"taxonomy":"product_cat","embeddable":true,"href":"https:\/\/arduxop.com.br\/loja\/wp-json\/wp\/v2\/product_cat?post=18920"},{"taxonomy":"product_tag","embeddable":true,"href":"https:\/\/arduxop.com.br\/loja\/wp-json\/wp\/v2\/product_tag?post=18920"}],"curies":[{"name":"wp","href":"https:\/\/api.w.org\/{rel}","templated":true}]}}