{"id":18917,"date":"2025-11-17T14:44:48","date_gmt":"2025-11-17T18:44:48","guid":{"rendered":"https:\/\/arduxop.com.br\/loja\/?post_type=product&#038;p=18917"},"modified":"2025-11-17T14:44:48","modified_gmt":"2025-11-17T18:44:48","slug":"kit-ferro-de-solda-temperatura-ajustavel-60w-110v","status":"publish","type":"product","link":"https:\/\/arduxop.com.br\/loja\/produto\/kit-ferro-de-solda-temperatura-ajustavel-60w-110v\/","title":{"rendered":"Kit Ferro De Solda Temperatura Ajust\u00e1vel 60w 110V"},"content":{"rendered":"<p><strong><span id=\"tl_3\">Lista de embalagem do kit 5 em 1<\/span><\/strong><\/p>\n<p>1x Ferro de Solda 60w com temperatura ajust\u00e1vel<br \/>\n6x Ponteiras do ferro de solda<br \/>\n1x Suporte para ferro de solda<br \/>\n1x Esponja para limpeza da ponteira<\/p>\n<p>Ajuste de temperatura de ampla faixa (200\u00b0C a 450\u00b0C), atende \u00e0s necessidades de diferentes ocasi\u00f5es de soldagem.<br \/>\nSeus componentes usam a tecnologia de queima de alta temperatura (temperatura est\u00e1vel), possui um aquecimento r\u00e1pido e eficaz al\u00e9m de possuir uma longa vida util.<\/p>\n<p>Design ergon\u00f4mico e de longa durabilidade, possui pegador para os dedos, ou seja, \u00e9 mais aderente, proporcionando uma pegada mais firme com uma utiliza\u00e7\u00e3o minuciosa e mais detalhada.<\/p>\n<p>Acompanha 6 Pontas de solda (1 no ferro e outras em embalagem extra).<\/p>\n","protected":false},"excerpt":{"rendered":"<p>Lista de embalagem do kit 5 em 1 1x Ferro de Solda 60w com temperatura ajust\u00e1vel 6x Ponteiras do ferro de solda 1x Suporte para ferro de solda 1x Esponja para limpeza da ponteira Ajuste de temperatura de ampla faixa (200\u00b0C a 450\u00b0C), atende \u00e0s necessidades de diferentes ocasi\u00f5es de soldagem. Seus componentes usam a [&hellip;]<\/p>\n","protected":false},"featured_media":18918,"template":"","meta":[],"product_brand":[],"product_cat":[411,880,48],"product_tag":[],"class_list":{"0":"post-18917","1":"product","2":"type-product","3":"status-publish","4":"has-post-thumbnail","6":"product_cat-sem-categoria","7":"product_cat-ferro-de-solda","8":"product_cat-kits","10":"entry","11":"has-media","13":"first","14":"instock","15":"shipping-taxable","16":"purchasable","17":"product-type-simple","18":"has-product-nav","19":"col","20":"span_1_of_3","21":"owp-content-center","22":"owp-thumbs-layout-horizontal","23":"owp-btn-normal","24":"owp-tabs-layout-horizontal"},"_links":{"self":[{"href":"https:\/\/arduxop.com.br\/loja\/wp-json\/wp\/v2\/product\/18917","targetHints":{"allow":["GET"]}}],"collection":[{"href":"https:\/\/arduxop.com.br\/loja\/wp-json\/wp\/v2\/product"}],"about":[{"href":"https:\/\/arduxop.com.br\/loja\/wp-json\/wp\/v2\/types\/product"}],"wp:featuredmedia":[{"embeddable":true,"href":"https:\/\/arduxop.com.br\/loja\/wp-json\/wp\/v2\/media\/18918"}],"wp:attachment":[{"href":"https:\/\/arduxop.com.br\/loja\/wp-json\/wp\/v2\/media?parent=18917"}],"wp:term":[{"taxonomy":"product_brand","embeddable":true,"href":"https:\/\/arduxop.com.br\/loja\/wp-json\/wp\/v2\/product_brand?post=18917"},{"taxonomy":"product_cat","embeddable":true,"href":"https:\/\/arduxop.com.br\/loja\/wp-json\/wp\/v2\/product_cat?post=18917"},{"taxonomy":"product_tag","embeddable":true,"href":"https:\/\/arduxop.com.br\/loja\/wp-json\/wp\/v2\/product_tag?post=18917"}],"curies":[{"name":"wp","href":"https:\/\/api.w.org\/{rel}","templated":true}]}}