{"id":18904,"date":"2025-10-20T16:50:51","date_gmt":"2025-10-20T20:50:51","guid":{"rendered":"https:\/\/arduxop.com.br\/loja\/?post_type=product&#038;p=18904"},"modified":"2025-10-20T16:50:51","modified_gmt":"2025-10-20T20:50:51","slug":"placa-receptora-bluetooth-5-0-estereo-vhm-314","status":"publish","type":"product","link":"https:\/\/arduxop.com.br\/loja\/produto\/placa-receptora-bluetooth-5-0-estereo-vhm-314\/","title":{"rendered":"Placa Receptora Bluetooth 5.0 Est\u00e9reo VHM-314"},"content":{"rendered":"<p><span data-spm-anchor-id=\"a2g0o.detail.1000023.i0.1c48ZCMEZCMEnG\">M\u00f3dulo de m\u00fasica est\u00e9reo sem fio VHM-314, 3.7-5V, bluetooth, 4.1\/5.0, reprodutor de decodifica\u00e7\u00e3o, placa amplificadora, 2 canais, 3.5mm, \u00e1udio, aux., micro usb, 5v alimentado<br \/>\n<\/span><strong>Caracter\u00edstica:<\/strong><br \/>\n<strong>1.Decodifica\u00e7\u00e3o compat\u00edvel com Bluetooth:<\/strong>\u00a0<span data-spm-anchor-id=\"a2g0o.detail.1000023.i1.1c48ZCMEZCMEnG\">Aproveite a conveni\u00eancia do streaming de \u00e1udio sem fio em seu ve\u00edculo com esta placa receptora de \u00e1udio. Ele fornece reprodu\u00e7\u00e3o de \u00e1udio de alta qualidade e sem perdas para uma experi\u00eancia auditiva aprimorada.<br \/>\n<\/span><strong>2.Op\u00e7\u00f5es vers\u00e1teis de energia:<\/strong> A placa decodificadora mp3 sem perdas pode ser alimentada via USB usando uma fonte de alimenta\u00e7\u00e3o Micro USB 5V universal, garantindo compatibilidade e flexibilidade. Ele tamb\u00e9m suporta convers\u00e3o de energia externa para baterias de l\u00edtio de 3,7-5 V, permitindo uso port\u00e1til.<br \/>\n<strong>3.Indicador de modo compat\u00edvel com Bluetooth claro:<\/strong> A luz indicadora LED exibe um longo brilho azul no m\u00f3dulo de m\u00fasica est\u00e9reo sem fio, fornecendo uma indica\u00e7\u00e3o visual clara do status atual da placa. Identifique facilmente quando seu dispositivo est\u00e1 conectado e pronto para transmitir \u00e1udio sem fio.<br \/>\n<strong>4.Interface de \u00e1udio est\u00e9reo padr\u00e3o de 3,5 mm:<\/strong> Equipada com uma interface de \u00e1udio padr\u00e3o de 3,5 mm, esta placa reprodutor de decodifica\u00e7\u00e3o mp3 oferece compatibilidade com uma ampla gama de dispositivos. Conecte fones de ouvido, amplificadores e outros equipamentos de \u00e1udio para integra\u00e7\u00e3o perfeita em seu carro ou sistema de \u00e1udio dom\u00e9stico.<br \/>\n<strong>5.F\u00e1cil instala\u00e7\u00e3o e integra\u00e7\u00e3o:<\/strong> Com seu tamanho compacto e configura\u00e7\u00e3o simples, esta placa decodificadora em formato mp3 pode ser facilmente instalada e integrada em sua configura\u00e7\u00e3o de \u00e1udio existente. Atualize o sistema de som do seu carro ou atualize os alto-falantes da sua casa sem esfor\u00e7o.<\/p>\n<p><strong>Especifica\u00e7\u00e3o:<\/strong><br \/>\nEstilo de equipamento de \u00e1udio e v\u00eddeo compat\u00edvel: Conversor digital para anal\u00f3gico (DAC)<br \/>\nN\u00famero de modelo: placa de decodifica\u00e7\u00e3o compat\u00edvel com bluetooth<br \/>\nPeso: 10,00g<br \/>\nPacote: Sim<br \/>\nTens\u00e3o de trabalho: 3,7-24VDC<br \/>\nVers\u00e3o compat\u00edvel com Bluetooth: 5.0<br \/>\nDist\u00e2ncia de transmiss\u00e3o: 15 metros (vis\u00edvel e desobstru\u00edda)<br \/>\nRela\u00e7\u00e3o sinal-ru\u00eddo: \u226590dB<br \/>\nDistor\u00e7\u00e3o: \u2264-70dB<br \/>\nN\u00famero de canais: dois canais (est\u00e9reo)<br \/>\nInterface de \u00e1udio: interface de \u00e1udio de 3,5 mm<br \/>\nMecanismo de prote\u00e7\u00e3o do m\u00f3dulo: prote\u00e7\u00e3o contra energia reversa<br \/>\nTamanho: cerca de 30x30mm\/1,18&#215;1,18 polegadas<\/p>\n","protected":false},"excerpt":{"rendered":"<p>M\u00f3dulo de m\u00fasica est\u00e9reo sem fio VHM-314, 3.7-5V, bluetooth, 4.1\/5.0, reprodutor de decodifica\u00e7\u00e3o, placa amplificadora, 2 canais, 3.5mm, \u00e1udio, aux., micro usb, 5v alimentado Caracter\u00edstica: 1.Decodifica\u00e7\u00e3o compat\u00edvel com Bluetooth:\u00a0Aproveite a conveni\u00eancia do streaming de \u00e1udio sem fio em seu ve\u00edculo com esta placa receptora de \u00e1udio. Ele fornece reprodu\u00e7\u00e3o de \u00e1udio de alta qualidade e [&hellip;]<\/p>\n","protected":false},"featured_media":18905,"template":"","meta":[],"product_brand":[],"product_cat":[411],"product_tag":[],"class_list":{"0":"post-18904","1":"product","2":"type-product","3":"status-publish","4":"has-post-thumbnail","6":"product_cat-sem-categoria","8":"entry","9":"has-media","11":"first","12":"instock","13":"shipping-taxable","14":"purchasable","15":"product-type-simple","16":"has-product-nav","17":"col","18":"span_1_of_3","19":"owp-content-center","20":"owp-thumbs-layout-horizontal","21":"owp-btn-normal","22":"owp-tabs-layout-horizontal"},"_links":{"self":[{"href":"https:\/\/arduxop.com.br\/loja\/wp-json\/wp\/v2\/product\/18904","targetHints":{"allow":["GET"]}}],"collection":[{"href":"https:\/\/arduxop.com.br\/loja\/wp-json\/wp\/v2\/product"}],"about":[{"href":"https:\/\/arduxop.com.br\/loja\/wp-json\/wp\/v2\/types\/product"}],"wp:featuredmedia":[{"embeddable":true,"href":"https:\/\/arduxop.com.br\/loja\/wp-json\/wp\/v2\/media\/18905"}],"wp:attachment":[{"href":"https:\/\/arduxop.com.br\/loja\/wp-json\/wp\/v2\/media?parent=18904"}],"wp:term":[{"taxonomy":"product_brand","embeddable":true,"href":"https:\/\/arduxop.com.br\/loja\/wp-json\/wp\/v2\/product_brand?post=18904"},{"taxonomy":"product_cat","embeddable":true,"href":"https:\/\/arduxop.com.br\/loja\/wp-json\/wp\/v2\/product_cat?post=18904"},{"taxonomy":"product_tag","embeddable":true,"href":"https:\/\/arduxop.com.br\/loja\/wp-json\/wp\/v2\/product_tag?post=18904"}],"curies":[{"name":"wp","href":"https:\/\/api.w.org\/{rel}","templated":true}]}}