{"id":18894,"date":"2025-10-14T15:33:31","date_gmt":"2025-10-14T19:33:31","guid":{"rendered":"https:\/\/arduxop.com.br\/loja\/?post_type=product&#038;p=18894"},"modified":"2025-10-14T15:33:31","modified_gmt":"2025-10-14T19:33:31","slug":"esp32-c3-devkitm-1-mini","status":"publish","type":"product","link":"https:\/\/arduxop.com.br\/loja\/produto\/esp32-c3-devkitm-1-mini\/","title":{"rendered":"ESP32-C3-DevKitM-1 Mini"},"content":{"rendered":"<p>wifi + bluetooth 5.0 internet, dupla entrada tipo C<\/p>\n<p>Desenvolvida para ser uma placa de baixo consumo energ\u00e9tico e alto poder de processamento, a Placa DevKitM-1 ESP32-C3 \u00e9 uma \u00f3tima solu\u00e7\u00e3o para os projetos de Internet das Coisas (IoT). Ela \u00e9 equipada com uma mem\u00f3ria Flash interna de 4MB, suporte para o Wi-Fi 2,4 GHz, Bluetooth 5 e Bluetooth LE. Com essas caracter\u00edsticas, \u00e9 uma \u00f3tima op\u00e7\u00e3o para projetos e aplica\u00e7\u00f5es como casas inteligentes, automa\u00e7\u00f5es industriais e agricultura inteligente.<\/p>\n<p>O ESP32-C3-MINI-1 possui arquitetura RISC-V de 32 bits e frequ\u00eancia de clock de at\u00e9 160 MHz, al\u00e9m de 400 KB de SRAM e 384 KB de ROM, al\u00e9m de suporte para mem\u00f3ria Flash externa atrav\u00e9s da SPI flash. Suporta diversas interfaces como: UART, I2C, SPI, PWM, ADC e DAC e tamb\u00e9m recursos avan\u00e7ados de seguran\u00e7a, incluindo criptografia de hardware AES-128\/256, SHA-2, RSA-3072, boot seguro e flash encriptado.<\/p>\n<p>A placa DevkitM-1 ESP32-C3 possui duas portas USB que permitem a atualiza\u00e7\u00e3o do firmware da placa diretamente atrav\u00e9s da porta USB que conecta diretamente ao ESP32, e a tamb\u00e9m atrav\u00e9s da porta USB que passa pelo conversor USB\/Serial utilizando a UART para comunica\u00e7\u00e3o com o ESP.<\/p>\n<p><strong>Principais Aplica\u00e7\u00f5es<\/strong><\/p>\n<p>Com sua capacidade de processamento elevada e suporte as conex\u00f5es Wi-Fi e Bluetooth, a Placa DevKitM-1 ESP32-C3 pode ser utilizada em diversos tipos de aplica\u00e7\u00f5es, trazendo integra\u00e7\u00e3o dos dispositivos ao IoT (Internet das coisas). Com isso, esta placa pode ser utilizada em aplica\u00e7\u00f5es como:<\/p>\n<p>&#8211; Automa\u00e7\u00e3o Residencial<br \/>\n&#8211; Automa\u00e7\u00e3o Industrial<br \/>\n&#8211; Agricultura Inteligente<br \/>\n&#8211; Projetos de Internet das coisas (IoT)<br \/>\n&#8211; Sistemas de Ilumina\u00e7\u00e3o<\/p>\n<p><b>\u00a0 \u00a0 \u00a0 \u00a0 \u00a0 \u00a0 \u00a0 \u00a0 \u00a0 \u00a0 \u00a0 \u00a0 \u00a0 \u00a0 \u00a0\u00a0<\/b><\/p>\n<p>&#8211; Modelo: DevKitM-1 ESP32-C3<br \/>\n&#8211; Chip: ESP32-C3FN4 &#8211; Single Core RISC-V de 32 bits com at\u00e9 160 MHz<br \/>\n&#8211; Mem\u00f3ria Flash: 4 MB<br \/>\n&#8211; Mem\u00f3ria ROM: 384 KB<br \/>\n&#8211; Mem\u00f3ria SRAM: 400 KB (16 KB dedicados ao cache)<br \/>\n&#8211; Mem\u00f3ria SRAM RTC: 8 KB<br \/>\n&#8211; Conex\u00e3o Wi-Fi: 2.4 GHz<br \/>\n&#8211; Wi-Fi: Suporte ao protocolo IEEE 802.11 b\/g\/n<br \/>\n&#8211; Largura de banda: 20 MHz e 40 MHz<br \/>\n&#8211; Bluetooth: Low Energy, Bluetooth 5, Bluetooth Mesh, modo de alta pot\u00eancia (18 dBM), suporte a taxas de 125 Kbps, 500 Kbps, 1 Mbps e 2 Mbps<br \/>\n&#8211; Antena: PCB integrada<br \/>\n&#8211; Taxa de dados de at\u00e9 150 Mbps<br \/>\n&#8211; Modos Station: SoftAP, Station+SoftAP e Promiscuous<br \/>\n&#8211; Seguran\u00e7a: Boot seguro, criptografia de flash, aceleradores de hardware criptogr\u00e1ficos, HMAC, assinatura digital<br \/>\n&#8211; Dual USB C<br \/>\n&#8211; GPIO: 22 portas program\u00e1veis<br \/>\n&#8211; 3 SPI, 2 UART, 1 I2C, 1 I2S<br \/>\n&#8211; Transceptor infravermelho com 2 canais de envio e 2 de recep\u00e7\u00e3o<br \/>\n&#8211; Controlador PWM de LED com at\u00e9 6 canais<br \/>\n&#8211; Porta serial USB de alta velocidade \/ controlador JTAG<br \/>\n&#8211; Controlador DMA Geral (GDMA) com 3 canais de recep\u00e7\u00e3o e 3 de transmiss\u00e3o.<br \/>\n&#8211; Controlador TWAI\u00ae, compat\u00edvel com ISO11898-1 (especifica\u00e7\u00e3o CAN 2.0)<br \/>\n&#8211; 2 conversores A\/D SAR de 12 bits, at\u00e9 6 canais<br \/>\n&#8211; Sensor de temperatura<br \/>\n&#8211; 2 temporizadores universais de 54 bits<br \/>\n&#8211; 1 temporizador de sistema de 52 bits<br \/>\n&#8211; 3 watchdog timers<\/p>\n","protected":false},"excerpt":{"rendered":"<p>wifi + bluetooth 5.0 internet, dupla entrada tipo C Desenvolvida para ser uma placa de baixo consumo energ\u00e9tico e alto poder de processamento, a Placa DevKitM-1 ESP32-C3 \u00e9 uma \u00f3tima solu\u00e7\u00e3o para os projetos de Internet das Coisas (IoT). Ela \u00e9 equipada com uma mem\u00f3ria Flash interna de 4MB, suporte para o Wi-Fi 2,4 GHz, [&hellip;]<\/p>\n","protected":false},"featured_media":18895,"template":"","meta":[],"product_brand":[],"product_cat":[193,411,50,180],"product_tag":[],"class_list":{"0":"post-18894","1":"product","2":"type-product","3":"status-publish","4":"has-post-thumbnail","6":"product_cat-bluetooth","7":"product_cat-sem-categoria","8":"product_cat-modulos","9":"product_cat-wifi","11":"entry","12":"has-media","14":"first","15":"instock","16":"shipping-taxable","17":"purchasable","18":"product-type-simple","19":"has-product-nav","20":"col","21":"span_1_of_3","22":"owp-content-center","23":"owp-thumbs-layout-horizontal","24":"owp-btn-normal","25":"owp-tabs-layout-horizontal"},"_links":{"self":[{"href":"https:\/\/arduxop.com.br\/loja\/wp-json\/wp\/v2\/product\/18894","targetHints":{"allow":["GET"]}}],"collection":[{"href":"https:\/\/arduxop.com.br\/loja\/wp-json\/wp\/v2\/product"}],"about":[{"href":"https:\/\/arduxop.com.br\/loja\/wp-json\/wp\/v2\/types\/product"}],"wp:featuredmedia":[{"embeddable":true,"href":"https:\/\/arduxop.com.br\/loja\/wp-json\/wp\/v2\/media\/18895"}],"wp:attachment":[{"href":"https:\/\/arduxop.com.br\/loja\/wp-json\/wp\/v2\/media?parent=18894"}],"wp:term":[{"taxonomy":"product_brand","embeddable":true,"href":"https:\/\/arduxop.com.br\/loja\/wp-json\/wp\/v2\/product_brand?post=18894"},{"taxonomy":"product_cat","embeddable":true,"href":"https:\/\/arduxop.com.br\/loja\/wp-json\/wp\/v2\/product_cat?post=18894"},{"taxonomy":"product_tag","embeddable":true,"href":"https:\/\/arduxop.com.br\/loja\/wp-json\/wp\/v2\/product_tag?post=18894"}],"curies":[{"name":"wp","href":"https:\/\/api.w.org\/{rel}","templated":true}]}}